{"id":46,"date":"2024-02-18T09:31:27","date_gmt":"2024-02-18T09:31:27","guid":{"rendered":"https:\/\/urbanjournalism.institute\/forecast-fr\/forecast-2024\/cities-in-2024\/what-to-expect-in-2024\/"},"modified":"2024-08-26T11:57:01","modified_gmt":"2024-08-26T11:57:01","slug":"what-to-expect-in-2024","status":"publish","type":"page","link":"https:\/\/urbanjournalism.institute\/forecast-fr\/forecast-2024\/cities-in-2024\/what-to-expect-in-2024\/","title":{"rendered":"Ce qui nous attend en 2024?"},"content":{"rendered":"\n<div class=\"wp-block-group pt-5\"><div class=\"wp-block-group__inner-container is-layout-constrained wp-block-group-is-layout-constrained\">\n<div class=\"wp-block-group is-vertical is-layout-flex wp-container-core-group-is-layout-8cf370e7 wp-block-group-is-layout-flex\">\n<h1 class=\"wp-block-heading\">CE QUI NOUS ATTEND EN 2024<\/h1>\n<\/div>\n\n\n\n<div class=\"wp-block-columns is-layout-flex wp-container-core-columns-is-layout-9d6595d7 wp-block-columns-is-layout-flex\">\n<div class=\"wp-block-column is-layout-flow wp-block-column-is-layout-flow\">\n<p>Alors que nous entrons dans l\u2019ann\u00e9e 2024, le paysage \u00e9conomique mondial appara\u00eet redoutable, avec des d\u00e9fis allant de la croissance atone et des crises de la dette en augmentation aux conflits croissants et aux d\u00e9sastres climatiques. Alors que certaines r\u00e9gions font preuve de r\u00e9silience, d\u2019autres subissent des revers significatifs, soulignant le besoin urgent d\u2019investissements audacieux dans le d\u00e9veloppement durable et l\u2019action climatique.<\/p>\n\n\n\n<p>La pand\u00e9mie de COVID-19 a exacerb\u00e9 les in\u00e9galit\u00e9s existantes, avec des \u00e9conomies d\u00e9velopp\u00e9es rebondissant tandis que les nations en d\u00e9veloppement peinent \u00e0 reprendre pied. Le <strong><em><a href=\"https:\/\/www.un.org\/development\/desa\/dpad\/wp-content\/uploads\/sites\/45\/WESP_2024_Web.pdf\" target=\"_blank\" rel=\"noreferrer noopener\">Rapport 2024 de la Situation \u00c9conomique et des Perspectives \u00c9conomiques Mondiales<\/a> des Nations Unies <\/em><\/strong>pr\u00e9voit une croissance mondiale de 2,4 % en 2024, bien en dessous des niveaux d\u2019avant la pand\u00e9mie (3,0 %).<\/p>\n\n\n\n<p>La crise de la dette qui s\u2019aggrave est une pr\u00e9occupation pressante, particuli\u00e8rement r\u00e9pandue dans les \u00e9conomies en d\u00e9veloppement. De nombreux pays croulent sous le poids de la dette, plus d\u2019un tiers \u00e9tant en risque de crise. Les taux d\u2019int\u00e9r\u00eat \u00e9lev\u00e9s, les conditions financi\u00e8res restrictives et le commerce international stagnant aggravent cette situation. <strong>Le cycle d\u2019investissement faible et la croissance lente menacent de faire d\u00e9railler les progr\u00e8s vers les Objectifs de D\u00e9veloppement Durable (ODD) sans intervention.<\/strong><\/p>\n\n\n\n<p>De plus, l\u2019impact du changement climatique se fait sentir de mani\u00e8re importante, avec des \u00e9v\u00e9nements m\u00e9t\u00e9orologiques extr\u00eames causant des ravages sur les \u00e9conomies du monde entier. Les investissements dans l\u2019action climatique et le d\u00e9veloppement durable sont en de\u00e7\u00e0 de ce qui est n\u00e9cessaire, exacerbant les <strong>vuln\u00e9rabilit\u00e9s des \u00e9conomies \u00e0 faible revenu et vuln\u00e9rables<\/strong>. Alors que nous assistons \u00e0 une augmentation de la <strong>faim, de la pauvret\u00e9 et des d\u00e9placements<\/strong>, une action urgente est n\u00e9cessaire pour att\u00e9nuer les effets du changement climatique et renforcer la r\u00e9silience.<\/p>\n\n\n\n<p>L\u2019inflation reste une pr\u00e9occupation, notamment dans les pays en d\u00e9veloppement o\u00f9 les taux d\u2019inflation annuels sont projet\u00e9s \u00e0 d\u00e9passer 10 % en 2024. <strong>L\u2019inflation \u00e9lev\u00e9e<\/strong> \u00e9rode les gains \u00e9conomiques et aggrave la pauvret\u00e9, soulignant le besoin de coop\u00e9ration mondiale pour faire face aux perturbations de l\u2019offre et aux pressions sur les prix.<\/p>\n\n\n\n<p>Selon<strong> Oxford Economics<\/strong>, la croissance des principaux indicateurs \u00e9conomiques (PIB, emploi et d\u00e9penses des consommateurs) sera probablement plus faible en 2024 qu\u2019en 2023 pour la plupart des villes du monde entier. <strong>Les villes du Pacifique asiatique <\/strong>devraient d\u00e9passer celles d\u2019Am\u00e9rique du Nord et d\u2019Europe, avec des villes indiennes montrant une r\u00e9silience gr\u00e2ce \u00e0 leurs forces dans les services num\u00e9riques, professionnels et de consommation. Cependant, en raison des ralentissements post-r\u00e9ouverture et des pr\u00e9occupations concernant le march\u00e9 immobilier, les villes chinoises pourraient rencontrer des d\u00e9fis.<\/p>\n<\/div>\n\n\n\n<div class=\"wp-block-column is-layout-flow wp-block-column-is-layout-flow\">\n<p>Selon Oxford Economics, la croissance des principaux indicateurs \u00e9conomiques (PIB, emploi et d\u00e9penses des consommateurs) sera probablement plus faible en 2024 qu\u2019en 2023 pour la plupart des villes du monde entier. Les villes du Pacifique asiatique devraient d\u00e9passer celles d\u2019Am\u00e9rique du Nord et d\u2019Europe, avec des villes indiennes montrant une r\u00e9silience gr\u00e2ce \u00e0 leurs forces dans les services num\u00e9riques, professionnels et de consommation.<\/p>\n\n\n\n<figure class=\"wp-block-image size-large\"><img decoding=\"async\" src=\"\/wp-content\/themes\/uji\/img\/mf24\/what-to-expect-in-2024-1.jpg\" alt=\"\" \/><figcaption class=\"wp-element-caption\"><br><em>\u00a9 Andri Wyss. Venice, Italy<\/em><\/figcaption><\/figure>\n<\/div>\n<\/div>\n\n\n\n<hr class=\"wp-block-separator has-alpha-channel-opacity is-style-wide my-10\" \/>\n\n\n\n<div class=\"wp-block-columns is-layout-flex wp-container-core-columns-is-layout-9d6595d7 wp-block-columns-is-layout-flex\">\n<div class=\"wp-block-column is-layout-flow wp-block-column-is-layout-flow\">\n<p><strong>Les villes africaines et du Moyen-Orient <\/strong>augmenteront leur taux de croissance au fil du temps alors qu\u2019elles commencent \u00e0 dominer les classements mondiaux de croissance \u00e9conomique urbaine. Selon Oxford Economics,<strong> les villes africaines seront les plus dynamiques jusqu\u2019en 2050<\/strong>, avec une croissance annuelle moyenne du PIB de 2,8 %, port\u00e9e par une population beaucoup plus jeune et 40 % de la population en 2025 provenant du continent africain.<\/p>\n\n\n\n<p>Cependant, ce seront <strong>les villes asiatiques qui contribueront le plus \u00e0 l\u2019\u00e9conomie mondiale<\/strong>, confirmant que l\u2019activit\u00e9 \u00e9conomique urbaine continuera de se d\u00e9placer vers l\u2019est, en direction de l\u2019Asie.<\/p>\n\n\n\n<p>Toutefois, <strong>le nombre de personnes vivant dans des bidonvilles et des \u00e9tablissements informels en Afrique, en Asie et en Am\u00e9rique latine d\u00e9passe toujours le milliard de personnes, dont pr\u00e8s de 500 millions d\u2019enfants.<\/strong> Dans les villes et les villages de pays tels que la Tanzanie, le Niger, l\u2019\u00c9thiopie, le Kenya et l\u2019Ouganda, entre 40 et 70 % de la population vit dans des \u00e9tablissements informels, une donn\u00e9e mise en \u00e9vidence par l\u2019Alliance des villes sur la base du Tableau de progression des Objectifs de D\u00e9veloppement Durable des Nations Unies pour 2022.<\/p>\n\n\n\n<p>Un <strong>Plan d\u2019Action Global<\/strong> pour acc\u00e9l\u00e9rer la transformation de cette r\u00e9alit\u00e9 dramatique devrait commencer \u00e0 b\u00e9n\u00e9ficier d\u2019un fort soutien en 2024 apr\u00e8s son approbation \u00e0 l\u2019Assembl\u00e9e de l\u2019ONU pour l\u2019Habitat en juin 2023. Habitat pour l\u2019Humanit\u00e9 et l\u2019Institut International pour l\u2019Environnement et le D\u00e9veloppement (IIED) ont rapport\u00e9 que <strong>l\u2019acc\u00e8s \u00e9quitable \u00e0 un logement ad\u00e9quat dans les \u00e9tablissements informels peut avoir un impact direct \u00abpouvant atteindre 10,5 % de croissance \u00e9conomique\u00bb.<\/strong><\/p>\n\n\n\n<p>Les politiques favorisant une croissance inclusive et traitant des in\u00e9galit\u00e9s seront plus imp\u00e9ratives que jamais. Cela inclut <strong>des investissements dans l\u2019\u00e9ducation, les soins de sant\u00e9 et la protection sociale pour garantir que personne ne soit laiss\u00e9 pour compte.<\/strong><\/p>\n<\/div>\n\n\n\n<div class=\"wp-block-column is-layout-flow wp-block-column-is-layout-flow\">\n<figure class=\"wp-block-image size-large\"><img decoding=\"async\" src=\"\/wp-content\/themes\/uji\/img\/mf24\/what-to-expect-in-2024-2.jpg\" alt=\"\" \/><figcaption class=\"wp-element-caption\"><br><em>\u00a9 Milos Hajder<\/em><\/figcaption><\/figure>\n<\/div>\n<\/div>\n\n\n\n<hr class=\"wp-block-separator has-alpha-channel-opacity is-style-wide my-10\" \/>\n\n\n\n<div class=\"wp-block-columns is-layout-flex wp-container-core-columns-is-layout-9d6595d7 wp-block-columns-is-layout-flex\">\n<div class=\"wp-block-column is-layout-flow wp-block-column-is-layout-flow\">\n<p>Le nombre de migrants continuera d\u2019augmenter, ajoutant aux facteurs socio-\u00e9conomiques, notamment la demande croissante de main-d\u2019\u0153uvre dans les pays aux populations vieillissantes et aux p\u00e9nuries de comp\u00e9tences, les migrants \u00abclimatiques\u00bb. Les derni\u00e8res donn\u00e9es du Centre de Suivi des D\u00e9placements Internes montrent que les catastrophes ont entra\u00een\u00e9<strong> un nombre sans pr\u00e9c\u00e9dent de 32,6 millions de nouveaux d\u00e9placements internes en 2022.<\/strong><\/p>\n\n\n\n<p>L\u2019Organisation Internationale pour les Migrations (OIM) a annonc\u00e9 son appel mondial pour 2024, mettant l\u2019accent sur l\u2019augmentation des catastrophes li\u00e9es au climat et les projections d\u2019un nombre croissant de personnes touch\u00e9es et potentiellement d\u00e9plac\u00e9es. Le tableau de bord <strong>des impacts de la <a href=\"https:\/\/www.migrationdataportal.org\/fr\/node\/12171\" target=\"_blank\" rel=\"noreferrer noopener\">mobilit\u00e9 climatique<\/a><\/strong> est une plateforme pour visualiser o\u00f9 l\u2019exposition aux dangers, la densit\u00e9 de population \u00e9lev\u00e9e et la vuln\u00e9rabilit\u00e9 \u00e9conomique sont projet\u00e9es pour co\u00efncider. Le Japon a d\u00e9j\u00e0 annonc\u00e9 son soutien au financement de projets de l\u2019OIM pour les communaut\u00e9s asiatiques au Myanmar, aux Philippines, au Sri Lanka, en Tha\u00eflande et au Timor-Leste affect\u00e9es par le changement climatique, notamment en raison du ph\u00e9nom\u00e8ne El Ni\u00f1o.<\/p>\n\n\n\n<p><strong>L\u2019Agenda de Bridgetown 2.0<\/strong>, successeur de l\u2019Agenda de Bridgetown de 2022, propos\u00e9 par la Premi\u00e8re Ministre barbadienne Mia Mottley, a \u00e9largi en 2023 son appel \u00e0 la finance et au commerce pour travailler ensemble afin de soutenir la transition juste et le passage vers des \u00e9conomies r\u00e9silientes \u00e0 faible \u00e9mission de carbone dans le Sud Global. L\u2019ann\u00e9e 2024 verra \u00e9merger l\u2019apparition d\u2019alliances g\u00e9opolitiques \u00abnouvelles\u00bb en \u00e9volution, comme l\u2019expansion des BRICS, ou l\u2019inclusion de l\u2019Union africaine en tant que membre permanent du G20.<\/p>\n\n\n\n<p><strong>La pauvret\u00e9, la faim et la s\u00e9curit\u00e9 alimentaire<\/strong> seront des pr\u00e9occupations majeures pour des millions de personnes. Le Programme Alimentaire Mondial a attir\u00e9 l\u2019attention sur le doublement du nombre de personnes affam\u00e9es au Soudan au cours de l\u2019ann\u00e9e \u00e9coul\u00e9e et la situation en \u00c9thiopie. Selon le <strong><a href=\"https:\/\/www.actionagainsthunger.org\/app\/uploads\/2024\/01\/Action-Against-Hunger-2024-Hunger-Funding-Gap-Report.pdf\" target=\"_blank\" rel=\"noreferrer noopener\"><em>Rapport sur l\u2019\u00c9cart de Financement de la Faim 2024<\/em><\/a><\/strong>, les pays confront\u00e9s \u00e0 des niveaux de faim \u00abde crise\u00bb n\u2019ont re\u00e7u que 35 % des fonds demand\u00e9s pour lutter contre la faim en 2023, ce qui entra\u00eene un \u00e9cart de financement de la faim de 65 %, en hausse de 23 % par rapport \u00e0 2022.<\/p>\n<\/div>\n\n\n\n<div class=\"wp-block-column is-layout-flow wp-block-column-is-layout-flow\">\n<p>Les efforts pour r\u00e9duire la pauvret\u00e9 et les in\u00e9galit\u00e9s de revenu ont r\u00e9alis\u00e9 des progr\u00e8s significatifs au cours des derni\u00e8res d\u00e9cennies, le pourcentage de la population mondiale vivant dans l\u2019extr\u00eame pauvret\u00e9 \u00e9tant pass\u00e9 d\u2019environ 36 % en 1990 \u00e0 9,2 % en 2022. Cependant, l\u2019objectif \u00abPas de Pauvret\u00e9\u00bb (ODD1) est encore loin.<strong> Les femmes et d\u2019autres groupes vuln\u00e9rables en subissent les cons\u00e9quences, avec pas moins de 15 millions de femmes suppl\u00e9mentaires vivant maintenant dans l\u2019extr\u00eame pauvret\u00e9.<\/strong><\/p>\n\n\n\n<p>L\u2019\u00e9cart en mati\u00e8re d\u2019\u00e9galit\u00e9 sera \u00e9galement au centre des pr\u00e9occupations en 2024, aucun indicateur de l\u2019ODD5 n\u2019ayant \u00e9t\u00e9 atteint et seulement quelques ann\u00e9es pour gagner du terrain afin d\u2019atteindre l\u2019Agenda 2030. Selon le Rapport sur l\u2019\u00c9cart Global entre les Sexes,<strong> l\u2019in\u00e9galit\u00e9 de genre co\u00fbte au monde environ 12 000 milliards de dollars de PIB mondial, \u00abcertains pays subissant jusqu\u2019\u00e0 une perte de 35 %.\u00bb<\/strong><\/p>\n\n\n\n<p>Les tendances d\u00e9crites soulignent l\u2019interconnexion des d\u00e9fis mondiaux et locaux et l\u2019imp\u00e9ratif de solutions collaboratives et prospectives. Faire face aux crises n\u00e9cessite de la volont\u00e9 politique et des efforts multiformes et concert\u00e9s pour combler les \u00e9carts, promouvoir l\u2019inclusivit\u00e9 et prioriser la durabilit\u00e9. Les gouvernements locaux et r\u00e9gionaux sont en premi\u00e8re ligne pour relever les d\u00e9fis et tester quotidiennement des <strong>partenariats public-priv\u00e9-population pour les surmonter.<\/strong><\/p>\n\n\n\n<figure class=\"wp-block-image size-large\"><img decoding=\"async\" src=\"\/wp-content\/themes\/uji\/img\/mf24\/what-to-expect-in-2024-3.jpg\" alt=\"\" \/><figcaption class=\"wp-element-caption\"><br><em>\u00a9 Ben Ostrower<\/em><\/figcaption><\/figure>\n<\/div>\n<\/div>\n<\/div><\/div>\n","protected":false},"excerpt":{"rendered":"<p>CE QUI NOUS ATTEND EN 2024 Alors que nous entrons dans l\u2019ann\u00e9e 2024, le paysage \u00e9conomique mondial appara\u00eet redoutable, avec des d\u00e9fis allant de la croissance atone et des crises de la dette en augmentation aux conflits croissants et aux d\u00e9sastres climatiques. Alors que certaines r\u00e9gions font preuve de r\u00e9silience, d\u2019autres subissent des revers significatifs, [&hellip;]<\/p>\n","protected":false},"author":1,"featured_media":0,"parent":44,"menu_order":10,"comment_status":"closed","ping_status":"closed","template":"","meta":{"footnotes":""},"class_list":["post-46","page","type-page","status-publish","hentry"],"yoast_head":"<!-- This site is optimized with the Yoast SEO plugin v27.0 - https:\/\/yoast.com\/product\/yoast-seo-wordpress\/ -->\n<title>Ce qui nous attend en 2024? - Municipal Forecast - Fran\u00e7ais<\/title>\n<meta name=\"robots\" content=\"index, follow, max-snippet:-1, max-image-preview:large, max-video-preview:-1\" \/>\n<link rel=\"canonical\" href=\"https:\/\/urbanjournalism.institute\/forecast-fr\/forecast-2024\/cities-in-2024\/what-to-expect-in-2024\/\" \/>\n<meta property=\"og:locale\" content=\"fr_FR\" \/>\n<meta property=\"og:type\" content=\"article\" \/>\n<meta property=\"og:title\" content=\"Ce qui nous attend en 2024? - Municipal Forecast - Fran\u00e7ais\" \/>\n<meta property=\"og:description\" content=\"CE QUI NOUS ATTEND EN 2024 Alors que nous entrons dans l\u2019ann\u00e9e 2024, le paysage \u00e9conomique mondial appara\u00eet redoutable, avec des d\u00e9fis allant de la croissance atone et des crises de la dette en augmentation aux conflits croissants et aux d\u00e9sastres climatiques. Alors que certaines r\u00e9gions font preuve de r\u00e9silience, d\u2019autres subissent des revers significatifs, [&hellip;]\" \/>\n<meta property=\"og:url\" content=\"https:\/\/urbanjournalism.institute\/forecast-fr\/forecast-2024\/cities-in-2024\/what-to-expect-in-2024\/\" \/>\n<meta property=\"og:site_name\" content=\"Municipal Forecast - Fran\u00e7ais\" \/>\n<meta property=\"article:modified_time\" content=\"2024-08-26T11:57:01+00:00\" \/>\n<meta name=\"twitter:card\" content=\"summary_large_image\" \/>\n<meta name=\"twitter:label1\" content=\"Dur\u00e9e de lecture estim\u00e9e\" \/>\n\t<meta name=\"twitter:data1\" content=\"8 minutes\" \/>\n<script type=\"application\/ld+json\" class=\"yoast-schema-graph\">{\"@context\":\"https:\/\/schema.org\",\"@graph\":[{\"@type\":\"WebPage\",\"@id\":\"https:\/\/urbanjournalism.institute\/forecast-fr\/forecast-2024\/cities-in-2024\/what-to-expect-in-2024\/\",\"url\":\"https:\/\/urbanjournalism.institute\/forecast-fr\/forecast-2024\/cities-in-2024\/what-to-expect-in-2024\/\",\"name\":\"Ce qui nous attend en 2024? - Municipal Forecast - Fran\u00e7ais\",\"isPartOf\":{\"@id\":\"https:\/\/urbanjournalism.institute\/forecast-fr\/#website\"},\"datePublished\":\"2024-02-18T09:31:27+00:00\",\"dateModified\":\"2024-08-26T11:57:01+00:00\",\"breadcrumb\":{\"@id\":\"https:\/\/urbanjournalism.institute\/forecast-fr\/forecast-2024\/cities-in-2024\/what-to-expect-in-2024\/#breadcrumb\"},\"inLanguage\":\"fr-FR\",\"potentialAction\":[{\"@type\":\"ReadAction\",\"target\":[\"https:\/\/urbanjournalism.institute\/forecast-fr\/forecast-2024\/cities-in-2024\/what-to-expect-in-2024\/\"]}]},{\"@type\":\"BreadcrumbList\",\"@id\":\"https:\/\/urbanjournalism.institute\/forecast-fr\/forecast-2024\/cities-in-2024\/what-to-expect-in-2024\/#breadcrumb\",\"itemListElement\":[{\"@type\":\"ListItem\",\"position\":1,\"name\":\"Forecast 2024\",\"item\":\"https:\/\/urbanjournalism.institute\/forecast-fr\/\"},{\"@type\":\"ListItem\",\"position\":2,\"name\":\"Les Villes en 2024\",\"item\":\"https:\/\/urbanjournalism.institute\/forecast-fr\/forecast-2024\/cities-in-2024\/\"},{\"@type\":\"ListItem\",\"position\":3,\"name\":\"Ce qui nous attend en 2024?\"}]},{\"@type\":\"WebSite\",\"@id\":\"https:\/\/urbanjournalism.institute\/forecast-fr\/#website\",\"url\":\"https:\/\/urbanjournalism.institute\/forecast-fr\/\",\"name\":\"Municipal Forecast - Fran\u00e7ais\",\"description\":\"\",\"potentialAction\":[{\"@type\":\"SearchAction\",\"target\":{\"@type\":\"EntryPoint\",\"urlTemplate\":\"https:\/\/urbanjournalism.institute\/forecast-fr\/?s={search_term_string}\"},\"query-input\":{\"@type\":\"PropertyValueSpecification\",\"valueRequired\":true,\"valueName\":\"search_term_string\"}}],\"inLanguage\":\"fr-FR\"}]}<\/script>\n<!-- \/ Yoast SEO plugin. -->","yoast_head_json":{"title":"Ce qui nous attend en 2024? - Municipal Forecast - Fran\u00e7ais","robots":{"index":"index","follow":"follow","max-snippet":"max-snippet:-1","max-image-preview":"max-image-preview:large","max-video-preview":"max-video-preview:-1"},"canonical":"https:\/\/urbanjournalism.institute\/forecast-fr\/forecast-2024\/cities-in-2024\/what-to-expect-in-2024\/","og_locale":"fr_FR","og_type":"article","og_title":"Ce qui nous attend en 2024? - Municipal Forecast - Fran\u00e7ais","og_description":"CE QUI NOUS ATTEND EN 2024 Alors que nous entrons dans l\u2019ann\u00e9e 2024, le paysage \u00e9conomique mondial appara\u00eet redoutable, avec des d\u00e9fis allant de la croissance atone et des crises de la dette en augmentation aux conflits croissants et aux d\u00e9sastres climatiques. Alors que certaines r\u00e9gions font preuve de r\u00e9silience, d\u2019autres subissent des revers significatifs, [&hellip;]","og_url":"https:\/\/urbanjournalism.institute\/forecast-fr\/forecast-2024\/cities-in-2024\/what-to-expect-in-2024\/","og_site_name":"Municipal Forecast - Fran\u00e7ais","article_modified_time":"2024-08-26T11:57:01+00:00","twitter_card":"summary_large_image","twitter_misc":{"Dur\u00e9e de lecture estim\u00e9e":"8 minutes"},"schema":{"@context":"https:\/\/schema.org","@graph":[{"@type":"WebPage","@id":"https:\/\/urbanjournalism.institute\/forecast-fr\/forecast-2024\/cities-in-2024\/what-to-expect-in-2024\/","url":"https:\/\/urbanjournalism.institute\/forecast-fr\/forecast-2024\/cities-in-2024\/what-to-expect-in-2024\/","name":"Ce qui nous attend en 2024? - Municipal Forecast - Fran\u00e7ais","isPartOf":{"@id":"https:\/\/urbanjournalism.institute\/forecast-fr\/#website"},"datePublished":"2024-02-18T09:31:27+00:00","dateModified":"2024-08-26T11:57:01+00:00","breadcrumb":{"@id":"https:\/\/urbanjournalism.institute\/forecast-fr\/forecast-2024\/cities-in-2024\/what-to-expect-in-2024\/#breadcrumb"},"inLanguage":"fr-FR","potentialAction":[{"@type":"ReadAction","target":["https:\/\/urbanjournalism.institute\/forecast-fr\/forecast-2024\/cities-in-2024\/what-to-expect-in-2024\/"]}]},{"@type":"BreadcrumbList","@id":"https:\/\/urbanjournalism.institute\/forecast-fr\/forecast-2024\/cities-in-2024\/what-to-expect-in-2024\/#breadcrumb","itemListElement":[{"@type":"ListItem","position":1,"name":"Forecast 2024","item":"https:\/\/urbanjournalism.institute\/forecast-fr\/"},{"@type":"ListItem","position":2,"name":"Les Villes en 2024","item":"https:\/\/urbanjournalism.institute\/forecast-fr\/forecast-2024\/cities-in-2024\/"},{"@type":"ListItem","position":3,"name":"Ce qui nous attend en 2024?"}]},{"@type":"WebSite","@id":"https:\/\/urbanjournalism.institute\/forecast-fr\/#website","url":"https:\/\/urbanjournalism.institute\/forecast-fr\/","name":"Municipal Forecast - Fran\u00e7ais","description":"","potentialAction":[{"@type":"SearchAction","target":{"@type":"EntryPoint","urlTemplate":"https:\/\/urbanjournalism.institute\/forecast-fr\/?s={search_term_string}"},"query-input":{"@type":"PropertyValueSpecification","valueRequired":true,"valueName":"search_term_string"}}],"inLanguage":"fr-FR"}]}},"_links":{"self":[{"href":"https:\/\/urbanjournalism.institute\/forecast-fr\/wp-json\/wp\/v2\/pages\/46","targetHints":{"allow":["GET"]}}],"collection":[{"href":"https:\/\/urbanjournalism.institute\/forecast-fr\/wp-json\/wp\/v2\/pages"}],"about":[{"href":"https:\/\/urbanjournalism.institute\/forecast-fr\/wp-json\/wp\/v2\/types\/page"}],"author":[{"embeddable":true,"href":"https:\/\/urbanjournalism.institute\/forecast-fr\/wp-json\/wp\/v2\/users\/1"}],"replies":[{"embeddable":true,"href":"https:\/\/urbanjournalism.institute\/forecast-fr\/wp-json\/wp\/v2\/comments?post=46"}],"version-history":[{"count":4,"href":"https:\/\/urbanjournalism.institute\/forecast-fr\/wp-json\/wp\/v2\/pages\/46\/revisions"}],"predecessor-version":[{"id":183,"href":"https:\/\/urbanjournalism.institute\/forecast-fr\/wp-json\/wp\/v2\/pages\/46\/revisions\/183"}],"up":[{"embeddable":true,"href":"https:\/\/urbanjournalism.institute\/forecast-fr\/wp-json\/wp\/v2\/pages\/44"}],"wp:attachment":[{"href":"https:\/\/urbanjournalism.institute\/forecast-fr\/wp-json\/wp\/v2\/media?parent=46"}],"curies":[{"name":"wp","href":"https:\/\/api.w.org\/{rel}","templated":true}]}}