{"id":47,"date":"2024-02-18T09:31:27","date_gmt":"2024-02-18T09:31:27","guid":{"rendered":"https:\/\/urbanjournalism.institute\/forecast-fr\/forecast-2024\/cities-in-2024\/global-trends-for-local-and-regional-governments\/"},"modified":"2024-02-18T17:19:00","modified_gmt":"2024-02-18T17:19:00","slug":"global-trends-for-local-and-regional-governments","status":"publish","type":"page","link":"https:\/\/urbanjournalism.institute\/forecast-fr\/forecast-2024\/cities-in-2024\/global-trends-for-local-and-regional-governments\/","title":{"rendered":"Tendances Mondiales pour les Collectivit\u00e9s Locales et Regionales"},"content":{"rendered":"\n<p>&nbsp;&nbsp;<\/p>\n\n\n\n<div class=\"wp-block-group pt-0 pb-5\"><div class=\"wp-block-group__inner-container is-layout-constrained wp-block-group-is-layout-constrained\">\n<h1 class=\"wp-block-heading\">Tendances Mondiales pour les Collectivit\u00e9s Locales et Regionales<\/h1>\n\n\n\n<p class=\"font-serif\"><em>\u00c9crit par ChatGPT (janvier 2024)<\/em><\/p>\n\n\n\n<p><em><em>L\u2019ann\u00e9e derni\u00e8re, dans la Pr\u00e9vision Municipale 2023, nous n\u2019avons pas pu r\u00e9sister \u00e0 la tentation d\u2019interroger ChatGPT sur les tendances mondiales pour les gouvernements locaux et r\u00e9gionaux. L\u2019envie est de retour, et nous devions absolument le refaire. Allez-y, consultez sa r\u00e9ponse et comparez-la avec ce que nous avons obtenu en 2023<\/em><\/em>.<\/p>\n<\/div><\/div>\n\n\n\n<figure class=\"wp-block-image size-large\"><img decoding=\"async\" src=\"\/wp-content\/themes\/uji\/img\/mf24\/global-trends-for-local-and-regional-governments-1.jpg\" alt=\"\" \/><\/figure>\n\n\n\n<div class=\"wp-block-columns p-10 gap-5 is-layout-flex wp-container-core-columns-is-layout-9d6595d7 wp-block-columns-is-layout-flex\">\n<div class=\"wp-block-column is-layout-flow wp-block-column-is-layout-flow\">\n<p><strong>1. Transformation Num\u00e9rique:<\/strong> Dans les ann\u00e9es \u00e0 venir, on s\u2019attend \u00e0 ce que les gouvernements locaux et r\u00e9gionaux acc\u00e9l\u00e8rent leurs initiatives de transformation num\u00e9rique. De l\u2019adoption de technologies de villes intelligentes \u00e0 l\u2019int\u00e9gration de l\u2019analyse de donn\u00e9es et de l\u2019intelligence artificielle, le paysage num\u00e9rique devient central pour une prestation de services efficace et une participation citoyenne. Les plateformes num\u00e9riques facilitant la communication, la participation et la transparence renforceront la confiance entre les gouvernements et leurs citoyens.<\/p>\n\n\n\n<p class=\"has-text-align-left\"><strong>2. Durabilit\u00e9 et R\u00e9silience:<\/strong> Priorit\u00e9 \u00e0 l\u2019avenir. \u00c0 mesure que la n\u00e9cessit\u00e9 de lutter contre le changement climatique devient plus \u00e9vidente, les gouvernements locaux et r\u00e9gionaux adoptent des initiatives de durabilit\u00e9 et de r\u00e9silience. Les investissements dans les \u00e9nergies renouvelables, l\u2019infrastructure verte et l\u2019urbanisme \u00e9cologique sont en hausse. Les gouvernements reconnaissent la n\u00e9cessit\u00e9 de construire des villes et des r\u00e9gions capables de r\u00e9sister aux d\u00e9fis environnementaux tout en favorisant une durabilit\u00e9 \u00e0 long terme.<\/p>\n\n\n\n<p class=\"has-text-align-left\"><strong>3. Partenariats Public-Priv\u00e9 (PPP):<\/strong> Les collaborations entre les secteurs public et priv\u00e9 deviennent de plus en plus courantes \u00e0 mesure que les gouvernements recherchent des solutions innovantes \u00e0 des d\u00e9fis complexes. Les partenariats public-priv\u00e9 (PPP) sont exploit\u00e9s pour le d\u00e9veloppement de l\u2019infrastructure, la mise en \u0153uvre de la technologie et la prestation de services publics. De telles collaborations permettent le partage des ressources, de l\u2019expertise et des risques, conduisant \u00e0 une gouvernance plus efficace et efficiente.<\/p>\n<\/div>\n\n\n\n<div class=\"wp-block-column is-layout-flow wp-block-column-is-layout-flow\">\n<p class=\"has-text-align-left\"><strong>4. D\u00e9centralisation et Autonomisation Locale:<\/strong> Certaines r\u00e9gions assistent \u00e0 un changement vers la d\u00e9centralisation, donnant aux gouvernements locaux une plus grande autorit\u00e9 d\u00e9cisionnelle. Cette tendance implique la d\u00e9l\u00e9gation de pouvoirs, l\u2019octroi d\u2019autonomie fiscale et l\u2019augmentation des responsabilit\u00e9s pour faire face aux probl\u00e8mes locaux. Ce faisant, les gouvernements cherchent \u00e0 favoriser une connexion plus profonde entre les d\u00e9cideurs et les communaut\u00e9s qu\u2019ils desservent.<\/p>\n\n\n\n<p class=\"has-text-align-left\"><strong>5. Gouvernance Inclusive:<\/strong> L\u2019appel \u00e0 une gouvernance inclusive prend de l\u2019ampleur, mettant l\u2019accent sur l\u2019assurance d\u2019un acc\u00e8s \u00e9quitable aux ressources, aux services et aux opportunit\u00e9s pour tous les membres de la communaut\u00e9. Les gouvernements s\u2019efforcent de repr\u00e9senter les voix diverses de leurs juridictions, favorisant un sentiment d\u2019appartenance et d\u2019engagement communautaire.<\/p>\n\n\n\n<p class=\"has-text-align-left\"><strong>6. Pr\u00e9paration aux Crises Sanitaires:<\/strong> Les exp\u00e9riences des crises sanitaires mondiales, telles que la pand\u00e9mie de COVID-19, ont soulign\u00e9 l\u2019importance de la pr\u00e9paration aux crises sanitaires. On s\u2019attend \u00e0 ce que les gouvernements locaux et r\u00e9gionaux investissent dans l\u2019infrastructure de sant\u00e9, les syst\u00e8mes de donn\u00e9es et les m\u00e9canismes de coordination pour r\u00e9pondre efficacement aux d\u00e9fis sanitaires futurs.<\/p>\n<\/div>\n\n\n\n<div class=\"wp-block-column is-layout-flow wp-block-column-is-layout-flow\">\n<p class=\"has-text-align-left\"><strong>7. Engagement Communautaire et Transparence:<\/strong> Les citoyens demandent une transparence accrue et une participation active dans les processus d\u00e9cisionnels. Les gouvernements locaux et r\u00e9gionaux r\u00e9agissent en investissant dans des technologies et des strat\u00e9gies qui am\u00e9liorent la communication recueillent les avis du public et renforcent la confiance avec leurs communaut\u00e9s. Le dialogue ouvert et l\u2019information accessible deviennent des composants essentiels de la gouvernance efficace.<\/p>\n\n\n\n<p class=\"has-text-align-left\"><strong>8. Transformation de la Main-d\u2019\u0152uvre:<\/strong> Les gouvernements s\u2019adaptent aux changements dans la main-d\u2019\u0153uvre en int\u00e9grant des options de travail \u00e0 distance, en perfectionnant les comp\u00e9tences des employ\u00e9s et en tirant parti de la technologie pour des op\u00e9rations plus efficaces et flexibles. La transformation de la main-d\u2019\u0153uvre est cruciale pour maintenir l\u2019agilit\u00e9 et garantir que les gouvernements locaux et r\u00e9gionaux peuvent r\u00e9pondre efficacement aux besoins \u00e9volutifs de leurs communaut\u00e9s.<\/p>\n\n\n\n<p class=\"has-text-align-left\"><strong>9. S\u00e9curit\u00e9 et Cybers\u00e9curit\u00e9: <\/strong>Avec des syst\u00e8mes num\u00e9riques int\u00e9gr\u00e9s \u00e0 la gouvernance, un accent accru sur la cybers\u00e9curit\u00e9 est primordial. Les gouvernements locaux et r\u00e9gionaux doivent investir dans des mesures de s\u00e9curit\u00e9 robustes pour prot\u00e9ger les donn\u00e9es sensibles et assurer l\u2019int\u00e9grit\u00e9 des op\u00e9rations gouvernementales \u00e0 une \u00e9poque de menaces cybern\u00e9tiques en constante \u00e9volution.<\/p>\n<\/div>\n<\/div>\n","protected":false},"excerpt":{"rendered":"<p>&nbsp;&nbsp; Tendances Mondiales pour les Collectivit\u00e9s Locales et Regionales \u00c9crit par ChatGPT (janvier 2024) L\u2019ann\u00e9e derni\u00e8re, dans la Pr\u00e9vision Municipale 2023, nous n\u2019avons pas pu r\u00e9sister \u00e0 la tentation d\u2019interroger ChatGPT sur les tendances mondiales pour les gouvernements locaux et r\u00e9gionaux. L\u2019envie est de retour, et nous devions absolument le refaire. Allez-y, consultez sa r\u00e9ponse [&hellip;]<\/p>\n","protected":false},"author":1,"featured_media":0,"parent":44,"menu_order":20,"comment_status":"closed","ping_status":"closed","template":"","meta":{"footnotes":""},"class_list":["post-47","page","type-page","status-publish","hentry"],"yoast_head":"<!-- This site is optimized with the Yoast SEO plugin v27.0 - https:\/\/yoast.com\/product\/yoast-seo-wordpress\/ -->\n<title>Tendances Mondiales pour les Collectivit\u00e9s Locales et Regionales - Municipal Forecast - Fran\u00e7ais<\/title>\n<meta name=\"robots\" content=\"index, follow, max-snippet:-1, max-image-preview:large, max-video-preview:-1\" \/>\n<link rel=\"canonical\" href=\"https:\/\/urbanjournalism.institute\/forecast-fr\/forecast-2024\/cities-in-2024\/global-trends-for-local-and-regional-governments\/\" \/>\n<meta property=\"og:locale\" content=\"fr_FR\" \/>\n<meta property=\"og:type\" content=\"article\" \/>\n<meta property=\"og:title\" content=\"Tendances Mondiales pour les Collectivit\u00e9s Locales et Regionales - Municipal Forecast - Fran\u00e7ais\" \/>\n<meta property=\"og:description\" content=\"&nbsp;&nbsp; Tendances Mondiales pour les Collectivit\u00e9s Locales et Regionales \u00c9crit par ChatGPT (janvier 2024) L\u2019ann\u00e9e derni\u00e8re, dans la Pr\u00e9vision Municipale 2023, nous n\u2019avons pas pu r\u00e9sister \u00e0 la tentation d\u2019interroger ChatGPT sur les tendances mondiales pour les gouvernements locaux et r\u00e9gionaux. L\u2019envie est de retour, et nous devions absolument le refaire. Allez-y, consultez sa r\u00e9ponse [&hellip;]\" \/>\n<meta property=\"og:url\" content=\"https:\/\/urbanjournalism.institute\/forecast-fr\/forecast-2024\/cities-in-2024\/global-trends-for-local-and-regional-governments\/\" \/>\n<meta property=\"og:site_name\" content=\"Municipal Forecast - Fran\u00e7ais\" \/>\n<meta property=\"article:modified_time\" content=\"2024-02-18T17:19:00+00:00\" \/>\n<meta name=\"twitter:card\" content=\"summary_large_image\" \/>\n<meta name=\"twitter:label1\" content=\"Dur\u00e9e de lecture estim\u00e9e\" \/>\n\t<meta name=\"twitter:data1\" content=\"4 minutes\" \/>\n<script type=\"application\/ld+json\" class=\"yoast-schema-graph\">{\"@context\":\"https:\/\/schema.org\",\"@graph\":[{\"@type\":\"WebPage\",\"@id\":\"https:\/\/urbanjournalism.institute\/forecast-fr\/forecast-2024\/cities-in-2024\/global-trends-for-local-and-regional-governments\/\",\"url\":\"https:\/\/urbanjournalism.institute\/forecast-fr\/forecast-2024\/cities-in-2024\/global-trends-for-local-and-regional-governments\/\",\"name\":\"Tendances Mondiales pour les Collectivit\u00e9s Locales et Regionales - Municipal Forecast - Fran\u00e7ais\",\"isPartOf\":{\"@id\":\"https:\/\/urbanjournalism.institute\/forecast-fr\/#website\"},\"datePublished\":\"2024-02-18T09:31:27+00:00\",\"dateModified\":\"2024-02-18T17:19:00+00:00\",\"breadcrumb\":{\"@id\":\"https:\/\/urbanjournalism.institute\/forecast-fr\/forecast-2024\/cities-in-2024\/global-trends-for-local-and-regional-governments\/#breadcrumb\"},\"inLanguage\":\"fr-FR\",\"potentialAction\":[{\"@type\":\"ReadAction\",\"target\":[\"https:\/\/urbanjournalism.institute\/forecast-fr\/forecast-2024\/cities-in-2024\/global-trends-for-local-and-regional-governments\/\"]}]},{\"@type\":\"BreadcrumbList\",\"@id\":\"https:\/\/urbanjournalism.institute\/forecast-fr\/forecast-2024\/cities-in-2024\/global-trends-for-local-and-regional-governments\/#breadcrumb\",\"itemListElement\":[{\"@type\":\"ListItem\",\"position\":1,\"name\":\"Forecast 2024\",\"item\":\"https:\/\/urbanjournalism.institute\/forecast-fr\/\"},{\"@type\":\"ListItem\",\"position\":2,\"name\":\"Les Villes en 2024\",\"item\":\"https:\/\/urbanjournalism.institute\/forecast-fr\/forecast-2024\/cities-in-2024\/\"},{\"@type\":\"ListItem\",\"position\":3,\"name\":\"Tendances Mondiales pour les Collectivit\u00e9s Locales et Regionales\"}]},{\"@type\":\"WebSite\",\"@id\":\"https:\/\/urbanjournalism.institute\/forecast-fr\/#website\",\"url\":\"https:\/\/urbanjournalism.institute\/forecast-fr\/\",\"name\":\"Municipal Forecast - Fran\u00e7ais\",\"description\":\"\",\"potentialAction\":[{\"@type\":\"SearchAction\",\"target\":{\"@type\":\"EntryPoint\",\"urlTemplate\":\"https:\/\/urbanjournalism.institute\/forecast-fr\/?s={search_term_string}\"},\"query-input\":{\"@type\":\"PropertyValueSpecification\",\"valueRequired\":true,\"valueName\":\"search_term_string\"}}],\"inLanguage\":\"fr-FR\"}]}<\/script>\n<!-- \/ Yoast SEO plugin. -->","yoast_head_json":{"title":"Tendances Mondiales pour les Collectivit\u00e9s Locales et Regionales - Municipal Forecast - Fran\u00e7ais","robots":{"index":"index","follow":"follow","max-snippet":"max-snippet:-1","max-image-preview":"max-image-preview:large","max-video-preview":"max-video-preview:-1"},"canonical":"https:\/\/urbanjournalism.institute\/forecast-fr\/forecast-2024\/cities-in-2024\/global-trends-for-local-and-regional-governments\/","og_locale":"fr_FR","og_type":"article","og_title":"Tendances Mondiales pour les Collectivit\u00e9s Locales et Regionales - Municipal Forecast - Fran\u00e7ais","og_description":"&nbsp;&nbsp; Tendances Mondiales pour les Collectivit\u00e9s Locales et Regionales \u00c9crit par ChatGPT (janvier 2024) L\u2019ann\u00e9e derni\u00e8re, dans la Pr\u00e9vision Municipale 2023, nous n\u2019avons pas pu r\u00e9sister \u00e0 la tentation d\u2019interroger ChatGPT sur les tendances mondiales pour les gouvernements locaux et r\u00e9gionaux. L\u2019envie est de retour, et nous devions absolument le refaire. Allez-y, consultez sa r\u00e9ponse [&hellip;]","og_url":"https:\/\/urbanjournalism.institute\/forecast-fr\/forecast-2024\/cities-in-2024\/global-trends-for-local-and-regional-governments\/","og_site_name":"Municipal Forecast - Fran\u00e7ais","article_modified_time":"2024-02-18T17:19:00+00:00","twitter_card":"summary_large_image","twitter_misc":{"Dur\u00e9e de lecture estim\u00e9e":"4 minutes"},"schema":{"@context":"https:\/\/schema.org","@graph":[{"@type":"WebPage","@id":"https:\/\/urbanjournalism.institute\/forecast-fr\/forecast-2024\/cities-in-2024\/global-trends-for-local-and-regional-governments\/","url":"https:\/\/urbanjournalism.institute\/forecast-fr\/forecast-2024\/cities-in-2024\/global-trends-for-local-and-regional-governments\/","name":"Tendances Mondiales pour les Collectivit\u00e9s Locales et Regionales - Municipal Forecast - Fran\u00e7ais","isPartOf":{"@id":"https:\/\/urbanjournalism.institute\/forecast-fr\/#website"},"datePublished":"2024-02-18T09:31:27+00:00","dateModified":"2024-02-18T17:19:00+00:00","breadcrumb":{"@id":"https:\/\/urbanjournalism.institute\/forecast-fr\/forecast-2024\/cities-in-2024\/global-trends-for-local-and-regional-governments\/#breadcrumb"},"inLanguage":"fr-FR","potentialAction":[{"@type":"ReadAction","target":["https:\/\/urbanjournalism.institute\/forecast-fr\/forecast-2024\/cities-in-2024\/global-trends-for-local-and-regional-governments\/"]}]},{"@type":"BreadcrumbList","@id":"https:\/\/urbanjournalism.institute\/forecast-fr\/forecast-2024\/cities-in-2024\/global-trends-for-local-and-regional-governments\/#breadcrumb","itemListElement":[{"@type":"ListItem","position":1,"name":"Forecast 2024","item":"https:\/\/urbanjournalism.institute\/forecast-fr\/"},{"@type":"ListItem","position":2,"name":"Les Villes en 2024","item":"https:\/\/urbanjournalism.institute\/forecast-fr\/forecast-2024\/cities-in-2024\/"},{"@type":"ListItem","position":3,"name":"Tendances Mondiales pour les Collectivit\u00e9s Locales et Regionales"}]},{"@type":"WebSite","@id":"https:\/\/urbanjournalism.institute\/forecast-fr\/#website","url":"https:\/\/urbanjournalism.institute\/forecast-fr\/","name":"Municipal Forecast - Fran\u00e7ais","description":"","potentialAction":[{"@type":"SearchAction","target":{"@type":"EntryPoint","urlTemplate":"https:\/\/urbanjournalism.institute\/forecast-fr\/?s={search_term_string}"},"query-input":{"@type":"PropertyValueSpecification","valueRequired":true,"valueName":"search_term_string"}}],"inLanguage":"fr-FR"}]}},"_links":{"self":[{"href":"https:\/\/urbanjournalism.institute\/forecast-fr\/wp-json\/wp\/v2\/pages\/47","targetHints":{"allow":["GET"]}}],"collection":[{"href":"https:\/\/urbanjournalism.institute\/forecast-fr\/wp-json\/wp\/v2\/pages"}],"about":[{"href":"https:\/\/urbanjournalism.institute\/forecast-fr\/wp-json\/wp\/v2\/types\/page"}],"author":[{"embeddable":true,"href":"https:\/\/urbanjournalism.institute\/forecast-fr\/wp-json\/wp\/v2\/users\/1"}],"replies":[{"embeddable":true,"href":"https:\/\/urbanjournalism.institute\/forecast-fr\/wp-json\/wp\/v2\/comments?post=47"}],"version-history":[{"count":1,"href":"https:\/\/urbanjournalism.institute\/forecast-fr\/wp-json\/wp\/v2\/pages\/47\/revisions"}],"predecessor-version":[{"id":82,"href":"https:\/\/urbanjournalism.institute\/forecast-fr\/wp-json\/wp\/v2\/pages\/47\/revisions\/82"}],"up":[{"embeddable":true,"href":"https:\/\/urbanjournalism.institute\/forecast-fr\/wp-json\/wp\/v2\/pages\/44"}],"wp:attachment":[{"href":"https:\/\/urbanjournalism.institute\/forecast-fr\/wp-json\/wp\/v2\/media?parent=47"}],"curies":[{"name":"wp","href":"https:\/\/api.w.org\/{rel}","templated":true}]}}