{"id":51,"date":"2024-02-18T09:31:27","date_gmt":"2024-02-18T09:31:27","guid":{"rendered":"https:\/\/urbanjournalism.institute\/forecast-fr\/forecast-2024\/local-multilateralism\/"},"modified":"2024-03-06T10:51:48","modified_gmt":"2024-03-06T10:51:48","slug":"local-multilateralism","status":"publish","type":"page","link":"https:\/\/urbanjournalism.institute\/forecast-fr\/forecast-2024\/local-multilateralism\/","title":{"rendered":"Multilat\u00e9ralisme Local"},"content":{"rendered":"\n<header class=\"wp-block-group pt-5\"><div class=\"wp-block-group__inner-container is-layout-constrained wp-block-group-is-layout-constrained\">\n<h1 class=\"wp-block-heading has-x-large-font-size\">LE MULTILAT\u00c9RALISME <br>LOCAL EN 2024<\/h1>\n\n\n\n<h4 class=\"wp-block-heading\"><em><strong>O\u00f9 concentrer les efforts ?<\/strong><\/em><\/h4>\n<\/div><\/header>\n\n\n\n<div class=\"wp-block-columns are-vertically-aligned-top gap-0 equal-heights is-layout-flex wp-container-core-columns-is-layout-9d6595d7 wp-block-columns-is-layout-flex\">\n<div class=\"wp-block-column is-vertically-aligned-top is-layout-flow wp-block-column-is-layout-flow\">\n<figure class=\"wp-block-image size-large\"><img decoding=\"async\" src=\"\/wp-content\/themes\/uji\/img\/mf24\/local-multilateralism.jpg\" alt=\"\" \/><figcaption class=\"wp-element-caption\"><em>\u00a9Antenna<\/em><\/figcaption><\/figure>\n<\/div>\n\n\n\n<div class=\"wp-block-column is-vertically-aligned-top px-10 is-layout-flow wp-block-column-is-layout-flow\">\n<p>La r\u00e9flexion sur le multilat\u00e9ralisme et la gouvernance mondiale est reconnue comme une n\u00e9cessit\u00e9 par la plupart des acteurs dirigeants des principales institutions h\u00e9rit\u00e9es du syst\u00e8me de l\u2019apr\u00e8s-Seconde Guerre mondiale. Le Secr\u00e9taire g\u00e9n\u00e9ral des Nations Unies, Ant\u00f3nio Guterres, a \u00e9t\u00e9 l\u2019une des voix les plus actives pour acc\u00e9l\u00e9rer le changement et mobiliser les \u00c9tats membres, les experts et les parties prenantes afin de proposer des adaptations aux syst\u00e8mes \u00e0 la r\u00e9alit\u00e9 mondiale actuelle.<\/p>\n\n\n\n<p>Juillet 2024 marquera les 80 ans de la Conf\u00e9rence de Bretton Woods et de la cr\u00e9ation du Groupe de la Banque mondiale et du Fonds mon\u00e9taire international. Affirmer que les syst\u00e8mes cr\u00e9\u00e9s dans un contexte g\u00e9opolitique d\u00e9connect\u00e9 du pr\u00e9sent sont d\u00e9pass\u00e9s est une n\u00e9gligence dangereuse.<\/p>\n\n\n\n<p>Au cours de la derni\u00e8re d\u00e9cennie, les gouvernements locaux et r\u00e9gionaux ont acquis un espace sans pr\u00e9c\u00e9dent pour un dialogue ouvert et des contributions aux Nations Unies. Cependant, traduire ces espaces en accords formels reste un d\u00e9fi de taille, en particulier dans un contexte de nationalisme croissant et d\u2019approches conservatrices.<\/p>\n\n\n\n<p><strong>\u00c0 six ans seulement de 2030, la localisation est plus importante que jamais<\/strong>. Il existe d\u2019innombrables solutions pour le logement inaccessible, la hausse du co\u00fbt de la vie, les effets du changement climatique, le manque de services de base et les conflits persistants.<\/p>\n\n\n\n<p>En rendant les objectifs de d\u00e9veloppement durable (ODD) concrets et en les localisant, il est possible de responsabiliser les parties prenantes locales et d\u2019encourager la participation citoyenne. \u00c0 travers des outils tels que le budget participatif, le d\u00e9veloppement durable peut devenir plus r\u00e9actif aux besoins locaux, ayant un impact positif sur les petites communaut\u00e9s et les m\u00e9galopoles tentaculaires.<\/p>\n<\/div>\n<\/div>\n\n\n\n<div class=\"wp-block-group narrow-group\"><div class=\"wp-block-group__inner-container is-layout-constrained wp-block-group-is-layout-constrained\">\n<p>Le <strong>Sommet de l\u2019Avenir des Nations Unies<\/strong>, propos\u00e9 dans le rapport \u00abNotre programme commun\u00bb du Secr\u00e9taire g\u00e9n\u00e9ral des Nations Unies, vise \u00e0 \u00e9tablir un nouveau consensus mondial pour un avenir partag\u00e9 et les actions n\u00e9cessaires pour le s\u00e9curiser. Le Sommet se tiendra en septembre 2024 et est consid\u00e9r\u00e9 comme une opportunit\u00e9 unique pour reconstruire la confiance et renforcer la coop\u00e9ration internationale. Le principal r\u00e9sultat du Sommet pour l\u2019avenir sera un document d\u2019action n\u00e9goci\u00e9 et orient\u00e9 vers l\u2019action, intitul\u00e9 \u00ab<strong>Pacte pour l\u2019avenir<\/strong>\u00bb, qui envisage l\u2019avenir du syst\u00e8me multilat\u00e9ral pour les 25 prochaines ann\u00e9es et qui devrait \u00eatre adopt\u00e9 avant et pendant le Sommet de septembre 2024.<\/p>\n\n\n\n<p><strong>L\u2019avant-projet<\/strong> (<em>zero draft<\/em>) <strong>du Pacte pour l\u2019avenir<\/strong> a \u00e9t\u00e9 publi\u00e9 le 26 janvier 2024 par les copr\u00e9sidents du processus pr\u00e9paratoire intergouvernemental du Sommet, les repr\u00e9sentants permanents de l\u2019Allemagne et de la Namibie. Dans le cadre des contributions re\u00e7ues, il inclut les <a href=\"https:\/\/www.un.org\/sites\/un2.un.org\/files\/sof-local-authorities-major-group-input-zero-draft-pact-for-future.pdf\" target=\"_blank\" rel=\"noreferrer noopener\">contributions \u00e9crites<\/a> du Groupe Majeur des Autorit\u00e9s Locales, rassembl\u00e9es au sein du Groupe de Travail Mondial des Gouvernements Locaux et R\u00e9gionaux (Global Taskforce), facilit\u00e9e par CGLU.<\/p>\n\n\n\n<p>Un processus de consultation avec les parties prenantes a \u00e9t\u00e9 propos\u00e9 avec la publication de l\u2019avant-projet \u00abpour compl\u00e9ter les consultations intergouvernementales et garantir que diverses voix et perspectives peuvent contribuer\u00bb.<\/p>\n\n\n\n<p>Une <strong>consultation virtuelle avec les principaux groupes, d\u2019autres parties prenantes et des repr\u00e9sentants de la soci\u00e9t\u00e9 civile<\/strong> aura lieu le 21 f\u00e9vrier 2024. La date limite pour les commentaires sur l\u2019avant-projet du Pacte pour l\u2019avenir est le 12 f\u00e9vrier 2024. Une Conf\u00e9rence de la soci\u00e9t\u00e9 civile des Nations Unies aura lieu \u00e0 Nairobi (Kenya) du 9 au 11 mai 2024, et ses d\u00e9lib\u00e9rations et r\u00e9sultats seront une contribution pr\u00e9cieuse \u00e0 l\u2019issue du Sommet de l\u2019avenir.<\/p>\n\n\n\n<p>Dans la version initiale de l\u2019avant-projet, un engagement \u00e0 faciliter une participation plus structur\u00e9 et inclusive des gouvernements locaux au sein du Conseil \u00e9conomique et social des Nations Unies (ECOSOC) et de ses commissions fonctionnelles et r\u00e9gionales est inclus.<\/p>\n\n\n\n<p>La communaut\u00e9 des gouvernements locaux et r\u00e9gionaux participe particuli\u00e8rement au processus \u00e0 travers le \u00ab<strong>Groupe consultatif sur les gouvernements locaux et r\u00e9gionaux<\/strong>\u00bb, un groupe compos\u00e9 de vingt membres, dont quinze repr\u00e9sentent les gouvernements locaux et r\u00e9gionaux, pour renforcer la collaboration entre les Nations Unies et les gouvernements locaux et r\u00e9gionaux en mettant l\u2019accent sur le renforcement de leur engagement dans les processus intergouvernementaux des Nations Unies. Les copr\u00e9sidents sont le Pr\u00e9sident de la R\u00e9gion de Nouakchott (Mauritanie) et le Secr\u00e9taire d\u2019\u00c9tat \u00e0 la Coop\u00e9ration internationale de l\u2019Espagne.<\/p>\n<\/div><\/div>\n\n\n\n<figure class=\"wp-block-image size-large\"><img decoding=\"async\" src=\"\/wp-content\/themes\/uji\/img\/mf24\/local-multilateralism-2.jpg\" alt=\"\" \/><figcaption class=\"wp-element-caption\"><br><em>\u00a9 UCLG<\/em><\/figcaption><\/figure>\n\n\n\n<div class=\"wp-block-group narrow-group\"><div class=\"wp-block-group__inner-container is-layout-constrained wp-block-group-is-layout-constrained\">\n<p>Lors du lancement du Groupe consultatif en octobre 2023, Guterres, le Secr\u00e9taire g\u00e9n\u00e9ral des Nations Unies, a r\u00e9affirm\u00e9 la d\u00e9termination des Nations Unies \u00ab<strong>\u00e0 \u00e9tablir un lien fort entre le syst\u00e8me multilat\u00e9ral et les autorit\u00e9s locales et infranationales, ind\u00e9pendamment de la nature intergouvernementale du syst\u00e8me<\/strong>\u00bb. Il a \u00e9galement reconnu qu\u2019il \u00aby a une certaine r\u00e9sistance de nombreux gouvernements \u00e0 adopter des approches multipartites, y compris les autorit\u00e9s locales [et] les soci\u00e9t\u00e9s civiles\u00bb.<\/p>\n\n\n\n<p>Avant le Sommet de l\u2019avenir, le Forum politique de haut niveau (FPHN) 2024 se tiendra en juillet 2024 sous le th\u00e8me \u00abRenforcer l\u2019Agenda 2030 et \u00e9radiquer la pauvret\u00e9 en p\u00e9riode de crises multiples : La fourniture efficace de solutions durables, r\u00e9silientes et innovantes\u00bb, examinant cinq des Objectifs de d\u00e9veloppement durable : ODD 1 (Pas de pauvret\u00e9), ODD 2 (Faim z\u00e9ro), ODD 13 (Action pour le climat), ODD 16 (Paix, justice et institutions efficaces) et ODD 17 (Partenariats pour les objectifs).<\/p>\n\n\n\n<p>En parall\u00e8le des n\u00e9gociations sur le Pacte pour l\u2019avenir, plusieurs \u00e9tapes cl\u00e9s sont en cours en vue de 2025, telles que la pr\u00e9paration de la<strong> quatri\u00e8me conf\u00e9rence internationale sur le financement du d\u00e9veloppement et le Sommet mondial pour le d\u00e9veloppement social.<\/strong><\/p>\n<\/div><\/div>\n\n\n\n<blockquote class=\"wp-block-quote has-vivid-cyan-blue-color has-light-green-cyan-background-color has-text-color has-background is-layout-flow wp-block-quote-is-layout-flow\">\n<p><strong><em>\u201cLes leaders locaux sont essentiels pour des solutions globales. Vous \u00eates un maillon essentiel dans la cha\u00eene de propri\u00e9t\u00e9 et de confiance entre les institutions multilat\u00e9rales et les personnes que nous servons tous.\u201d<\/em><\/strong><\/p>\n\n\n\n<p><strong><em>\u201cJe dirais que le r\u00f4le du pouvoir local peut m\u00eame \u00eatre plus important que celui du pouvoir national pour la vie politique d\u2019un pays, \u00e0 plusieurs \u00e9gards.\u201d<\/em><\/strong><\/p>\n<cite><br>Ant\u00f3nio Guterres, Secr\u00e9taire g\u00e9n\u00e9ral des Nations Unies<br><\/cite><\/blockquote>\n","protected":false},"excerpt":{"rendered":"<p>LE MULTILAT\u00c9RALISME LOCAL EN 2024 O\u00f9 concentrer les efforts ? La r\u00e9flexion sur le multilat\u00e9ralisme et la gouvernance mondiale est reconnue comme une n\u00e9cessit\u00e9 par la plupart des acteurs dirigeants des principales institutions h\u00e9rit\u00e9es du syst\u00e8me de l\u2019apr\u00e8s-Seconde Guerre mondiale. Le Secr\u00e9taire g\u00e9n\u00e9ral des Nations Unies, Ant\u00f3nio Guterres, a \u00e9t\u00e9 l\u2019une des voix les plus [&hellip;]<\/p>\n","protected":false},"author":1,"featured_media":0,"parent":43,"menu_order":20,"comment_status":"closed","ping_status":"closed","template":"","meta":{"footnotes":""},"class_list":["post-51","page","type-page","status-publish","hentry"],"yoast_head":"<!-- This site is optimized with the Yoast SEO plugin v27.0 - https:\/\/yoast.com\/product\/yoast-seo-wordpress\/ -->\n<title>Multilat\u00e9ralisme Local - Municipal Forecast - Fran\u00e7ais<\/title>\n<meta name=\"robots\" content=\"index, follow, max-snippet:-1, max-image-preview:large, max-video-preview:-1\" \/>\n<link rel=\"canonical\" href=\"https:\/\/urbanjournalism.institute\/forecast-fr\/forecast-2024\/local-multilateralism\/\" \/>\n<meta property=\"og:locale\" content=\"fr_FR\" \/>\n<meta property=\"og:type\" content=\"article\" \/>\n<meta property=\"og:title\" content=\"Multilat\u00e9ralisme Local - Municipal Forecast - Fran\u00e7ais\" \/>\n<meta property=\"og:description\" content=\"LE MULTILAT\u00c9RALISME LOCAL EN 2024 O\u00f9 concentrer les efforts ? La r\u00e9flexion sur le multilat\u00e9ralisme et la gouvernance mondiale est reconnue comme une n\u00e9cessit\u00e9 par la plupart des acteurs dirigeants des principales institutions h\u00e9rit\u00e9es du syst\u00e8me de l\u2019apr\u00e8s-Seconde Guerre mondiale. Le Secr\u00e9taire g\u00e9n\u00e9ral des Nations Unies, Ant\u00f3nio Guterres, a \u00e9t\u00e9 l\u2019une des voix les plus [&hellip;]\" \/>\n<meta property=\"og:url\" content=\"https:\/\/urbanjournalism.institute\/forecast-fr\/forecast-2024\/local-multilateralism\/\" \/>\n<meta property=\"og:site_name\" content=\"Municipal Forecast - Fran\u00e7ais\" \/>\n<meta property=\"article:modified_time\" content=\"2024-03-06T10:51:48+00:00\" \/>\n<meta name=\"twitter:card\" content=\"summary_large_image\" \/>\n<meta name=\"twitter:label1\" content=\"Dur\u00e9e de lecture estim\u00e9e\" \/>\n\t<meta name=\"twitter:data1\" content=\"5 minutes\" \/>\n<script type=\"application\/ld+json\" class=\"yoast-schema-graph\">{\"@context\":\"https:\/\/schema.org\",\"@graph\":[{\"@type\":\"WebPage\",\"@id\":\"https:\/\/urbanjournalism.institute\/forecast-fr\/forecast-2024\/local-multilateralism\/\",\"url\":\"https:\/\/urbanjournalism.institute\/forecast-fr\/forecast-2024\/local-multilateralism\/\",\"name\":\"Multilat\u00e9ralisme Local - Municipal Forecast - Fran\u00e7ais\",\"isPartOf\":{\"@id\":\"https:\/\/urbanjournalism.institute\/forecast-fr\/#website\"},\"datePublished\":\"2024-02-18T09:31:27+00:00\",\"dateModified\":\"2024-03-06T10:51:48+00:00\",\"breadcrumb\":{\"@id\":\"https:\/\/urbanjournalism.institute\/forecast-fr\/forecast-2024\/local-multilateralism\/#breadcrumb\"},\"inLanguage\":\"fr-FR\",\"potentialAction\":[{\"@type\":\"ReadAction\",\"target\":[\"https:\/\/urbanjournalism.institute\/forecast-fr\/forecast-2024\/local-multilateralism\/\"]}]},{\"@type\":\"BreadcrumbList\",\"@id\":\"https:\/\/urbanjournalism.institute\/forecast-fr\/forecast-2024\/local-multilateralism\/#breadcrumb\",\"itemListElement\":[{\"@type\":\"ListItem\",\"position\":1,\"name\":\"Forecast 2024\",\"item\":\"https:\/\/urbanjournalism.institute\/forecast-fr\/\"},{\"@type\":\"ListItem\",\"position\":2,\"name\":\"Multilat\u00e9ralisme Local\"}]},{\"@type\":\"WebSite\",\"@id\":\"https:\/\/urbanjournalism.institute\/forecast-fr\/#website\",\"url\":\"https:\/\/urbanjournalism.institute\/forecast-fr\/\",\"name\":\"Municipal Forecast - Fran\u00e7ais\",\"description\":\"\",\"potentialAction\":[{\"@type\":\"SearchAction\",\"target\":{\"@type\":\"EntryPoint\",\"urlTemplate\":\"https:\/\/urbanjournalism.institute\/forecast-fr\/?s={search_term_string}\"},\"query-input\":{\"@type\":\"PropertyValueSpecification\",\"valueRequired\":true,\"valueName\":\"search_term_string\"}}],\"inLanguage\":\"fr-FR\"}]}<\/script>\n<!-- \/ Yoast SEO plugin. -->","yoast_head_json":{"title":"Multilat\u00e9ralisme Local - Municipal Forecast - Fran\u00e7ais","robots":{"index":"index","follow":"follow","max-snippet":"max-snippet:-1","max-image-preview":"max-image-preview:large","max-video-preview":"max-video-preview:-1"},"canonical":"https:\/\/urbanjournalism.institute\/forecast-fr\/forecast-2024\/local-multilateralism\/","og_locale":"fr_FR","og_type":"article","og_title":"Multilat\u00e9ralisme Local - Municipal Forecast - Fran\u00e7ais","og_description":"LE MULTILAT\u00c9RALISME LOCAL EN 2024 O\u00f9 concentrer les efforts ? La r\u00e9flexion sur le multilat\u00e9ralisme et la gouvernance mondiale est reconnue comme une n\u00e9cessit\u00e9 par la plupart des acteurs dirigeants des principales institutions h\u00e9rit\u00e9es du syst\u00e8me de l\u2019apr\u00e8s-Seconde Guerre mondiale. Le Secr\u00e9taire g\u00e9n\u00e9ral des Nations Unies, Ant\u00f3nio Guterres, a \u00e9t\u00e9 l\u2019une des voix les plus [&hellip;]","og_url":"https:\/\/urbanjournalism.institute\/forecast-fr\/forecast-2024\/local-multilateralism\/","og_site_name":"Municipal Forecast - Fran\u00e7ais","article_modified_time":"2024-03-06T10:51:48+00:00","twitter_card":"summary_large_image","twitter_misc":{"Dur\u00e9e de lecture estim\u00e9e":"5 minutes"},"schema":{"@context":"https:\/\/schema.org","@graph":[{"@type":"WebPage","@id":"https:\/\/urbanjournalism.institute\/forecast-fr\/forecast-2024\/local-multilateralism\/","url":"https:\/\/urbanjournalism.institute\/forecast-fr\/forecast-2024\/local-multilateralism\/","name":"Multilat\u00e9ralisme Local - Municipal Forecast - Fran\u00e7ais","isPartOf":{"@id":"https:\/\/urbanjournalism.institute\/forecast-fr\/#website"},"datePublished":"2024-02-18T09:31:27+00:00","dateModified":"2024-03-06T10:51:48+00:00","breadcrumb":{"@id":"https:\/\/urbanjournalism.institute\/forecast-fr\/forecast-2024\/local-multilateralism\/#breadcrumb"},"inLanguage":"fr-FR","potentialAction":[{"@type":"ReadAction","target":["https:\/\/urbanjournalism.institute\/forecast-fr\/forecast-2024\/local-multilateralism\/"]}]},{"@type":"BreadcrumbList","@id":"https:\/\/urbanjournalism.institute\/forecast-fr\/forecast-2024\/local-multilateralism\/#breadcrumb","itemListElement":[{"@type":"ListItem","position":1,"name":"Forecast 2024","item":"https:\/\/urbanjournalism.institute\/forecast-fr\/"},{"@type":"ListItem","position":2,"name":"Multilat\u00e9ralisme Local"}]},{"@type":"WebSite","@id":"https:\/\/urbanjournalism.institute\/forecast-fr\/#website","url":"https:\/\/urbanjournalism.institute\/forecast-fr\/","name":"Municipal Forecast - Fran\u00e7ais","description":"","potentialAction":[{"@type":"SearchAction","target":{"@type":"EntryPoint","urlTemplate":"https:\/\/urbanjournalism.institute\/forecast-fr\/?s={search_term_string}"},"query-input":{"@type":"PropertyValueSpecification","valueRequired":true,"valueName":"search_term_string"}}],"inLanguage":"fr-FR"}]}},"_links":{"self":[{"href":"https:\/\/urbanjournalism.institute\/forecast-fr\/wp-json\/wp\/v2\/pages\/51","targetHints":{"allow":["GET"]}}],"collection":[{"href":"https:\/\/urbanjournalism.institute\/forecast-fr\/wp-json\/wp\/v2\/pages"}],"about":[{"href":"https:\/\/urbanjournalism.institute\/forecast-fr\/wp-json\/wp\/v2\/types\/page"}],"author":[{"embeddable":true,"href":"https:\/\/urbanjournalism.institute\/forecast-fr\/wp-json\/wp\/v2\/users\/1"}],"replies":[{"embeddable":true,"href":"https:\/\/urbanjournalism.institute\/forecast-fr\/wp-json\/wp\/v2\/comments?post=51"}],"version-history":[{"count":3,"href":"https:\/\/urbanjournalism.institute\/forecast-fr\/wp-json\/wp\/v2\/pages\/51\/revisions"}],"predecessor-version":[{"id":173,"href":"https:\/\/urbanjournalism.institute\/forecast-fr\/wp-json\/wp\/v2\/pages\/51\/revisions\/173"}],"up":[{"embeddable":true,"href":"https:\/\/urbanjournalism.institute\/forecast-fr\/wp-json\/wp\/v2\/pages\/43"}],"wp:attachment":[{"href":"https:\/\/urbanjournalism.institute\/forecast-fr\/wp-json\/wp\/v2\/media?parent=51"}],"curies":[{"name":"wp","href":"https:\/\/api.w.org\/{rel}","templated":true}]}}