{"id":52,"date":"2024-02-18T09:31:27","date_gmt":"2024-02-18T09:31:27","guid":{"rendered":"https:\/\/urbanjournalism.institute\/forecast-fr\/forecast-2024\/local-multilateralism\/acting-for-the-future-of-humanity\/"},"modified":"2024-02-19T08:42:55","modified_gmt":"2024-02-19T08:42:55","slug":"acting-for-the-future-of-humanity","status":"publish","type":"page","link":"https:\/\/urbanjournalism.institute\/forecast-fr\/forecast-2024\/local-multilateralism\/acting-for-the-future-of-humanity\/","title":{"rendered":"Agir pour l&rsquo;avenir de l&rsquo;humanit\u00e9"},"content":{"rendered":"\n<figure class=\"wp-block-image size-large\"><img decoding=\"async\" src=\"\/wp-content\/themes\/uji\/img\/mf24\/acting-for-the-future-of-humanity.jpg\" alt=\"\" \/><figcaption class=\"wp-element-caption\"><em>\u00a9Mika Baumeister&nbsp;<\/em><\/figcaption><\/figure>\n\n\n\n<div class=\"wp-block-group pt-5\"><div class=\"wp-block-group__inner-container is-layout-constrained wp-block-group-is-layout-constrained\">\n<h1 class=\"wp-block-heading has-x-large-font-size\">Agir pour<br>l&rsquo;avenir de<br>l&rsquo;humanit\u00e9<\/h1>\n\n\n\n<p><strong><em>Emilia Saiz<\/em><\/strong><br><em>Secr\u00e9taire g\u00e9n\u00e9rale de Cit\u00e9s et Gouvernements Locaux Unis (CGLU)<\/em><\/p>\n\n\n\n<p>Un an apr\u00e8s l\u2019adoption de notre Pacte pour l\u2019avenir de l\u2019humanit\u00e9, la volont\u00e9 des gouvernements locaux et r\u00e9gionaux de contribuer \u00e0 un avenir collectif, durable et plus juste, qui ne laisse personne ni aucun lieu derri\u00e8re lui, reste intacte. Ce n\u2019est pas une mince affaire dans le contexte de la polycrise et des chocs mondiaux qui ont un impact consid\u00e9rable sur notre capacit\u00e9 d\u2019action, mais aussi sur le type d\u2019action n\u00e9cessaire. Les exp\u00e9riences accumul\u00e9es pendant la pand\u00e9mie et dans le contexte post-pand\u00e9mique ont inspir\u00e9 de nouveaux mod\u00e8les de service et une grande conscience de la n\u00e9cessit\u00e9 de renforcer la propri\u00e9t\u00e9 des communaut\u00e9s sur les politiques qui doivent fa\u00e7onner l\u2019avenir.<\/p>\n\n\n\n<p>De l\u2019augmentation rapide des temp\u00e9ratures dans les zones urbaines et de l\u2019\u00e9volution rapide de l\u2019intelligence artificielle \u00e0 l\u2019escalade des discours de haine et des technologies innovantes pour r\u00e9duire les d\u00e9chets\u2026 l\u2019avenir du travail, de l\u2019agriculture durable, de la d\u00e9mographie et de son lien avec la mobilit\u00e9 humaine, la jeunesse, l\u2019accessibilit\u00e9, l\u2019acc\u00e8s \u00e0 l\u2019eau, les d\u00e9fis et les opportunit\u00e9s \u00e0 venir se r\u00e9v\u00e8lent \u00e0 la fois redoutables et porteurs d\u2019espoir. Les tendances auxquelles le monde est confront\u00e9 et les priorit\u00e9s de l\u2019agenda international n\u00e9cessiteront des gouvernements locaux et r\u00e9gionaux habilit\u00e9s et impliqu\u00e9s pour les int\u00e9grer \u00e0 nos propres priorit\u00e9s et les aborder au centre de nos strat\u00e9gies de localisation.<\/p>\n\n\n\n<p class=\"has-text-align-left font-serif has-x-large-font-size\"><em><strong>Une nouvelle narration pour transformer les discussions mondiales<\/strong><\/em><\/p>\n\n\n\n<p>\u00c0 mesure que nous nous rapprochons de 2030, nous devons travailler sur de nouveaux mod\u00e8les refl\u00e9tant nos nouvelles r\u00e9alit\u00e9s. Les besoins de nos populations et de notre plan\u00e8te devront \u00eatre trait\u00e9s ensemble, y compris leur besoin de soins. Les gouvernements locaux et r\u00e9gionaux comprennent que le renouvellement du contrat social pour am\u00e9liorer la justice et la durabilit\u00e9 dans la vie urbaine n\u00e9cessite une \u00e9chelle citadine et r\u00e9gionale. <strong>Cela signifie repenser la mani\u00e8re dont les soins sont dispens\u00e9s, qui sont les soignants et les soign\u00e9s, leur r\u00f4le dans la soci\u00e9t\u00e9, et comment les institutions peuvent les prot\u00e9ger.<\/strong><\/p>\n\n\n\n<p>Les gouvernements locaux et r\u00e9gionaux estiment que les soins et l\u2019\u00e9galit\u00e9 vont de pair. En tant que tels, nous nous engageons en faveur d\u2019un programme d\u2019\u00e9galit\u00e9 <strong>qui garantit des droits \u00e9gaux pour tous, \u00e9mancipe \u00e9galement les femmes et les hommes, et place le bien-\u00eatre des personnes et de notre plan\u00e8te comme priorit\u00e9 absolue<\/strong>. Assurer une participation \u00e9gale et significative des femmes \u00e0 la vie publique et politique est une condition pr\u00e9alable au d\u00e9veloppement de soci\u00e9t\u00e9s saines et \u00e9galitaires qui ne laissent personne de c\u00f4t\u00e9.<\/p>\n<\/div><\/div>\n\n\n\n<hr class=\"wp-block-separator has-alpha-channel-opacity is-style-wide\" \/>\n\n\n\n<div class=\"wp-block-group narrow-group py-10\"><div class=\"wp-block-group__inner-container is-layout-constrained wp-block-group-is-layout-constrained\">\n<div class=\"wp-block-columns are-vertically-aligned-center gap-5 is-layout-flex wp-container-core-columns-is-layout-9d6595d7 wp-block-columns-is-layout-flex\">\n<div class=\"wp-block-column is-vertically-aligned-center is-layout-flow wp-block-column-is-layout-flow\">\n<p>Nous comprenons qu\u2019un monde \u00e9galitaire est pacifique, donc nous d\u00e9veloppons la construction de la paix sur la base des soins et en valorisant nos diff\u00e9rences. Avec le d\u00e9veloppement du Nouvel Agenda pour la paix du Secr\u00e9taire g\u00e9n\u00e9ral des Nations Unies,<strong> les gouvernements locaux et r\u00e9gionaux s\u2019av\u00e8rent, plus que jamais, essentiels pour construire la paix de bas en haut<\/strong>. Les efforts de consolidation de la paix locaux et la localisation de l\u2019agenda de paix n\u00e9cessitent de s\u2019attaquer aux causes profondes des conflits, telles que la pauvret\u00e9, l\u2019in\u00e9galit\u00e9 et le manque d\u2019acc\u00e8s \u00e0 l\u2019\u00e9ducation et aux soins de sant\u00e9, contribuant ainsi \u00e0 la pr\u00e9vention et \u00e0 la r\u00e9solution des conflits.<\/p>\n\n\n\n<p>Les gouvernements locaux et r\u00e9gionaux sont des acteurs politiques d\u00e9cisifs dans la localisation de tous les agendas mondiaux, abordant les in\u00e9galit\u00e9s structurelles avec les droits humains, l\u2019\u00e9galit\u00e9 des genres et les soins comme leviers transversaux. <strong>En favorisant le d\u00e9veloppement durable au niveau local, la localisation des ODD devient un puissant catalyseur pour construire des soci\u00e9t\u00e9s r\u00e9silientes, plus \u00e9galitaires et pacifiques.<\/strong><\/p>\n\n\n\n<figure class=\"wp-block-image size-large\"><img decoding=\"async\" src=\"\/wp-content\/themes\/uji\/img\/mf24\/acting-for-the-future-of-humanity-2.jpg\" alt=\"\" \/><figcaption class=\"wp-element-caption\"><em>\u00a9 Pascal Bernardon<\/em><\/figcaption><\/figure>\n<\/div>\n\n\n\n<div class=\"wp-block-column is-vertically-aligned-center is-layout-flow wp-block-column-is-layout-flow\">\n<p class=\"has-text-align-left font-serif has-x-large-font-size\"><strong><em>Les gouvernements locaux garantissent un avenir meilleur pour nos populations<\/em><\/strong><\/p>\n\n\n\n<p>La Conf\u00e9rence internationale sur la Population et le D\u00e9veloppement (CIPD) f\u00eatera ses trente ans en 2024. Cet anniversaire met en lumi\u00e8re l\u2019importance de prioriser les droits et les aspirations de nos populations. Les gouvernements locaux et r\u00e9gionaux sont indispensables pour assurer la localisation de la CIPD, et \u00e0 l\u2019occasion de son 30e anniversaire, nous \u0153uvrons en vue d\u2019un nouveau paradigme sur la d\u00e9mographie en pla\u00e7ant les besoins de tous au centre.<\/p>\n\n\n\n<p>La localisation de la CIPD est essentielle pour r\u00e9aliser un monde sans pauvret\u00e9, o\u00f9 tous les individus ont un acc\u00e8s \u00e9gal \u00e0 la sant\u00e9 en tant que bien commun mondial et local, et o\u00f9 les soins sont dispens\u00e9s \u00e0 travers la prestation de services de base. Cela rappelle que la prestation de services essentiels est peut-\u00eatre le plus grand outil pour inverser les in\u00e9galit\u00e9s sociales et territoriales, d\u00e9velopper des solutions aux d\u00e9fis et opportunit\u00e9s de la croissance d\u00e9mographique, et offrir un monde meilleur aux plus de huit milliards de personnes qui y vivent.<\/p>\n\n\n\n<p>Les positions que le mouvement municipal a adop t\u00e9es &#8211; la d\u00e9fense de nos biens communs, la d\u00e9mocratie locale et les m\u00e9canismes de financement renouvel\u00e9ssont essentielles pour contribuer \u00e0 un avenir meilleur pour nos populations. Le mouvement est pr\u00eat \u00e0 jouer son r\u00f4le dans un agenda commun renouvel\u00e9 et ambitieux ax\u00e9 sur un monde post-2030, en regardant vers un avenir meilleur.<\/p>\n<\/div>\n<\/div>\n\n\n\n<div class=\"wp-block-columns are-vertically-aligned-center gap-5 pt-10 is-layout-flex wp-container-core-columns-is-layout-9d6595d7 wp-block-columns-is-layout-flex\">\n<div class=\"wp-block-column is-vertically-aligned-center is-layout-flow wp-block-column-is-layout-flow\">\n<p class=\"has-text-align-left font-serif has-x-large-font-size\"><strong><em><strong><em>Vers et au-del\u00e0 du Sommet de l\u2019avenir<\/em><\/strong><\/em><\/strong><\/p>\n\n\n\n<p>Le prochain Sommet de l\u2019avenir, au cours duquel le Pacte pour l\u2019avenir des Nations Unies doit \u00eatre adopt\u00e9, devrait \u00eatre un moment crucial pour l\u2019avenir du multilat\u00e9ralisme et pour acc\u00e9l\u00e9rer les engagements et les actions en vue de la localisation des agendas de d\u00e9veloppement universels. Cependant, dans le contexte actuel, les voyages vers le Sommet soul\u00e8vent des questions sans r\u00e9ponse : \u00e0 quoi ressemblera le paysage dans les cinq ann\u00e9es restantes pour atteindre nos objectifs ? Nos communaut\u00e9s sont-elles ad\u00e9quatement repr\u00e9sent\u00e9es ? Cela laisse \u00e9galement une question non dite pour notre mouvement : quelle est la nouvelle fronti\u00e8re apr\u00e8s ce Sommet ? Comment sommes-nous le mieux positionn\u00e9s pour livrer ?<\/p>\n\n\n\n<p><\/p>\n<\/div>\n\n\n\n<div class=\"wp-block-column is-vertically-aligned-center is-layout-flow wp-block-column-is-layout-flow\">\n<p>Dans le contexte de ces r\u00e9alit\u00e9s, les gouvernements locaux et r\u00e9gionaux placent beaucoup d\u2019espoir dans ce processus pour contribuer \u00e0 la red\u00e9finition du d\u00e9veloppement durable. Cela implique un examen approfondi de l\u2019architecture financi\u00e8re sous-tendant les initiatives de d\u00e9veloppement et une place diff\u00e9rente pour la prestation de services locaux dans les plans futurs.<\/p>\n\n\n\n<p>En envisageant un monde avec notre communaut\u00e9 au centre, nous sommes \u00e9galement incit\u00e9s \u00e0 repenser nos structures. Nous avons besoin d\u2019un syst\u00e8me financier international capable de r\u00e9pondre aux besoins de la soci\u00e9t\u00e9. Gr\u00e2ce \u00e0 une gouvernance financi\u00e8re inclusive et saine, nous devons favoriser un environnement de confiance et de transparence dans toutes les institutions et les gouvernements qui reconstruisent les liens entre nos communaut\u00e9s et leurs gouvernements.<\/p>\n\n\n\n<p>Le r\u00e9sultat du Sommet de l\u2019Avenir doit reposer sur les connaissances et les exp\u00e9riences des communaut\u00e9s locales. Nous sommes en voyage pour nous assurer que ces visions et ambitions se concr\u00e9tisent. C\u2019est ainsi que l\u2019on parviendra \u00e0 atteindre les agendas de d\u00e9veloppement universels: en travaillant ensemble comme un seul pour un monde plus \u00e9gal, pacifique et solidaire pour tous.<\/p>\n<\/div>\n<\/div>\n\n\n\n<figure class=\"wp-block-image size-large mt-10 mb-10\"><img decoding=\"async\" src=\"\/wp-content\/themes\/uji\/img\/mf24\/acting-for-the-future-of-humanity-3.jpg\" alt=\"\" \/><figcaption class=\"wp-element-caption\"><em>\u00a9Siavosh Hosseini&nbsp;<\/em><\/figcaption><\/figure>\n<\/div><\/div>\n","protected":false},"excerpt":{"rendered":"<p>Agir pourl&rsquo;avenir del&rsquo;humanit\u00e9 Emilia SaizSecr\u00e9taire g\u00e9n\u00e9rale de Cit\u00e9s et Gouvernements Locaux Unis (CGLU) Un an apr\u00e8s l\u2019adoption de notre Pacte pour l\u2019avenir de l\u2019humanit\u00e9, la volont\u00e9 des gouvernements locaux et r\u00e9gionaux de contribuer \u00e0 un avenir collectif, durable et plus juste, qui ne laisse personne ni aucun lieu derri\u00e8re lui, reste intacte. Ce n\u2019est pas [&hellip;]<\/p>\n","protected":false},"author":1,"featured_media":0,"parent":51,"menu_order":0,"comment_status":"closed","ping_status":"closed","template":"","meta":{"footnotes":""},"class_list":["post-52","page","type-page","status-publish","hentry"],"yoast_head":"<!-- This site is optimized with the Yoast SEO plugin v27.0 - https:\/\/yoast.com\/product\/yoast-seo-wordpress\/ -->\n<title>Agir pour l&#039;avenir de l&#039;humanit\u00e9 - Municipal Forecast - Fran\u00e7ais<\/title>\n<meta name=\"robots\" content=\"index, follow, max-snippet:-1, max-image-preview:large, max-video-preview:-1\" \/>\n<link rel=\"canonical\" href=\"https:\/\/urbanjournalism.institute\/forecast-fr\/forecast-2024\/local-multilateralism\/acting-for-the-future-of-humanity\/\" \/>\n<meta property=\"og:locale\" content=\"fr_FR\" \/>\n<meta property=\"og:type\" content=\"article\" \/>\n<meta property=\"og:title\" content=\"Agir pour l&#039;avenir de l&#039;humanit\u00e9 - Municipal Forecast - Fran\u00e7ais\" \/>\n<meta property=\"og:description\" content=\"Agir pourl&rsquo;avenir del&rsquo;humanit\u00e9 Emilia SaizSecr\u00e9taire g\u00e9n\u00e9rale de Cit\u00e9s et Gouvernements Locaux Unis (CGLU) Un an apr\u00e8s l\u2019adoption de notre Pacte pour l\u2019avenir de l\u2019humanit\u00e9, la volont\u00e9 des gouvernements locaux et r\u00e9gionaux de contribuer \u00e0 un avenir collectif, durable et plus juste, qui ne laisse personne ni aucun lieu derri\u00e8re lui, reste intacte. Ce n\u2019est pas [&hellip;]\" \/>\n<meta property=\"og:url\" content=\"https:\/\/urbanjournalism.institute\/forecast-fr\/forecast-2024\/local-multilateralism\/acting-for-the-future-of-humanity\/\" \/>\n<meta property=\"og:site_name\" content=\"Municipal Forecast - Fran\u00e7ais\" \/>\n<meta property=\"article:modified_time\" content=\"2024-02-19T08:42:55+00:00\" \/>\n<meta name=\"twitter:card\" content=\"summary_large_image\" \/>\n<meta name=\"twitter:label1\" content=\"Dur\u00e9e de lecture estim\u00e9e\" \/>\n\t<meta name=\"twitter:data1\" content=\"7 minutes\" \/>\n<script type=\"application\/ld+json\" class=\"yoast-schema-graph\">{\"@context\":\"https:\/\/schema.org\",\"@graph\":[{\"@type\":\"WebPage\",\"@id\":\"https:\/\/urbanjournalism.institute\/forecast-fr\/forecast-2024\/local-multilateralism\/acting-for-the-future-of-humanity\/\",\"url\":\"https:\/\/urbanjournalism.institute\/forecast-fr\/forecast-2024\/local-multilateralism\/acting-for-the-future-of-humanity\/\",\"name\":\"Agir pour l'avenir de l'humanit\u00e9 - Municipal Forecast - Fran\u00e7ais\",\"isPartOf\":{\"@id\":\"https:\/\/urbanjournalism.institute\/forecast-fr\/#website\"},\"datePublished\":\"2024-02-18T09:31:27+00:00\",\"dateModified\":\"2024-02-19T08:42:55+00:00\",\"breadcrumb\":{\"@id\":\"https:\/\/urbanjournalism.institute\/forecast-fr\/forecast-2024\/local-multilateralism\/acting-for-the-future-of-humanity\/#breadcrumb\"},\"inLanguage\":\"fr-FR\",\"potentialAction\":[{\"@type\":\"ReadAction\",\"target\":[\"https:\/\/urbanjournalism.institute\/forecast-fr\/forecast-2024\/local-multilateralism\/acting-for-the-future-of-humanity\/\"]}]},{\"@type\":\"BreadcrumbList\",\"@id\":\"https:\/\/urbanjournalism.institute\/forecast-fr\/forecast-2024\/local-multilateralism\/acting-for-the-future-of-humanity\/#breadcrumb\",\"itemListElement\":[{\"@type\":\"ListItem\",\"position\":1,\"name\":\"Forecast 2024\",\"item\":\"https:\/\/urbanjournalism.institute\/forecast-fr\/\"},{\"@type\":\"ListItem\",\"position\":2,\"name\":\"Multilat\u00e9ralisme Local\",\"item\":\"https:\/\/urbanjournalism.institute\/forecast-fr\/forecast-2024\/local-multilateralism\/\"},{\"@type\":\"ListItem\",\"position\":3,\"name\":\"Agir pour l&rsquo;avenir de l&rsquo;humanit\u00e9\"}]},{\"@type\":\"WebSite\",\"@id\":\"https:\/\/urbanjournalism.institute\/forecast-fr\/#website\",\"url\":\"https:\/\/urbanjournalism.institute\/forecast-fr\/\",\"name\":\"Municipal Forecast - Fran\u00e7ais\",\"description\":\"\",\"potentialAction\":[{\"@type\":\"SearchAction\",\"target\":{\"@type\":\"EntryPoint\",\"urlTemplate\":\"https:\/\/urbanjournalism.institute\/forecast-fr\/?s={search_term_string}\"},\"query-input\":{\"@type\":\"PropertyValueSpecification\",\"valueRequired\":true,\"valueName\":\"search_term_string\"}}],\"inLanguage\":\"fr-FR\"}]}<\/script>\n<!-- \/ Yoast SEO plugin. -->","yoast_head_json":{"title":"Agir pour l'avenir de l'humanit\u00e9 - Municipal Forecast - Fran\u00e7ais","robots":{"index":"index","follow":"follow","max-snippet":"max-snippet:-1","max-image-preview":"max-image-preview:large","max-video-preview":"max-video-preview:-1"},"canonical":"https:\/\/urbanjournalism.institute\/forecast-fr\/forecast-2024\/local-multilateralism\/acting-for-the-future-of-humanity\/","og_locale":"fr_FR","og_type":"article","og_title":"Agir pour l'avenir de l'humanit\u00e9 - Municipal Forecast - Fran\u00e7ais","og_description":"Agir pourl&rsquo;avenir del&rsquo;humanit\u00e9 Emilia SaizSecr\u00e9taire g\u00e9n\u00e9rale de Cit\u00e9s et Gouvernements Locaux Unis (CGLU) Un an apr\u00e8s l\u2019adoption de notre Pacte pour l\u2019avenir de l\u2019humanit\u00e9, la volont\u00e9 des gouvernements locaux et r\u00e9gionaux de contribuer \u00e0 un avenir collectif, durable et plus juste, qui ne laisse personne ni aucun lieu derri\u00e8re lui, reste intacte. Ce n\u2019est pas [&hellip;]","og_url":"https:\/\/urbanjournalism.institute\/forecast-fr\/forecast-2024\/local-multilateralism\/acting-for-the-future-of-humanity\/","og_site_name":"Municipal Forecast - Fran\u00e7ais","article_modified_time":"2024-02-19T08:42:55+00:00","twitter_card":"summary_large_image","twitter_misc":{"Dur\u00e9e de lecture estim\u00e9e":"7 minutes"},"schema":{"@context":"https:\/\/schema.org","@graph":[{"@type":"WebPage","@id":"https:\/\/urbanjournalism.institute\/forecast-fr\/forecast-2024\/local-multilateralism\/acting-for-the-future-of-humanity\/","url":"https:\/\/urbanjournalism.institute\/forecast-fr\/forecast-2024\/local-multilateralism\/acting-for-the-future-of-humanity\/","name":"Agir pour l'avenir de l'humanit\u00e9 - Municipal Forecast - Fran\u00e7ais","isPartOf":{"@id":"https:\/\/urbanjournalism.institute\/forecast-fr\/#website"},"datePublished":"2024-02-18T09:31:27+00:00","dateModified":"2024-02-19T08:42:55+00:00","breadcrumb":{"@id":"https:\/\/urbanjournalism.institute\/forecast-fr\/forecast-2024\/local-multilateralism\/acting-for-the-future-of-humanity\/#breadcrumb"},"inLanguage":"fr-FR","potentialAction":[{"@type":"ReadAction","target":["https:\/\/urbanjournalism.institute\/forecast-fr\/forecast-2024\/local-multilateralism\/acting-for-the-future-of-humanity\/"]}]},{"@type":"BreadcrumbList","@id":"https:\/\/urbanjournalism.institute\/forecast-fr\/forecast-2024\/local-multilateralism\/acting-for-the-future-of-humanity\/#breadcrumb","itemListElement":[{"@type":"ListItem","position":1,"name":"Forecast 2024","item":"https:\/\/urbanjournalism.institute\/forecast-fr\/"},{"@type":"ListItem","position":2,"name":"Multilat\u00e9ralisme Local","item":"https:\/\/urbanjournalism.institute\/forecast-fr\/forecast-2024\/local-multilateralism\/"},{"@type":"ListItem","position":3,"name":"Agir pour l&rsquo;avenir de l&rsquo;humanit\u00e9"}]},{"@type":"WebSite","@id":"https:\/\/urbanjournalism.institute\/forecast-fr\/#website","url":"https:\/\/urbanjournalism.institute\/forecast-fr\/","name":"Municipal Forecast - Fran\u00e7ais","description":"","potentialAction":[{"@type":"SearchAction","target":{"@type":"EntryPoint","urlTemplate":"https:\/\/urbanjournalism.institute\/forecast-fr\/?s={search_term_string}"},"query-input":{"@type":"PropertyValueSpecification","valueRequired":true,"valueName":"search_term_string"}}],"inLanguage":"fr-FR"}]}},"_links":{"self":[{"href":"https:\/\/urbanjournalism.institute\/forecast-fr\/wp-json\/wp\/v2\/pages\/52","targetHints":{"allow":["GET"]}}],"collection":[{"href":"https:\/\/urbanjournalism.institute\/forecast-fr\/wp-json\/wp\/v2\/pages"}],"about":[{"href":"https:\/\/urbanjournalism.institute\/forecast-fr\/wp-json\/wp\/v2\/types\/page"}],"author":[{"embeddable":true,"href":"https:\/\/urbanjournalism.institute\/forecast-fr\/wp-json\/wp\/v2\/users\/1"}],"replies":[{"embeddable":true,"href":"https:\/\/urbanjournalism.institute\/forecast-fr\/wp-json\/wp\/v2\/comments?post=52"}],"version-history":[{"count":2,"href":"https:\/\/urbanjournalism.institute\/forecast-fr\/wp-json\/wp\/v2\/pages\/52\/revisions"}],"predecessor-version":[{"id":133,"href":"https:\/\/urbanjournalism.institute\/forecast-fr\/wp-json\/wp\/v2\/pages\/52\/revisions\/133"}],"up":[{"embeddable":true,"href":"https:\/\/urbanjournalism.institute\/forecast-fr\/wp-json\/wp\/v2\/pages\/51"}],"wp:attachment":[{"href":"https:\/\/urbanjournalism.institute\/forecast-fr\/wp-json\/wp\/v2\/media?parent=52"}],"curies":[{"name":"wp","href":"https:\/\/api.w.org\/{rel}","templated":true}]}}