{"id":53,"date":"2024-02-18T09:31:27","date_gmt":"2024-02-18T09:31:27","guid":{"rendered":"https:\/\/urbanjournalism.institute\/forecast-fr\/forecast-2024\/local-multilateralism\/global-influence-shifts-southdeep-dive-into-wuf-2024\/"},"modified":"2024-08-26T12:10:20","modified_gmt":"2024-08-26T12:10:20","slug":"global-influence-shifts-southdeep-dive-into-wuf-2024","status":"publish","type":"page","link":"https:\/\/urbanjournalism.institute\/forecast-fr\/forecast-2024\/local-multilateralism\/global-influence-shifts-southdeep-dive-into-wuf-2024\/","title":{"rendered":"Changement d&rsquo;influence mondiale vers le sud"},"content":{"rendered":"\n<figure class=\"wp-block-image size-large\"><img decoding=\"async\" src=\"\/wp-content\/themes\/uji\/img\/mf24\/global-influence-shifts-southdeep-dive-into-wuf-2024.jpg\" alt=\"\" \/><figcaption class=\"wp-element-caption\"><em>\u00a9 Leo Moko<\/em><\/figcaption><\/figure>\n\n\n\n<div class=\"wp-block-group\"><div class=\"wp-block-group__inner-container is-layout-constrained wp-block-group-is-layout-constrained\">\n<h1 class=\"wp-block-heading\">Changement d&rsquo;influence mondiale vers le sud:<br><em>Le Br\u00e9sil et l&rsquo;Afrique du Sud, en T\u00eate<\/em><\/h1>\n\n\n\n<p class=\"has-text-align-left\"><em>Les deux pays ont une forte influence dans le multilat\u00e9ralisme local, une opportunit\u00e9 pour l\u2019Urban 20<\/em><\/p>\n\n\n\n<div class=\"wp-block-columns is-layout-flex wp-container-core-columns-is-layout-9d6595d7 wp-block-columns-is-layout-flex\">\n<div class=\"wp-block-column is-layout-flow wp-block-column-is-layout-flow\">\n<p>Avec le Br\u00e9sil pr\u00eat \u00e0 accueillir le G20 en 2024 et la COP30 en 2025, et l\u2019Afrique du Sud se pr\u00e9parant pour le G20 en 2025, ces nations sont strat\u00e9giquement positionn\u00e9es pour fa\u00e7onner l\u2019agenda international. Parall\u00e8lement, l\u2019expansion des BRICS, dont le Br\u00e9sil et l\u2019Afrique du Sud sont membres fondateurs, aux c\u00f4t\u00e9s de la Chine, de l\u2019Inde et de la Russie, a marqu\u00e9 une \u00e9tape significative dans l\u2019amplification de la voix du Sud mondial. Avec l\u2019invitation r\u00e9cente \u00e0 l\u2019\u00c9gypte, \u00e0 l\u2019\u00c9thiopie, \u00e0 l\u2019Iran, \u00e0 l\u2019Arabie saoudite et aux \u00c9mirats arabes unis de se joindre en tant que membres \u00e0 part enti\u00e8re \u00e0 partir du 1er janvier 2024, les BRICS consolident leur statut de force majeure dans la politique internationale.<\/p>\n\n\n\n<p>Le nouveau groupe BRICS repr\u00e9sente 46 % de la population mondiale, atteignant probablement 50 % bient\u00f4t, compte tenu de son inclusion de pays \u00e0 forte croissance d\u00e9mographique. Sur le plan \u00e9conomique, ils contribuent \u00e0 hauteur de 29 % au PIB mondial et de 43 % \u00e0 la production mondiale de p\u00e9trole. L\u2019ajout de l\u2019Arabie saoudite, de l\u2019Iran et des \u00c9mirats arabes unis a doubl\u00e9 la part des BRICS.<\/p>\n\n\n\n<p>L\u2019Inde, un autre pays des BRICS, a accueilli le G20 en 2023. La ville d\u2019Ahmedabad a pr\u00e9sid\u00e9 l\u2019Urban 20, une initiative de diplomatie urbaine et un groupe d\u2019engagement du G20 qui r\u00e9unit des villes des \u00c9tats membres du G20 pour informer et influencer les discussions des dirigeants nationaux au G20.<\/p>\n<\/div>\n\n\n\n<div class=\"wp-block-column is-layout-flow wp-block-column-is-layout-flow\">\n<p>Dans la d\u00e9claration finale adopt\u00e9e par les dirigeants du G20 \u00e0 New Delhi, il est mentionn\u00e9 concr\u00e8tement \u00abla n\u00e9cessit\u00e9 d\u2019une mobilisation accrue des finances et d\u2019une utilisation efficace des ressources existantes\u00bb pour rendre les villes de demain inclusives, r\u00e9silientes et durables, conform\u00e9ment \u00e0 l\u2019ODD 11. \u00c0 cet effet, le G20 a approuv\u00e9 les Principes du G20 pour le financement des villes de demain en tant que strat\u00e9gie volontaire et non contraignante.<\/p>\n\n\n\n<figure class=\"wp-block-image size-large\"><img decoding=\"async\" src=\"\/wp-content\/themes\/uji\/img\/mf24\/global-influence-shifts-southdeep-dive-into-wuf-2024-2.jpg\" alt=\"\" \/><figcaption class=\"wp-element-caption\"><em>\u00a9 Nathalia Segato<\/em><\/figcaption><\/figure>\n<\/div>\n<\/div>\n<\/div><\/div>\n\n\n\n<div class=\"wp-block-group narrow-group pt-10\"><div class=\"wp-block-group__inner-container is-layout-constrained wp-block-group-is-layout-constrained\">\n<div class=\"wp-block-columns gap-5 is-layout-flex wp-container-core-columns-is-layout-9d6595d7 wp-block-columns-is-layout-flex\">\n<div class=\"wp-block-column is-layout-flow wp-block-column-is-layout-flow\">\n<figure class=\"wp-block-image size-large\"><img decoding=\"async\" src=\"\/wp-content\/themes\/uji\/img\/mf24\/global-influence-shifts-southdeep-dive-into-wuf-2024-3.jpg\" alt=\"\" \/><figcaption class=\"wp-element-caption\"><em>\u00a9 Dominique Jeftha<\/em><\/figcaption><\/figure>\n\n\n\n<p>Le Communiqu\u00e9 de l\u2019Urban 20 d\u2019Ahmedabad a \u00e9t\u00e9 approuv\u00e9 par 105 villes, mettant l\u2019accent sur le passage de \u00abl\u2019intention \u00e0 l\u2019action\u00bb et exhortant les gouvernements nationaux \u00e0 reconna\u00eetre le r\u00f4le des gouvernements locaux et infranationaux dans la r\u00e9alisation de l\u2019Agenda 2030. Plusieurs recommandations strat\u00e9giques au G20 ont \u00e9t\u00e9 annonc\u00e9es, notamment encourager des comportements \u00e9cologiquement responsables, assurer la s\u00e9curit\u00e9 de l\u2019eau, acc\u00e9l\u00e9rer le financement climatique, promouvoir la culture et l\u2019\u00e9conomie locales, r\u00e9inventer les cadres de gouvernance et de planification urbaines, et catalyser les futurs urbains num\u00e9riques.<\/p>\n\n\n\n<p>Au Br\u00e9sil, l\u2019un des rares pays dot\u00e9s d\u2019un minist\u00e8re des Villes, qui c\u00e9l\u00e8bre les \u00e9lections locales cette ann\u00e9e, l\u2019Urban 20 sera copr\u00e9sid\u00e9 par les maires de Rio de Janeiro et de Sao Paulo. Les deux villes accueilleront plusieurs activit\u00e9s de l\u2019Urban 20 et une r\u00e9union virtuelle des sherpas de l\u2019Urban 20 en mars 2024. Le Sommet de S\u00e3o Paulo se d\u00e9roulera en mai et juin, puis conduisant au Sommet de Rio, qui pr\u00e9c\u00e9dera la r\u00e9union des chefs d\u2019\u00c9tat du G20 en novembre 2024.<\/p>\n\n\n\n<p>La prise de pr\u00e9sidence du G20 par le Br\u00e9sil, un r\u00f4le qu\u2019il occupera jusqu\u2019en novembre 2024, place le pr\u00e9sident Lula et son administration \u00e0 l\u2019avant-garde des discussions \u00e9conomiques mondiales. L\u2019objectif principal est de faire avancer les r\u00e9formes de la dette souveraine mondiale et des syst\u00e8mes de pr\u00eats au d\u00e9veloppement, ainsi que d\u2019augmenter les fonds pour les projets climatiques, d\u2019infrastructures et de d\u00e9veloppement \u00e0 travers les banques multilat\u00e9rales de d\u00e9veloppement. Le Br\u00e9sil cherche \u00e9galement \u00e0 rationaliser les processus d\u2019all\u00e9gement et de restructuration de la dette des nations fortement endett\u00e9es.<\/p>\n<\/div>\n\n\n\n<div class=\"wp-block-column is-layout-flow wp-block-column-is-layout-flow\">\n<p>Au-del\u00e0 du G20, le gouvernement de Lula doit relever la t\u00e2che urgente d\u2019inverser l\u2019isolement international et le discr\u00e9dit qui ont marqu\u00e9 la politique \u00e9trang\u00e8re br\u00e9silienne au cours de l\u2019administration pr\u00e9c\u00e9dente. Le Br\u00e9sil est \u00e0 un tournant, passant du r\u00e8glement des arri\u00e9r\u00e9s dans les syst\u00e8mes multilat\u00e9raux mondiaux au r\u00e9tablissement de l\u2019engagement du pays envers la paix, les droits humains et le d\u00e9veloppement.<\/p>\n\n\n\n<p>La vision de Lula consiste \u00e9galement \u00e0 mettre l\u2019accent sur la participation \u00e0 des accords internationaux et \u00e0 d\u00e9fendre les principes d\u00e9mocratiques, ainsi qu\u2019\u00e0 promouvoir le d\u00e9veloppement durable. Il reste \u00e0 voir comment cela pourrait se concr\u00e9tiser lors du sommet des BRICS en octobre 2024 \u00e0 Kazan (Russie). Ce sera la premi\u00e8re fois qu\u2019un groupe \u00e9largi de dirigeants des BRICS se r\u00e9unira, offrant une opportunit\u00e9 \u00e0 ces nations de fa\u00e7onner un programme collectif.<\/p>\n\n\n\n<p>L\u2019influence du Br\u00e9sil sera \u00e9galement pertinente en 2025 avec la COP30 \u00e0 Bel\u00e9m. Lula est revenu au pouvoir avec un programme environnemental fort. La d\u00e9forestation dans la for\u00eat amazonienne du Br\u00e9sil a diminu\u00e9 de plus de la moiti\u00e9 en novembre 2023 par rapport \u00e0 l\u2019ann\u00e9e pr\u00e9c\u00e9dente, au cours de sa premi\u00e8re ann\u00e9e de mandat. Le pr\u00e9sident br\u00e9silien a r\u00e9it\u00e9r\u00e9 lors de la COP28 l\u2019objectif de son pays de mettre fin \u00e0 la d\u00e9forestation ill\u00e9gale d\u2019ici 2030.<\/p>\n\n\n\n<p>Dans le cas de l\u2019Afrique du Sud, les \u00e9lections g\u00e9n\u00e9rales sont pr\u00e9vues pour ao\u00fbt 2024. N\u00e9anmoins, il ne fait gu\u00e8re de doute qu\u2019il y aura des efforts de collaboration au sein de forums tels que les BRICS et dans le cycle du G20 2024-2025 en vue d\u2019une impulsion collective pour une r\u00e9forme de la gouvernance mondiale. Selon les perspectives \u00e9conomiques mondiales du Fonds mon\u00e9taire international, l\u2019Afrique du Sud pourrait occuper la position de plus grande \u00e9conomie africaine en 2024, et il est pr\u00e9vu qu\u2019elle conserve cette position pendant seulement un an avant d\u2019\u00eatre une fois de plus surpass\u00e9e par le Nigeria.<\/p>\n\n\n\n<p>En alignant leurs positions sur le d\u00e9veloppement durable, les in\u00e9galit\u00e9s mondiales et le changement climatique, les deux nations visent \u00e0 r\u00e9tablir les liens entre le Sud mondial et le Nord mondial.<\/p>\n<\/div>\n<\/div>\n<\/div><\/div>\n","protected":false},"excerpt":{"rendered":"<p>Changement d&rsquo;influence mondiale vers le sud:Le Br\u00e9sil et l&rsquo;Afrique du Sud, en T\u00eate Les deux pays ont une forte influence dans le multilat\u00e9ralisme local, une opportunit\u00e9 pour l\u2019Urban 20 Avec le Br\u00e9sil pr\u00eat \u00e0 accueillir le G20 en 2024 et la COP30 en 2025, et l\u2019Afrique du Sud se pr\u00e9parant pour le G20 en 2025, [&hellip;]<\/p>\n","protected":false},"author":1,"featured_media":0,"parent":51,"menu_order":10,"comment_status":"closed","ping_status":"closed","template":"","meta":{"footnotes":""},"class_list":["post-53","page","type-page","status-publish","hentry"],"yoast_head":"<!-- This site is optimized with the Yoast SEO plugin v27.0 - https:\/\/yoast.com\/product\/yoast-seo-wordpress\/ -->\n<title>Changement d&#039;influence mondiale vers le sud - Municipal Forecast - Fran\u00e7ais<\/title>\n<meta name=\"robots\" content=\"index, follow, max-snippet:-1, max-image-preview:large, max-video-preview:-1\" \/>\n<link rel=\"canonical\" href=\"https:\/\/urbanjournalism.institute\/forecast-fr\/forecast-2024\/local-multilateralism\/global-influence-shifts-southdeep-dive-into-wuf-2024\/\" \/>\n<meta property=\"og:locale\" content=\"fr_FR\" \/>\n<meta property=\"og:type\" content=\"article\" \/>\n<meta property=\"og:title\" content=\"Changement d&#039;influence mondiale vers le sud - Municipal Forecast - Fran\u00e7ais\" \/>\n<meta property=\"og:description\" content=\"Changement d&rsquo;influence mondiale vers le sud:Le Br\u00e9sil et l&rsquo;Afrique du Sud, en T\u00eate Les deux pays ont une forte influence dans le multilat\u00e9ralisme local, une opportunit\u00e9 pour l\u2019Urban 20 Avec le Br\u00e9sil pr\u00eat \u00e0 accueillir le G20 en 2024 et la COP30 en 2025, et l\u2019Afrique du Sud se pr\u00e9parant pour le G20 en 2025, [&hellip;]\" \/>\n<meta property=\"og:url\" content=\"https:\/\/urbanjournalism.institute\/forecast-fr\/forecast-2024\/local-multilateralism\/global-influence-shifts-southdeep-dive-into-wuf-2024\/\" \/>\n<meta property=\"og:site_name\" content=\"Municipal Forecast - Fran\u00e7ais\" \/>\n<meta property=\"article:modified_time\" content=\"2024-08-26T12:10:20+00:00\" \/>\n<meta name=\"twitter:card\" content=\"summary_large_image\" \/>\n<meta name=\"twitter:label1\" content=\"Dur\u00e9e de lecture estim\u00e9e\" \/>\n\t<meta name=\"twitter:data1\" content=\"6 minutes\" \/>\n<script type=\"application\/ld+json\" class=\"yoast-schema-graph\">{\"@context\":\"https:\/\/schema.org\",\"@graph\":[{\"@type\":\"WebPage\",\"@id\":\"https:\/\/urbanjournalism.institute\/forecast-fr\/forecast-2024\/local-multilateralism\/global-influence-shifts-southdeep-dive-into-wuf-2024\/\",\"url\":\"https:\/\/urbanjournalism.institute\/forecast-fr\/forecast-2024\/local-multilateralism\/global-influence-shifts-southdeep-dive-into-wuf-2024\/\",\"name\":\"Changement d'influence mondiale vers le sud - Municipal Forecast - Fran\u00e7ais\",\"isPartOf\":{\"@id\":\"https:\/\/urbanjournalism.institute\/forecast-fr\/#website\"},\"datePublished\":\"2024-02-18T09:31:27+00:00\",\"dateModified\":\"2024-08-26T12:10:20+00:00\",\"breadcrumb\":{\"@id\":\"https:\/\/urbanjournalism.institute\/forecast-fr\/forecast-2024\/local-multilateralism\/global-influence-shifts-southdeep-dive-into-wuf-2024\/#breadcrumb\"},\"inLanguage\":\"fr-FR\",\"potentialAction\":[{\"@type\":\"ReadAction\",\"target\":[\"https:\/\/urbanjournalism.institute\/forecast-fr\/forecast-2024\/local-multilateralism\/global-influence-shifts-southdeep-dive-into-wuf-2024\/\"]}]},{\"@type\":\"BreadcrumbList\",\"@id\":\"https:\/\/urbanjournalism.institute\/forecast-fr\/forecast-2024\/local-multilateralism\/global-influence-shifts-southdeep-dive-into-wuf-2024\/#breadcrumb\",\"itemListElement\":[{\"@type\":\"ListItem\",\"position\":1,\"name\":\"Forecast 2024\",\"item\":\"https:\/\/urbanjournalism.institute\/forecast-fr\/\"},{\"@type\":\"ListItem\",\"position\":2,\"name\":\"Multilat\u00e9ralisme Local\",\"item\":\"https:\/\/urbanjournalism.institute\/forecast-fr\/forecast-2024\/local-multilateralism\/\"},{\"@type\":\"ListItem\",\"position\":3,\"name\":\"Changement d&rsquo;influence mondiale vers le sud\"}]},{\"@type\":\"WebSite\",\"@id\":\"https:\/\/urbanjournalism.institute\/forecast-fr\/#website\",\"url\":\"https:\/\/urbanjournalism.institute\/forecast-fr\/\",\"name\":\"Municipal Forecast - Fran\u00e7ais\",\"description\":\"\",\"potentialAction\":[{\"@type\":\"SearchAction\",\"target\":{\"@type\":\"EntryPoint\",\"urlTemplate\":\"https:\/\/urbanjournalism.institute\/forecast-fr\/?s={search_term_string}\"},\"query-input\":{\"@type\":\"PropertyValueSpecification\",\"valueRequired\":true,\"valueName\":\"search_term_string\"}}],\"inLanguage\":\"fr-FR\"}]}<\/script>\n<!-- \/ Yoast SEO plugin. -->","yoast_head_json":{"title":"Changement d'influence mondiale vers le sud - Municipal Forecast - Fran\u00e7ais","robots":{"index":"index","follow":"follow","max-snippet":"max-snippet:-1","max-image-preview":"max-image-preview:large","max-video-preview":"max-video-preview:-1"},"canonical":"https:\/\/urbanjournalism.institute\/forecast-fr\/forecast-2024\/local-multilateralism\/global-influence-shifts-southdeep-dive-into-wuf-2024\/","og_locale":"fr_FR","og_type":"article","og_title":"Changement d'influence mondiale vers le sud - Municipal Forecast - Fran\u00e7ais","og_description":"Changement d&rsquo;influence mondiale vers le sud:Le Br\u00e9sil et l&rsquo;Afrique du Sud, en T\u00eate Les deux pays ont une forte influence dans le multilat\u00e9ralisme local, une opportunit\u00e9 pour l\u2019Urban 20 Avec le Br\u00e9sil pr\u00eat \u00e0 accueillir le G20 en 2024 et la COP30 en 2025, et l\u2019Afrique du Sud se pr\u00e9parant pour le G20 en 2025, [&hellip;]","og_url":"https:\/\/urbanjournalism.institute\/forecast-fr\/forecast-2024\/local-multilateralism\/global-influence-shifts-southdeep-dive-into-wuf-2024\/","og_site_name":"Municipal Forecast - Fran\u00e7ais","article_modified_time":"2024-08-26T12:10:20+00:00","twitter_card":"summary_large_image","twitter_misc":{"Dur\u00e9e de lecture estim\u00e9e":"6 minutes"},"schema":{"@context":"https:\/\/schema.org","@graph":[{"@type":"WebPage","@id":"https:\/\/urbanjournalism.institute\/forecast-fr\/forecast-2024\/local-multilateralism\/global-influence-shifts-southdeep-dive-into-wuf-2024\/","url":"https:\/\/urbanjournalism.institute\/forecast-fr\/forecast-2024\/local-multilateralism\/global-influence-shifts-southdeep-dive-into-wuf-2024\/","name":"Changement d'influence mondiale vers le sud - Municipal Forecast - Fran\u00e7ais","isPartOf":{"@id":"https:\/\/urbanjournalism.institute\/forecast-fr\/#website"},"datePublished":"2024-02-18T09:31:27+00:00","dateModified":"2024-08-26T12:10:20+00:00","breadcrumb":{"@id":"https:\/\/urbanjournalism.institute\/forecast-fr\/forecast-2024\/local-multilateralism\/global-influence-shifts-southdeep-dive-into-wuf-2024\/#breadcrumb"},"inLanguage":"fr-FR","potentialAction":[{"@type":"ReadAction","target":["https:\/\/urbanjournalism.institute\/forecast-fr\/forecast-2024\/local-multilateralism\/global-influence-shifts-southdeep-dive-into-wuf-2024\/"]}]},{"@type":"BreadcrumbList","@id":"https:\/\/urbanjournalism.institute\/forecast-fr\/forecast-2024\/local-multilateralism\/global-influence-shifts-southdeep-dive-into-wuf-2024\/#breadcrumb","itemListElement":[{"@type":"ListItem","position":1,"name":"Forecast 2024","item":"https:\/\/urbanjournalism.institute\/forecast-fr\/"},{"@type":"ListItem","position":2,"name":"Multilat\u00e9ralisme Local","item":"https:\/\/urbanjournalism.institute\/forecast-fr\/forecast-2024\/local-multilateralism\/"},{"@type":"ListItem","position":3,"name":"Changement d&rsquo;influence mondiale vers le sud"}]},{"@type":"WebSite","@id":"https:\/\/urbanjournalism.institute\/forecast-fr\/#website","url":"https:\/\/urbanjournalism.institute\/forecast-fr\/","name":"Municipal Forecast - Fran\u00e7ais","description":"","potentialAction":[{"@type":"SearchAction","target":{"@type":"EntryPoint","urlTemplate":"https:\/\/urbanjournalism.institute\/forecast-fr\/?s={search_term_string}"},"query-input":{"@type":"PropertyValueSpecification","valueRequired":true,"valueName":"search_term_string"}}],"inLanguage":"fr-FR"}]}},"_links":{"self":[{"href":"https:\/\/urbanjournalism.institute\/forecast-fr\/wp-json\/wp\/v2\/pages\/53","targetHints":{"allow":["GET"]}}],"collection":[{"href":"https:\/\/urbanjournalism.institute\/forecast-fr\/wp-json\/wp\/v2\/pages"}],"about":[{"href":"https:\/\/urbanjournalism.institute\/forecast-fr\/wp-json\/wp\/v2\/types\/page"}],"author":[{"embeddable":true,"href":"https:\/\/urbanjournalism.institute\/forecast-fr\/wp-json\/wp\/v2\/users\/1"}],"replies":[{"embeddable":true,"href":"https:\/\/urbanjournalism.institute\/forecast-fr\/wp-json\/wp\/v2\/comments?post=53"}],"version-history":[{"count":6,"href":"https:\/\/urbanjournalism.institute\/forecast-fr\/wp-json\/wp\/v2\/pages\/53\/revisions"}],"predecessor-version":[{"id":189,"href":"https:\/\/urbanjournalism.institute\/forecast-fr\/wp-json\/wp\/v2\/pages\/53\/revisions\/189"}],"up":[{"embeddable":true,"href":"https:\/\/urbanjournalism.institute\/forecast-fr\/wp-json\/wp\/v2\/pages\/51"}],"wp:attachment":[{"href":"https:\/\/urbanjournalism.institute\/forecast-fr\/wp-json\/wp\/v2\/media?parent=53"}],"curies":[{"name":"wp","href":"https:\/\/api.w.org\/{rel}","templated":true}]}}