{"id":54,"date":"2024-02-18T09:31:27","date_gmt":"2024-02-18T09:31:27","guid":{"rendered":"https:\/\/urbanjournalism.institute\/forecast-fr\/forecast-2024\/local-multilateralism\/wuf-2024\/"},"modified":"2024-02-18T23:04:20","modified_gmt":"2024-02-18T23:04:20","slug":"wuf-2024","status":"publish","type":"page","link":"https:\/\/urbanjournalism.institute\/forecast-fr\/forecast-2024\/local-multilateralism\/wuf-2024\/","title":{"rendered":"WUF 2024"},"content":{"rendered":"\n<figure class=\"wp-block-image size-large\"><img decoding=\"async\" src=\"\/wp-content\/themes\/uji\/img\/mf24\/global-influence-shifts-southdeep-dive-into-wuf-2024-4.jpg\" alt=\"\" \/><figcaption class=\"wp-element-caption\"><em>\u00a9 Elifinatlasi<\/em><\/figcaption><\/figure>\n\n\n\n<div class=\"wp-block-group\"><div class=\"wp-block-group__inner-container is-layout-constrained wp-block-group-is-layout-constrained\">\n<h1 class=\"wp-block-heading has-x-large-font-size\"><strong>WUF 2024<\/strong><\/h1>\n\n\n\n<p class=\"font-serif has-medium-font-size\" id=\"font-serif\"><strong><em>Actions locales pour des villes<\/em><\/strong><br><strong><em>et des communaut\u00e9s durables<\/em><\/strong><\/p>\n\n\n\n<div class=\"wp-block-columns gap-10 mt-10 is-layout-flex wp-container-core-columns-is-layout-9d6595d7 wp-block-columns-is-layout-flex\">\n<div class=\"wp-block-column is-layout-flow wp-block-column-is-layout-flow\">\n<p>Novembre 2024 est le moment du Forum urbain mondial biennal, organis\u00e9 par ONU-Habitat et destin\u00e9 \u00e0 faire le point sur le d\u00e9veloppement urbain mondial, guid\u00e9 par l\u2019Agenda 2030 et le Nouveau Pro &#8211; gramme pour les Villes. Cette ann\u00e9e, le 12e Forum urbain mondial (WUF12) aura lieu au Caire avec pour <strong>th\u00e8me <\/strong>\u00ab<strong>Tout commence \u00e0 la maison : Actions locales pour des villes et des communaut\u00e9s durables<\/strong>\u00bb. En mettant l\u2019accent sur la localisation des objectifs de d\u00e9veloppement durable, en particulier l\u2019objectif 11, la conf\u00e9rence mettra en lumi\u00e8re les actions et initiatives locales.<\/p>\n\n\n\n<p><strong>L\u2019Assembl\u00e9e mondiale des gouvernements locaux et r\u00e9gionaux <\/strong>a traditionnellement lieu dans le cadre du Forum urbain mondial. L\u2019Assembl\u00e9e g\u00e9n\u00e9rale des Nations Unies l\u2019a officiellement reconnue pour le r\u00f4le des gouvernements locaux et r\u00e9gionaux dans le d\u00e9veloppement urbain durable et la mise en \u0153uvre du Nouveau Programme pour les Villes. Elle offre un <strong>m\u00e9canisme par lequel les gouvernements locaux et r\u00e9gionaux fournissent des contributions aux agendas mondiaux<\/strong>, en s\u2019appuyant sur l\u2019expertise des communaut\u00e9s. Cet \u00e9v\u00e9nement fera suite aux engagements pris lors de la r\u00e9union de haut niveau sur l\u2019examen du Nouveau Programme pour les Villes \u00e0 New York en avril 2022 et lors du WUF11 \u00e0 Katowice en 2022.<\/p>\n<\/div>\n\n\n\n<div class=\"wp-block-column is-layout-flow wp-block-column-is-layout-flow\">\n<p>Le 12\u00e8me Forum urbain mondial aura lieu peu de temps apr\u00e8s le Sommet de l\u2019avenir des Nations Unies en 2024, marquant la ligne des cinq ans pour atteindre les ODD. De nombreux appels \u00e0 adresser collectivement des d\u00e9fis mondiaux tels que la pauvret\u00e9 croissante et les in\u00e9galit\u00e9s, le changement climatique, les conflits arm\u00e9s et la fracture num\u00e9rique seront entendus. Et bien que tout le monde convienne que les villes et communaut\u00e9s durables ont un r\u00f4le transformateur dans la mise en \u0153uvre du Programme de d\u00e9veloppement durable \u00e0 l\u2019horizon 2030, le d\u00e9fi est de trouver des solutions locales efficaces. La<strong> COP29, qui se tiendra en Azerba\u00efdjan quelques jours apr\u00e8s le WUF<\/strong>, influencera les id\u00e9es et les d\u00e9cisions concernant l\u2019adaptation et l\u2019att\u00e9nuation du climat dans les villes &#8211; \u00e0 nous de transformer ces impulsions en actions.<\/p>\n<\/div>\n<\/div>\n<\/div><\/div>\n","protected":false},"excerpt":{"rendered":"<p>WUF 2024 Actions locales pour des villeset des communaut\u00e9s durables Novembre 2024 est le moment du Forum urbain mondial biennal, organis\u00e9 par ONU-Habitat et destin\u00e9 \u00e0 faire le point sur le d\u00e9veloppement urbain mondial, guid\u00e9 par l\u2019Agenda 2030 et le Nouveau Pro &#8211; gramme pour les Villes. Cette ann\u00e9e, le 12e Forum urbain mondial (WUF12) [&hellip;]<\/p>\n","protected":false},"author":1,"featured_media":0,"parent":51,"menu_order":20,"comment_status":"closed","ping_status":"closed","template":"","meta":{"footnotes":""},"class_list":["post-54","page","type-page","status-publish","hentry"],"yoast_head":"<!-- This site is optimized with the Yoast SEO plugin v27.0 - https:\/\/yoast.com\/product\/yoast-seo-wordpress\/ -->\n<title>WUF 2024 - Municipal Forecast - Fran\u00e7ais<\/title>\n<meta name=\"robots\" content=\"index, follow, max-snippet:-1, max-image-preview:large, max-video-preview:-1\" \/>\n<link rel=\"canonical\" href=\"https:\/\/urbanjournalism.institute\/forecast-fr\/forecast-2024\/local-multilateralism\/wuf-2024\/\" \/>\n<meta property=\"og:locale\" content=\"fr_FR\" \/>\n<meta property=\"og:type\" content=\"article\" \/>\n<meta property=\"og:title\" content=\"WUF 2024 - Municipal Forecast - Fran\u00e7ais\" \/>\n<meta property=\"og:description\" content=\"WUF 2024 Actions locales pour des villeset des communaut\u00e9s durables Novembre 2024 est le moment du Forum urbain mondial biennal, organis\u00e9 par ONU-Habitat et destin\u00e9 \u00e0 faire le point sur le d\u00e9veloppement urbain mondial, guid\u00e9 par l\u2019Agenda 2030 et le Nouveau Pro &#8211; gramme pour les Villes. Cette ann\u00e9e, le 12e Forum urbain mondial (WUF12) [&hellip;]\" \/>\n<meta property=\"og:url\" content=\"https:\/\/urbanjournalism.institute\/forecast-fr\/forecast-2024\/local-multilateralism\/wuf-2024\/\" \/>\n<meta property=\"og:site_name\" content=\"Municipal Forecast - Fran\u00e7ais\" \/>\n<meta property=\"article:modified_time\" content=\"2024-02-18T23:04:20+00:00\" \/>\n<meta name=\"twitter:card\" content=\"summary_large_image\" \/>\n<meta name=\"twitter:label1\" content=\"Dur\u00e9e de lecture estim\u00e9e\" \/>\n\t<meta name=\"twitter:data1\" content=\"2 minutes\" \/>\n<script type=\"application\/ld+json\" class=\"yoast-schema-graph\">{\"@context\":\"https:\/\/schema.org\",\"@graph\":[{\"@type\":\"WebPage\",\"@id\":\"https:\/\/urbanjournalism.institute\/forecast-fr\/forecast-2024\/local-multilateralism\/wuf-2024\/\",\"url\":\"https:\/\/urbanjournalism.institute\/forecast-fr\/forecast-2024\/local-multilateralism\/wuf-2024\/\",\"name\":\"WUF 2024 - Municipal Forecast - Fran\u00e7ais\",\"isPartOf\":{\"@id\":\"https:\/\/urbanjournalism.institute\/forecast-fr\/#website\"},\"datePublished\":\"2024-02-18T09:31:27+00:00\",\"dateModified\":\"2024-02-18T23:04:20+00:00\",\"breadcrumb\":{\"@id\":\"https:\/\/urbanjournalism.institute\/forecast-fr\/forecast-2024\/local-multilateralism\/wuf-2024\/#breadcrumb\"},\"inLanguage\":\"fr-FR\",\"potentialAction\":[{\"@type\":\"ReadAction\",\"target\":[\"https:\/\/urbanjournalism.institute\/forecast-fr\/forecast-2024\/local-multilateralism\/wuf-2024\/\"]}]},{\"@type\":\"BreadcrumbList\",\"@id\":\"https:\/\/urbanjournalism.institute\/forecast-fr\/forecast-2024\/local-multilateralism\/wuf-2024\/#breadcrumb\",\"itemListElement\":[{\"@type\":\"ListItem\",\"position\":1,\"name\":\"Forecast 2024\",\"item\":\"https:\/\/urbanjournalism.institute\/forecast-fr\/\"},{\"@type\":\"ListItem\",\"position\":2,\"name\":\"Multilat\u00e9ralisme Local\",\"item\":\"https:\/\/urbanjournalism.institute\/forecast-fr\/forecast-2024\/local-multilateralism\/\"},{\"@type\":\"ListItem\",\"position\":3,\"name\":\"WUF 2024\"}]},{\"@type\":\"WebSite\",\"@id\":\"https:\/\/urbanjournalism.institute\/forecast-fr\/#website\",\"url\":\"https:\/\/urbanjournalism.institute\/forecast-fr\/\",\"name\":\"Municipal Forecast - Fran\u00e7ais\",\"description\":\"\",\"potentialAction\":[{\"@type\":\"SearchAction\",\"target\":{\"@type\":\"EntryPoint\",\"urlTemplate\":\"https:\/\/urbanjournalism.institute\/forecast-fr\/?s={search_term_string}\"},\"query-input\":{\"@type\":\"PropertyValueSpecification\",\"valueRequired\":true,\"valueName\":\"search_term_string\"}}],\"inLanguage\":\"fr-FR\"}]}<\/script>\n<!-- \/ Yoast SEO plugin. -->","yoast_head_json":{"title":"WUF 2024 - Municipal Forecast - Fran\u00e7ais","robots":{"index":"index","follow":"follow","max-snippet":"max-snippet:-1","max-image-preview":"max-image-preview:large","max-video-preview":"max-video-preview:-1"},"canonical":"https:\/\/urbanjournalism.institute\/forecast-fr\/forecast-2024\/local-multilateralism\/wuf-2024\/","og_locale":"fr_FR","og_type":"article","og_title":"WUF 2024 - Municipal Forecast - Fran\u00e7ais","og_description":"WUF 2024 Actions locales pour des villeset des communaut\u00e9s durables Novembre 2024 est le moment du Forum urbain mondial biennal, organis\u00e9 par ONU-Habitat et destin\u00e9 \u00e0 faire le point sur le d\u00e9veloppement urbain mondial, guid\u00e9 par l\u2019Agenda 2030 et le Nouveau Pro &#8211; gramme pour les Villes. Cette ann\u00e9e, le 12e Forum urbain mondial (WUF12) [&hellip;]","og_url":"https:\/\/urbanjournalism.institute\/forecast-fr\/forecast-2024\/local-multilateralism\/wuf-2024\/","og_site_name":"Municipal Forecast - Fran\u00e7ais","article_modified_time":"2024-02-18T23:04:20+00:00","twitter_card":"summary_large_image","twitter_misc":{"Dur\u00e9e de lecture estim\u00e9e":"2 minutes"},"schema":{"@context":"https:\/\/schema.org","@graph":[{"@type":"WebPage","@id":"https:\/\/urbanjournalism.institute\/forecast-fr\/forecast-2024\/local-multilateralism\/wuf-2024\/","url":"https:\/\/urbanjournalism.institute\/forecast-fr\/forecast-2024\/local-multilateralism\/wuf-2024\/","name":"WUF 2024 - Municipal Forecast - Fran\u00e7ais","isPartOf":{"@id":"https:\/\/urbanjournalism.institute\/forecast-fr\/#website"},"datePublished":"2024-02-18T09:31:27+00:00","dateModified":"2024-02-18T23:04:20+00:00","breadcrumb":{"@id":"https:\/\/urbanjournalism.institute\/forecast-fr\/forecast-2024\/local-multilateralism\/wuf-2024\/#breadcrumb"},"inLanguage":"fr-FR","potentialAction":[{"@type":"ReadAction","target":["https:\/\/urbanjournalism.institute\/forecast-fr\/forecast-2024\/local-multilateralism\/wuf-2024\/"]}]},{"@type":"BreadcrumbList","@id":"https:\/\/urbanjournalism.institute\/forecast-fr\/forecast-2024\/local-multilateralism\/wuf-2024\/#breadcrumb","itemListElement":[{"@type":"ListItem","position":1,"name":"Forecast 2024","item":"https:\/\/urbanjournalism.institute\/forecast-fr\/"},{"@type":"ListItem","position":2,"name":"Multilat\u00e9ralisme Local","item":"https:\/\/urbanjournalism.institute\/forecast-fr\/forecast-2024\/local-multilateralism\/"},{"@type":"ListItem","position":3,"name":"WUF 2024"}]},{"@type":"WebSite","@id":"https:\/\/urbanjournalism.institute\/forecast-fr\/#website","url":"https:\/\/urbanjournalism.institute\/forecast-fr\/","name":"Municipal Forecast - Fran\u00e7ais","description":"","potentialAction":[{"@type":"SearchAction","target":{"@type":"EntryPoint","urlTemplate":"https:\/\/urbanjournalism.institute\/forecast-fr\/?s={search_term_string}"},"query-input":{"@type":"PropertyValueSpecification","valueRequired":true,"valueName":"search_term_string"}}],"inLanguage":"fr-FR"}]}},"_links":{"self":[{"href":"https:\/\/urbanjournalism.institute\/forecast-fr\/wp-json\/wp\/v2\/pages\/54","targetHints":{"allow":["GET"]}}],"collection":[{"href":"https:\/\/urbanjournalism.institute\/forecast-fr\/wp-json\/wp\/v2\/pages"}],"about":[{"href":"https:\/\/urbanjournalism.institute\/forecast-fr\/wp-json\/wp\/v2\/types\/page"}],"author":[{"embeddable":true,"href":"https:\/\/urbanjournalism.institute\/forecast-fr\/wp-json\/wp\/v2\/users\/1"}],"replies":[{"embeddable":true,"href":"https:\/\/urbanjournalism.institute\/forecast-fr\/wp-json\/wp\/v2\/comments?post=54"}],"version-history":[{"count":1,"href":"https:\/\/urbanjournalism.institute\/forecast-fr\/wp-json\/wp\/v2\/pages\/54\/revisions"}],"predecessor-version":[{"id":98,"href":"https:\/\/urbanjournalism.institute\/forecast-fr\/wp-json\/wp\/v2\/pages\/54\/revisions\/98"}],"up":[{"embeddable":true,"href":"https:\/\/urbanjournalism.institute\/forecast-fr\/wp-json\/wp\/v2\/pages\/51"}],"wp:attachment":[{"href":"https:\/\/urbanjournalism.institute\/forecast-fr\/wp-json\/wp\/v2\/media?parent=54"}],"curies":[{"name":"wp","href":"https:\/\/api.w.org\/{rel}","templated":true}]}}