{"id":55,"date":"2024-02-18T09:31:27","date_gmt":"2024-02-18T09:31:27","guid":{"rendered":"https:\/\/urbanjournalism.institute\/forecast-fr\/forecast-2024\/a-vote-for-democracy\/"},"modified":"2024-03-06T10:56:44","modified_gmt":"2024-03-06T10:56:44","slug":"a-vote-for-democracy","status":"publish","type":"page","link":"https:\/\/urbanjournalism.institute\/forecast-fr\/forecast-2024\/a-vote-for-democracy\/","title":{"rendered":"Un vote pour la d\u00e9mocratie"},"content":{"rendered":"\n<figure class=\"wp-block-image size-large\"><img decoding=\"async\" src=\"\/wp-content\/themes\/uji\/img\/mf24\/a-vote-for-democracy.jpg\" alt=\"\" \/><figcaption class=\"wp-element-caption\"><em>@ Jaime Lopes<\/em><\/figcaption><\/figure>\n\n\n\n<div class=\"wp-block-group p-10\"><div class=\"wp-block-group__inner-container is-layout-constrained wp-block-group-is-layout-constrained\">\n<h1 class=\"wp-block-heading\" style=\"text-transform:uppercase\"><strong>Un VOTE POUR LA D\u00c9MOCRATIE<\/strong><\/h1>\n\n\n\n<p class=\"has-text-align-left font-serif has-medium-font-size\"><strong>2024 marques une \u00e9tape historique en tant que \u201csuper ann\u00e9e \u00e9lectorale\u201d<\/strong><\/p>\n\n\n\n<div class=\"wp-block-columns is-layout-flex wp-container-core-columns-is-layout-9d6595d7 wp-block-columns-is-layout-flex\">\n<div class=\"wp-block-column is-layout-flow wp-block-column-is-layout-flow\" style=\"flex-basis:66.66%\"><\/div>\n\n\n\n<div class=\"wp-block-column is-layout-flow wp-block-column-is-layout-flow\" style=\"flex-basis:33.33%\"><\/div>\n<\/div>\n\n\n\n<p>Le plus grand nombre de convocations \u00e9lectorales jamais enregistr\u00e9 se pr\u00e9pare. <strong>Plus de 70 pays se pr\u00e9parent \u00e0 des \u00e9lections nationales ou l\u00e9gislatives, un exploit remarquable qui inclut cinq des six plus grandes d\u00e9mocraties mondiales<\/strong>. Cet \u00e9v\u00e9nement extraordinaire, non pr\u00e9vu pour \u00eatre reproduit avant 2048, engage plus de quatre milliards de personnes et est destin\u00e9 \u00e0 influencer significativement la politique mondiale dans les ann\u00e9es \u00e0 venir. La question cruciale qui persiste est de savoir comment l\u2019exercice du vote contribuera v\u00e9ritablement \u00e0 favoriser une d\u00e9mocratie accrue dans le monde entier.<\/p>\n\n\n\n<p><strong>L\u2019Afrique conna\u00eetra un nombre plus \u00e9lev\u00e9 d\u2019\u00e9lections<\/strong>, la plupart d\u2019entre elles se d\u00e9roulant au second semestre de l\u2019ann\u00e9e, avec pr\u00e8s d\u2019un tiers de ses pays qui vont voter, dont le Ghana, le Mozambique, le Rwanda, le S\u00e9n\u00e9gal et l\u2019Afrique du Sud. Les \u00e9lections au Burkina Faso, au Tchad et au Mali, qui ont connu des coups d\u2019\u00c9tat ces derni\u00e8res ann\u00e9es, restent incertaines, d\u00e9pendant de l\u2019accomplissement des promesses des conseils militaires de revenir \u00e0 un r\u00e9gime civil. L\u2019issue d\u00e9pend \u00e9galement d\u2019une r\u00e9flexion r\u00e9aliste sur le conflit dans la r\u00e9gion du Sahel.<\/p>\n\n\n\n<p><strong>Les \u00e9lections asiatiques mobiliseront le plus grand nombre de votants<\/strong>, principalement pr\u00e9vues pour le second semestre de l\u2019ann\u00e9e. L\u2019Inde, l\u2019Indon\u00e9sie et le Bangladesh figurent tous parmi les pays les plus peupl\u00e9s du monde. Au-del\u00e0 de ces points focaux, des \u00e9lections se d\u00e9rouleront en Azerba\u00efdjan, en Iran, en Mongolie, en Cor\u00e9e du Sud et au Pakistan.<\/p>\n\n\n\n<figure class=\"wp-block-image size-large\"><img decoding=\"async\" src=\"\/wp-content\/themes\/uji\/img\/mf24\/a-vote-for-democracy-2.jpg\" alt=\"\" style=\"aspect-ratio:16\/9;object-fit:cover\" \/><figcaption class=\"wp-element-caption\"><em>\u00a9&nbsp; Rio Lecatompessy<\/em><\/figcaption><\/figure>\n\n\n\n<p>Les \u00e9lections pour \u00e9lire les repr\u00e9sentants au Parlement europ\u00e9en sont pr\u00e9vues dans les 27 pays de l&rsquo;Union europ\u00e9enne du jeudi 6 juin au dimanche 9 juin 2024. Environ 400 millions d\u2019\u00e9lecteurs exerceront leur droit de vote. \u00c0 la suite des \u00e9lections, les parlementaires europ\u00e9ens \u00e9liront le pr\u00e9sident du Parlement et le nouveau pr\u00e9sident de la Commission europ\u00e9enne.<\/p>\n\n\n\n<p>Les <strong>\u00e9lections pr\u00e9sidentielles am\u00e9ricaines sont<\/strong> pr\u00e9vues pour le 5 novembre 2024, avec des primaires pr\u00e9sidentielles en cours pour \u00e9lire les candidats r\u00e9publicain et d\u00e9mocrate et la possibilit\u00e9 d\u2019une revanche entre Biden et Trump.<\/p>\n<\/div><\/div>\n","protected":false},"excerpt":{"rendered":"<p>Un VOTE POUR LA D\u00c9MOCRATIE 2024 marques une \u00e9tape historique en tant que \u201csuper ann\u00e9e \u00e9lectorale\u201d Le plus grand nombre de convocations \u00e9lectorales jamais enregistr\u00e9 se pr\u00e9pare. Plus de 70 pays se pr\u00e9parent \u00e0 des \u00e9lections nationales ou l\u00e9gislatives, un exploit remarquable qui inclut cinq des six plus grandes d\u00e9mocraties mondiales. Cet \u00e9v\u00e9nement extraordinaire, non [&hellip;]<\/p>\n","protected":false},"author":1,"featured_media":0,"parent":43,"menu_order":30,"comment_status":"closed","ping_status":"closed","template":"","meta":{"footnotes":""},"class_list":["post-55","page","type-page","status-publish","hentry"],"yoast_head":"<!-- This site is optimized with the Yoast SEO plugin v27.0 - https:\/\/yoast.com\/product\/yoast-seo-wordpress\/ -->\n<title>Un vote pour la d\u00e9mocratie - Municipal Forecast - Fran\u00e7ais<\/title>\n<meta name=\"robots\" content=\"index, follow, max-snippet:-1, max-image-preview:large, max-video-preview:-1\" \/>\n<link rel=\"canonical\" href=\"https:\/\/urbanjournalism.institute\/forecast-fr\/forecast-2024\/a-vote-for-democracy\/\" \/>\n<meta property=\"og:locale\" content=\"fr_FR\" \/>\n<meta property=\"og:type\" content=\"article\" \/>\n<meta property=\"og:title\" content=\"Un vote pour la d\u00e9mocratie - Municipal Forecast - Fran\u00e7ais\" \/>\n<meta property=\"og:description\" content=\"Un VOTE POUR LA D\u00c9MOCRATIE 2024 marques une \u00e9tape historique en tant que \u201csuper ann\u00e9e \u00e9lectorale\u201d Le plus grand nombre de convocations \u00e9lectorales jamais enregistr\u00e9 se pr\u00e9pare. Plus de 70 pays se pr\u00e9parent \u00e0 des \u00e9lections nationales ou l\u00e9gislatives, un exploit remarquable qui inclut cinq des six plus grandes d\u00e9mocraties mondiales. Cet \u00e9v\u00e9nement extraordinaire, non [&hellip;]\" \/>\n<meta property=\"og:url\" content=\"https:\/\/urbanjournalism.institute\/forecast-fr\/forecast-2024\/a-vote-for-democracy\/\" \/>\n<meta property=\"og:site_name\" content=\"Municipal Forecast - Fran\u00e7ais\" \/>\n<meta property=\"article:modified_time\" content=\"2024-03-06T10:56:44+00:00\" \/>\n<meta name=\"twitter:card\" content=\"summary_large_image\" \/>\n<meta name=\"twitter:label1\" content=\"Dur\u00e9e de lecture estim\u00e9e\" \/>\n\t<meta name=\"twitter:data1\" content=\"3 minutes\" \/>\n<script type=\"application\/ld+json\" class=\"yoast-schema-graph\">{\"@context\":\"https:\/\/schema.org\",\"@graph\":[{\"@type\":\"WebPage\",\"@id\":\"https:\/\/urbanjournalism.institute\/forecast-fr\/forecast-2024\/a-vote-for-democracy\/\",\"url\":\"https:\/\/urbanjournalism.institute\/forecast-fr\/forecast-2024\/a-vote-for-democracy\/\",\"name\":\"Un vote pour la d\u00e9mocratie - Municipal Forecast - Fran\u00e7ais\",\"isPartOf\":{\"@id\":\"https:\/\/urbanjournalism.institute\/forecast-fr\/#website\"},\"datePublished\":\"2024-02-18T09:31:27+00:00\",\"dateModified\":\"2024-03-06T10:56:44+00:00\",\"breadcrumb\":{\"@id\":\"https:\/\/urbanjournalism.institute\/forecast-fr\/forecast-2024\/a-vote-for-democracy\/#breadcrumb\"},\"inLanguage\":\"fr-FR\",\"potentialAction\":[{\"@type\":\"ReadAction\",\"target\":[\"https:\/\/urbanjournalism.institute\/forecast-fr\/forecast-2024\/a-vote-for-democracy\/\"]}]},{\"@type\":\"BreadcrumbList\",\"@id\":\"https:\/\/urbanjournalism.institute\/forecast-fr\/forecast-2024\/a-vote-for-democracy\/#breadcrumb\",\"itemListElement\":[{\"@type\":\"ListItem\",\"position\":1,\"name\":\"Forecast 2024\",\"item\":\"https:\/\/urbanjournalism.institute\/forecast-fr\/\"},{\"@type\":\"ListItem\",\"position\":2,\"name\":\"Un vote pour la d\u00e9mocratie\"}]},{\"@type\":\"WebSite\",\"@id\":\"https:\/\/urbanjournalism.institute\/forecast-fr\/#website\",\"url\":\"https:\/\/urbanjournalism.institute\/forecast-fr\/\",\"name\":\"Municipal Forecast - Fran\u00e7ais\",\"description\":\"\",\"potentialAction\":[{\"@type\":\"SearchAction\",\"target\":{\"@type\":\"EntryPoint\",\"urlTemplate\":\"https:\/\/urbanjournalism.institute\/forecast-fr\/?s={search_term_string}\"},\"query-input\":{\"@type\":\"PropertyValueSpecification\",\"valueRequired\":true,\"valueName\":\"search_term_string\"}}],\"inLanguage\":\"fr-FR\"}]}<\/script>\n<!-- \/ Yoast SEO plugin. -->","yoast_head_json":{"title":"Un vote pour la d\u00e9mocratie - Municipal Forecast - Fran\u00e7ais","robots":{"index":"index","follow":"follow","max-snippet":"max-snippet:-1","max-image-preview":"max-image-preview:large","max-video-preview":"max-video-preview:-1"},"canonical":"https:\/\/urbanjournalism.institute\/forecast-fr\/forecast-2024\/a-vote-for-democracy\/","og_locale":"fr_FR","og_type":"article","og_title":"Un vote pour la d\u00e9mocratie - Municipal Forecast - Fran\u00e7ais","og_description":"Un VOTE POUR LA D\u00c9MOCRATIE 2024 marques une \u00e9tape historique en tant que \u201csuper ann\u00e9e \u00e9lectorale\u201d Le plus grand nombre de convocations \u00e9lectorales jamais enregistr\u00e9 se pr\u00e9pare. Plus de 70 pays se pr\u00e9parent \u00e0 des \u00e9lections nationales ou l\u00e9gislatives, un exploit remarquable qui inclut cinq des six plus grandes d\u00e9mocraties mondiales. Cet \u00e9v\u00e9nement extraordinaire, non [&hellip;]","og_url":"https:\/\/urbanjournalism.institute\/forecast-fr\/forecast-2024\/a-vote-for-democracy\/","og_site_name":"Municipal Forecast - Fran\u00e7ais","article_modified_time":"2024-03-06T10:56:44+00:00","twitter_card":"summary_large_image","twitter_misc":{"Dur\u00e9e de lecture estim\u00e9e":"3 minutes"},"schema":{"@context":"https:\/\/schema.org","@graph":[{"@type":"WebPage","@id":"https:\/\/urbanjournalism.institute\/forecast-fr\/forecast-2024\/a-vote-for-democracy\/","url":"https:\/\/urbanjournalism.institute\/forecast-fr\/forecast-2024\/a-vote-for-democracy\/","name":"Un vote pour la d\u00e9mocratie - Municipal Forecast - Fran\u00e7ais","isPartOf":{"@id":"https:\/\/urbanjournalism.institute\/forecast-fr\/#website"},"datePublished":"2024-02-18T09:31:27+00:00","dateModified":"2024-03-06T10:56:44+00:00","breadcrumb":{"@id":"https:\/\/urbanjournalism.institute\/forecast-fr\/forecast-2024\/a-vote-for-democracy\/#breadcrumb"},"inLanguage":"fr-FR","potentialAction":[{"@type":"ReadAction","target":["https:\/\/urbanjournalism.institute\/forecast-fr\/forecast-2024\/a-vote-for-democracy\/"]}]},{"@type":"BreadcrumbList","@id":"https:\/\/urbanjournalism.institute\/forecast-fr\/forecast-2024\/a-vote-for-democracy\/#breadcrumb","itemListElement":[{"@type":"ListItem","position":1,"name":"Forecast 2024","item":"https:\/\/urbanjournalism.institute\/forecast-fr\/"},{"@type":"ListItem","position":2,"name":"Un vote pour la d\u00e9mocratie"}]},{"@type":"WebSite","@id":"https:\/\/urbanjournalism.institute\/forecast-fr\/#website","url":"https:\/\/urbanjournalism.institute\/forecast-fr\/","name":"Municipal Forecast - Fran\u00e7ais","description":"","potentialAction":[{"@type":"SearchAction","target":{"@type":"EntryPoint","urlTemplate":"https:\/\/urbanjournalism.institute\/forecast-fr\/?s={search_term_string}"},"query-input":{"@type":"PropertyValueSpecification","valueRequired":true,"valueName":"search_term_string"}}],"inLanguage":"fr-FR"}]}},"_links":{"self":[{"href":"https:\/\/urbanjournalism.institute\/forecast-fr\/wp-json\/wp\/v2\/pages\/55","targetHints":{"allow":["GET"]}}],"collection":[{"href":"https:\/\/urbanjournalism.institute\/forecast-fr\/wp-json\/wp\/v2\/pages"}],"about":[{"href":"https:\/\/urbanjournalism.institute\/forecast-fr\/wp-json\/wp\/v2\/types\/page"}],"author":[{"embeddable":true,"href":"https:\/\/urbanjournalism.institute\/forecast-fr\/wp-json\/wp\/v2\/users\/1"}],"replies":[{"embeddable":true,"href":"https:\/\/urbanjournalism.institute\/forecast-fr\/wp-json\/wp\/v2\/comments?post=55"}],"version-history":[{"count":3,"href":"https:\/\/urbanjournalism.institute\/forecast-fr\/wp-json\/wp\/v2\/pages\/55\/revisions"}],"predecessor-version":[{"id":174,"href":"https:\/\/urbanjournalism.institute\/forecast-fr\/wp-json\/wp\/v2\/pages\/55\/revisions\/174"}],"up":[{"embeddable":true,"href":"https:\/\/urbanjournalism.institute\/forecast-fr\/wp-json\/wp\/v2\/pages\/43"}],"wp:attachment":[{"href":"https:\/\/urbanjournalism.institute\/forecast-fr\/wp-json\/wp\/v2\/media?parent=55"}],"curies":[{"name":"wp","href":"https:\/\/api.w.org\/{rel}","templated":true}]}}