{"id":56,"date":"2024-02-18T09:31:27","date_gmt":"2024-02-18T09:31:27","guid":{"rendered":"https:\/\/urbanjournalism.institute\/forecast-fr\/forecast-2024\/a-vote-for-democracy\/local-leadership\/"},"modified":"2024-02-19T08:44:23","modified_gmt":"2024-02-19T08:44:23","slug":"local-leadership","status":"publish","type":"page","link":"https:\/\/urbanjournalism.institute\/forecast-fr\/forecast-2024\/a-vote-for-democracy\/local-leadership\/","title":{"rendered":"Gourvernance local"},"content":{"rendered":"\n<div class=\"wp-block-group py-5\"><div class=\"wp-block-group__inner-container is-layout-constrained wp-block-group-is-layout-constrained\">\n<h1 class=\"wp-block-heading\">Gouvernance local<\/h1>\n\n\n\n<p class=\"font-serif has-medium-font-size\">\u00c9LECTIONS LOCALES EN 2024<\/p>\n<\/div><\/div>\n\n\n\n<figure class=\"wp-block-image size-large\"><img decoding=\"async\" src=\"\/wp-content\/themes\/uji\/img\/mf24\/local-leadership.jpg\" alt=\"\" \/><figcaption class=\"wp-element-caption\"><em>@ Steven Fruitsmaak<\/em><\/figcaption><\/figure>\n\n\n\n<div class=\"wp-block-columns p-10 gap-10 is-layout-flex wp-container-core-columns-is-layout-9d6595d7 wp-block-columns-is-layout-flex\">\n<div class=\"wp-block-column is-layout-flow wp-block-column-is-layout-flow\" style=\"flex-basis:66.66%\">\n<p>Alors que les \u00e9lections locales et r\u00e9gionales peuvent \u00eatre \u00e9clips\u00e9es par la super ann\u00e9e \u00e9lectorale nationale \u00e9crasante, plusieurs pays, dont la Belgique, le Br\u00e9sil, le Costa Rica, El Salvador, la Jama\u00efque, Malte, le Mexique, la Turquie et le Royaume-Uni, s\u2019appr\u00eatent \u00e0 \u00e9lire leurs repr\u00e9sentants locaux en 2024. Des villes telles que Bruxelles, Dublin, Istanbul, Londres, Mexico, Rio de Janeiro, San Jos\u00e9, Santiago du Chili, Santo Domingo et S\u00e3o Paulo, entre autres, assisteront \u00e0 des soir\u00e9es \u00e9lectorales passionnantes remplies d\u2019attentes.<\/p>\n\n\n\n<p>L\u2019Am\u00e9rique latine prend le devant de la sc\u00e8ne pour les \u00e9lections locales de 2024, avec le Costa Rica en ouverture en f\u00e9vrier. Le choix du maire de San Jos\u00e9 rev\u00eat une importance particuli\u00e8re en pr\u00e9lude aux \u00e9lections pr\u00e9sidentielles de 2026. Le maire actuel, Johnny Araya, est emp\u00each\u00e9 de se repr\u00e9senter en raison de r\u00e9cents changements dans la loi \u00e9lectorale limitant les mandats ind\u00e9finis. La ville de San Jos\u00e9 se distingue en tant que bastion du progr\u00e8s et du leadership, non seulement en raison de son budget, le plus important de tous les cantons, mais aussi pour son impact symbolique en tant que capitale du pays.<\/p>\n\n\n\n<p>La R\u00e9publique dominicaine devrait organiser des \u00e9lections municipales le 18 f\u00e9vrier 2024, se concentrant sur la question de savoir si Carolina Mej\u00eda sera r\u00e9\u00e9lue maire de Santo Domingo. Ensuite, la Jama\u00efque pr\u00e9voit d\u2019organiser ses \u00e9lections locales le 28 f\u00e9vrier 2024, suivie par El Salvador le 3 mars 2024, apr\u00e8s ses \u00e9lections g\u00e9n\u00e9rales en f\u00e9vrier. On s\u2019attend \u00e0 ce que ce dernier confirme un second mandat pour le pr\u00e9sident Bukele, qui a pr\u00e9c\u00e9demment \u00e9t\u00e9 maire de la capitale, San Salvador.<\/p>\n\n\n\n<p>Le 2 juin 2024, simultan\u00e9ment aux \u00e9lections g\u00e9n\u00e9rales, le Mexique organisera des \u00e9lections locales et r\u00e9gionales dans 1 580 municipalit\u00e9s et plusieurs \u00c9tats. La mise en lumi\u00e8re sera sur l\u2019\u00e9lection du chef du gouvernement de Mexico pour un mandat de six ans, succ\u00e9dant \u00e0 Claudia Sheinbaum, qui a abandonn\u00e9 le poste pour se lancer dans sa campagne pr\u00e9sidentielle et est la favorite pour devenir la premi\u00e8re femme pr\u00e9sidente. Clara Brugada, la candidate du parti au pouvoir, pourrait \u00eatre la deuxi\u00e8me femme cons\u00e9cutive \u00e0 diriger le gouvernement de la capitale mexicaine, suivant les traces de Sheinbaum. <\/p>\n<\/div>\n\n\n\n<div class=\"wp-block-column is-layout-flow wp-block-column-is-layout-flow\" style=\"flex-basis:33.33%\">\n<figure class=\"wp-block-image size-large\"><img decoding=\"async\" src=\"\/wp-content\/themes\/uji\/img\/mf24\/local-leadership-2.jpg\" alt=\"\" \/><figcaption class=\"wp-element-caption\"><em>\u00a9 Elliott Stallion<\/em><\/figcaption><\/figure>\n<\/div>\n<\/div>\n\n\n\n<div class=\"wp-block-group narrow-group has-cyan-bluish-gray-background-color has-background\"><div class=\"wp-block-group__inner-container is-layout-constrained wp-block-group-is-layout-constrained\">\n<div class=\"wp-block-columns gap-5 is-layout-flex wp-container-core-columns-is-layout-9d6595d7 wp-block-columns-is-layout-flex\">\n<div class=\"wp-block-column is-layout-flow wp-block-column-is-layout-flow\">\n<p>Cette perspective promet un moment historique r\u00e9volutionnaire, avec la pr\u00e9sidente et la chef du gouvernement de la capitale \u00e9tant des femmes, marquant une avanc\u00e9e significative vers l\u2019\u00e9galit\u00e9 des sexes dans la politique mexicaine.<\/p>\n\n\n\n<p>Au Chili, Irac\u00ed Hassler, la maire de Santiago, cherchera \u00e0 \u00eatre r\u00e9\u00e9lue lors des \u00e9lections municipales et r\u00e9gionales d\u2019octobre 2024. Les \u00e9lections d\u00e9termineront \u00e9galement 16 gouverneurs provinciaux, 302 membres des conseils r\u00e9gionaux et 345 maires, ainsi que 2 252 conseillers locaux.<\/p>\n\n\n\n<p>Pr\u00e8s de deux ans apr\u00e8s le triomphe \u00e9lectoral de Lula da Silva, le Br\u00e9sil retourne aux urnes en octobre pour \u00e9lire plus de 5 000 maires et 56 000 conseillers. Le premier tour est pr\u00e9vu pour le 6 octobre 2024, avec un second tour le 27 octobre 2024. Les maires actuels des deux plus grandes villes du Br\u00e9sil, S\u00e3o Paulo et Rio de Janeiro, sont \u00e9ligibles pour un deuxi\u00e8me mandat. \u00c0 S\u00e3o Paulo, Ricardo Nunes, le maire actuel, vise la r\u00e9\u00e9lection, affrontant Guilherme Boulos, dont la candidate \u00e0 la vice-mairie est Marta Suplicy, l\u2019ancienne maire de S\u00e3o Paulo et s\u00e9natrice. Pendant ce temps, \u00e0 Rio de Janeiro, le maire actuel, Eduardo Paes, b\u00e9n\u00e9ficie du soutien d\u00e9clar\u00e9 du pr\u00e9sident Lula. Ces \u00e9lections servent de barom\u00e8tre de la performance du gouvernement national \u00e0 mimandat, se d\u00e9roulant dans un contexte politiquement charg\u00e9 o\u00f9 Lula et l\u2019ancien pr\u00e9sident Jair Bolsonaro d\u00e9ploient strat\u00e9giquement leurs ressources pour les prochaines \u00e9lections pr\u00e9sidentielles de 2026.<\/p>\n\n\n\n<p>En Europe, aux c\u00f4t\u00e9s des \u00e9lections au Parlement europ\u00e9en, des \u00e9lections municipales sont pr\u00e9vues en Belgique, en Hongrie, en Irlande, \u00e0 Malte, en Pologne, en Roumanie et au Royaume-Uni. Ce dernier est pr\u00e9vu pour le 2 mai 2024 et est anticip\u00e9 comme un r\u00e9f\u00e9rendum pour le Premier ministre Rishi Sunak, ouvrant la voie aux \u00e9lections g\u00e9n\u00e9rales dans la seconde moiti\u00e9 de l\u2019ann\u00e9e. \u00c0 Londres, le maire actuel, Sadiq Khan, se pr\u00e9sente \u00e0 la r\u00e9\u00e9lection pour un troisi\u00e8me mandat, faisant face aux challengers Susan Hall du Parti conservateur et Zo\u00eb Garbett du Parti vert. Les sondages d\u2019opinion favorisent actuellement une victoire renouvel\u00e9e pour le maire Khan.<\/p>\n<\/div>\n\n\n\n<div class=\"wp-block-column is-layout-flow wp-block-column-is-layout-flow\">\n<p>La Turquie est \u00e0 nouveau sur le point de susciter l\u2019attention mondiale \u00e0 l\u2019approche de ses \u00e9lections locales le 31 mars 2024. Le maire actuel d\u2019Istanbul, Ekrem Imamoglu, vise la r\u00e9\u00e9lection pour un second mandat, rivalisant avec le candidat du parti national au pouvoir, Murat Kurum. La victoire inattendue d\u2019Imamoglu aux \u00e9lections de 2019 a marqu\u00e9 la fin de 25 ans de r\u00e8gne de l\u2019AKP, le parti du pr\u00e9sident Erdogan, \u00e0 Istanbul. Le r\u00e9sultat initial a \u00e9t\u00e9 contest\u00e9, entra\u00eenant un nouveau vote o\u00f9 Imamoglu a obtenu une marge encore plus importante. En plus de perdre Istanbul, l\u2019AKP a \u00e9galement c\u00e9d\u00e9 la capitale Ankara et Izmir, repr\u00e9sentant pr\u00e8s d\u2019un quart de la population turque. Ce r\u00e9sultat a suscit\u00e9 un d\u00e9bat bien connu sur la division entre zones urbaines et rurales fa\u00e7onnant la politique \u00e0 l\u2019\u00e9chelle mondiale. Cependant, en mai 2023, le pr\u00e9sident Erdogan a \u00e9t\u00e9 r\u00e9\u00e9lu au niveau national avec 52,14 % des voix, et son parti a obtenu la majorit\u00e9 aux \u00e9lections parlementaires.<\/p>\n\n\n\n<figure class=\"wp-block-image size-large\"><img decoding=\"async\" src=\"\/wp-content\/themes\/uji\/img\/mf24\/local-leadership-3.jpg\" alt=\"\" \/><figcaption class=\"wp-element-caption\"><em>\u00a9 Bhargava Marripati<\/em><\/figcaption><\/figure>\n<\/div>\n<\/div>\n<\/div><\/div>\n\n\n\n<div class=\"wp-block-group narrow-group\"><div class=\"wp-block-group__inner-container is-layout-constrained wp-block-group-is-layout-constrained\">\n<figure class=\"wp-block-image size-large mb-10\"><img decoding=\"async\" src=\"\/wp-content\/themes\/uji\/img\/mf24\/local-leadership-4.jpg\" alt=\"\" \/><figcaption class=\"wp-element-caption\"><em>\u00a9 Stockphoty<\/em><\/figcaption><\/figure>\n\n\n\n<div class=\"wp-block-columns is-layout-flex wp-container-core-columns-is-layout-9d6595d7 wp-block-columns-is-layout-flex\">\n<div class=\"wp-block-column is-layout-flow wp-block-column-is-layout-flow\">\n<p>Les \u00e9lections locales isra\u00e9liennes, initialement pr\u00e9vues pour le 31 octobre 2023, ont \u00e9t\u00e9 report\u00e9es au 30 janvier 2024 en raison de la guerre entre Isra\u00ebl et le Hamas, puis finalement fix\u00e9es au 27 f\u00e9vrier 2024. La Knesset, le Parlement isra\u00e9lien, a ratifi\u00e9 la d\u00e9cision du gouvernement sur la base d\u2019informations de l\u2019arm\u00e9e, invoquant l\u2019incapacit\u00e9 de lib\u00e9rer les candidats des forces de r\u00e9serve d\u00e9ploy\u00e9es \u00e0 Gaza. Les maires de J\u00e9rusalem, Moshe Lion, et de Tel Aviv, Ron Huldai, cherchent \u00e0 \u00eatre r\u00e9\u00e9lus. Lion a pris ses fonctions lors des \u00e9lections de 2018, tandis qu\u2019Huldai occupe le poste \u00e0 Tel Aviv depuis 1998.<\/p>\n<\/div>\n\n\n\n<div class=\"wp-block-column is-layout-flow wp-block-column-is-layout-flow\">\n<p>Des \u00e9lections r\u00e9gionales et locales sont pr\u00e9vues pour le 8 septembre 2024 dans diverses villes et territoires, dont Saint-P\u00e9tersbourg. \u00c0 Moscou, les \u00e9lections ont eu lieu en septembre 2023. Le maire actuel, Sergey Sobyanin, repr\u00e9sentant le parti national au pouvoir, Russie unie, a remport\u00e9 une victoire pour son quatri\u00e8me mandat avec 76 % des voix.<\/p>\n<\/div>\n<\/div>\n<\/div><\/div>\n","protected":false},"excerpt":{"rendered":"<p>Gouvernance local \u00c9LECTIONS LOCALES EN 2024 Alors que les \u00e9lections locales et r\u00e9gionales peuvent \u00eatre \u00e9clips\u00e9es par la super ann\u00e9e \u00e9lectorale nationale \u00e9crasante, plusieurs pays, dont la Belgique, le Br\u00e9sil, le Costa Rica, El Salvador, la Jama\u00efque, Malte, le Mexique, la Turquie et le Royaume-Uni, s\u2019appr\u00eatent \u00e0 \u00e9lire leurs repr\u00e9sentants locaux en 2024. Des villes [&hellip;]<\/p>\n","protected":false},"author":1,"featured_media":0,"parent":55,"menu_order":0,"comment_status":"closed","ping_status":"closed","template":"","meta":{"footnotes":""},"class_list":["post-56","page","type-page","status-publish","hentry"],"yoast_head":"<!-- This site is optimized with the Yoast SEO plugin v27.0 - https:\/\/yoast.com\/product\/yoast-seo-wordpress\/ -->\n<title>Gourvernance local - Municipal Forecast - Fran\u00e7ais<\/title>\n<meta name=\"robots\" content=\"index, follow, max-snippet:-1, max-image-preview:large, max-video-preview:-1\" \/>\n<link rel=\"canonical\" href=\"https:\/\/urbanjournalism.institute\/forecast-fr\/forecast-2024\/a-vote-for-democracy\/local-leadership\/\" \/>\n<meta property=\"og:locale\" content=\"fr_FR\" \/>\n<meta property=\"og:type\" content=\"article\" \/>\n<meta property=\"og:title\" content=\"Gourvernance local - Municipal Forecast - Fran\u00e7ais\" \/>\n<meta property=\"og:description\" content=\"Gouvernance local \u00c9LECTIONS LOCALES EN 2024 Alors que les \u00e9lections locales et r\u00e9gionales peuvent \u00eatre \u00e9clips\u00e9es par la super ann\u00e9e \u00e9lectorale nationale \u00e9crasante, plusieurs pays, dont la Belgique, le Br\u00e9sil, le Costa Rica, El Salvador, la Jama\u00efque, Malte, le Mexique, la Turquie et le Royaume-Uni, s\u2019appr\u00eatent \u00e0 \u00e9lire leurs repr\u00e9sentants locaux en 2024. Des villes [&hellip;]\" \/>\n<meta property=\"og:url\" content=\"https:\/\/urbanjournalism.institute\/forecast-fr\/forecast-2024\/a-vote-for-democracy\/local-leadership\/\" \/>\n<meta property=\"og:site_name\" content=\"Municipal Forecast - Fran\u00e7ais\" \/>\n<meta property=\"article:modified_time\" content=\"2024-02-19T08:44:23+00:00\" \/>\n<meta name=\"twitter:card\" content=\"summary_large_image\" \/>\n<meta name=\"twitter:label1\" content=\"Dur\u00e9e de lecture estim\u00e9e\" \/>\n\t<meta name=\"twitter:data1\" content=\"7 minutes\" \/>\n<script type=\"application\/ld+json\" class=\"yoast-schema-graph\">{\"@context\":\"https:\/\/schema.org\",\"@graph\":[{\"@type\":\"WebPage\",\"@id\":\"https:\/\/urbanjournalism.institute\/forecast-fr\/forecast-2024\/a-vote-for-democracy\/local-leadership\/\",\"url\":\"https:\/\/urbanjournalism.institute\/forecast-fr\/forecast-2024\/a-vote-for-democracy\/local-leadership\/\",\"name\":\"Gourvernance local - Municipal Forecast - Fran\u00e7ais\",\"isPartOf\":{\"@id\":\"https:\/\/urbanjournalism.institute\/forecast-fr\/#website\"},\"datePublished\":\"2024-02-18T09:31:27+00:00\",\"dateModified\":\"2024-02-19T08:44:23+00:00\",\"breadcrumb\":{\"@id\":\"https:\/\/urbanjournalism.institute\/forecast-fr\/forecast-2024\/a-vote-for-democracy\/local-leadership\/#breadcrumb\"},\"inLanguage\":\"fr-FR\",\"potentialAction\":[{\"@type\":\"ReadAction\",\"target\":[\"https:\/\/urbanjournalism.institute\/forecast-fr\/forecast-2024\/a-vote-for-democracy\/local-leadership\/\"]}]},{\"@type\":\"BreadcrumbList\",\"@id\":\"https:\/\/urbanjournalism.institute\/forecast-fr\/forecast-2024\/a-vote-for-democracy\/local-leadership\/#breadcrumb\",\"itemListElement\":[{\"@type\":\"ListItem\",\"position\":1,\"name\":\"Forecast 2024\",\"item\":\"https:\/\/urbanjournalism.institute\/forecast-fr\/\"},{\"@type\":\"ListItem\",\"position\":2,\"name\":\"Un vote pour la d\u00e9mocratie\",\"item\":\"https:\/\/urbanjournalism.institute\/forecast-fr\/forecast-2024\/a-vote-for-democracy\/\"},{\"@type\":\"ListItem\",\"position\":3,\"name\":\"Gourvernance local\"}]},{\"@type\":\"WebSite\",\"@id\":\"https:\/\/urbanjournalism.institute\/forecast-fr\/#website\",\"url\":\"https:\/\/urbanjournalism.institute\/forecast-fr\/\",\"name\":\"Municipal Forecast - Fran\u00e7ais\",\"description\":\"\",\"potentialAction\":[{\"@type\":\"SearchAction\",\"target\":{\"@type\":\"EntryPoint\",\"urlTemplate\":\"https:\/\/urbanjournalism.institute\/forecast-fr\/?s={search_term_string}\"},\"query-input\":{\"@type\":\"PropertyValueSpecification\",\"valueRequired\":true,\"valueName\":\"search_term_string\"}}],\"inLanguage\":\"fr-FR\"}]}<\/script>\n<!-- \/ Yoast SEO plugin. -->","yoast_head_json":{"title":"Gourvernance local - Municipal Forecast - Fran\u00e7ais","robots":{"index":"index","follow":"follow","max-snippet":"max-snippet:-1","max-image-preview":"max-image-preview:large","max-video-preview":"max-video-preview:-1"},"canonical":"https:\/\/urbanjournalism.institute\/forecast-fr\/forecast-2024\/a-vote-for-democracy\/local-leadership\/","og_locale":"fr_FR","og_type":"article","og_title":"Gourvernance local - Municipal Forecast - Fran\u00e7ais","og_description":"Gouvernance local \u00c9LECTIONS LOCALES EN 2024 Alors que les \u00e9lections locales et r\u00e9gionales peuvent \u00eatre \u00e9clips\u00e9es par la super ann\u00e9e \u00e9lectorale nationale \u00e9crasante, plusieurs pays, dont la Belgique, le Br\u00e9sil, le Costa Rica, El Salvador, la Jama\u00efque, Malte, le Mexique, la Turquie et le Royaume-Uni, s\u2019appr\u00eatent \u00e0 \u00e9lire leurs repr\u00e9sentants locaux en 2024. Des villes [&hellip;]","og_url":"https:\/\/urbanjournalism.institute\/forecast-fr\/forecast-2024\/a-vote-for-democracy\/local-leadership\/","og_site_name":"Municipal Forecast - Fran\u00e7ais","article_modified_time":"2024-02-19T08:44:23+00:00","twitter_card":"summary_large_image","twitter_misc":{"Dur\u00e9e de lecture estim\u00e9e":"7 minutes"},"schema":{"@context":"https:\/\/schema.org","@graph":[{"@type":"WebPage","@id":"https:\/\/urbanjournalism.institute\/forecast-fr\/forecast-2024\/a-vote-for-democracy\/local-leadership\/","url":"https:\/\/urbanjournalism.institute\/forecast-fr\/forecast-2024\/a-vote-for-democracy\/local-leadership\/","name":"Gourvernance local - Municipal Forecast - Fran\u00e7ais","isPartOf":{"@id":"https:\/\/urbanjournalism.institute\/forecast-fr\/#website"},"datePublished":"2024-02-18T09:31:27+00:00","dateModified":"2024-02-19T08:44:23+00:00","breadcrumb":{"@id":"https:\/\/urbanjournalism.institute\/forecast-fr\/forecast-2024\/a-vote-for-democracy\/local-leadership\/#breadcrumb"},"inLanguage":"fr-FR","potentialAction":[{"@type":"ReadAction","target":["https:\/\/urbanjournalism.institute\/forecast-fr\/forecast-2024\/a-vote-for-democracy\/local-leadership\/"]}]},{"@type":"BreadcrumbList","@id":"https:\/\/urbanjournalism.institute\/forecast-fr\/forecast-2024\/a-vote-for-democracy\/local-leadership\/#breadcrumb","itemListElement":[{"@type":"ListItem","position":1,"name":"Forecast 2024","item":"https:\/\/urbanjournalism.institute\/forecast-fr\/"},{"@type":"ListItem","position":2,"name":"Un vote pour la d\u00e9mocratie","item":"https:\/\/urbanjournalism.institute\/forecast-fr\/forecast-2024\/a-vote-for-democracy\/"},{"@type":"ListItem","position":3,"name":"Gourvernance local"}]},{"@type":"WebSite","@id":"https:\/\/urbanjournalism.institute\/forecast-fr\/#website","url":"https:\/\/urbanjournalism.institute\/forecast-fr\/","name":"Municipal Forecast - Fran\u00e7ais","description":"","potentialAction":[{"@type":"SearchAction","target":{"@type":"EntryPoint","urlTemplate":"https:\/\/urbanjournalism.institute\/forecast-fr\/?s={search_term_string}"},"query-input":{"@type":"PropertyValueSpecification","valueRequired":true,"valueName":"search_term_string"}}],"inLanguage":"fr-FR"}]}},"_links":{"self":[{"href":"https:\/\/urbanjournalism.institute\/forecast-fr\/wp-json\/wp\/v2\/pages\/56","targetHints":{"allow":["GET"]}}],"collection":[{"href":"https:\/\/urbanjournalism.institute\/forecast-fr\/wp-json\/wp\/v2\/pages"}],"about":[{"href":"https:\/\/urbanjournalism.institute\/forecast-fr\/wp-json\/wp\/v2\/types\/page"}],"author":[{"embeddable":true,"href":"https:\/\/urbanjournalism.institute\/forecast-fr\/wp-json\/wp\/v2\/users\/1"}],"replies":[{"embeddable":true,"href":"https:\/\/urbanjournalism.institute\/forecast-fr\/wp-json\/wp\/v2\/comments?post=56"}],"version-history":[{"count":2,"href":"https:\/\/urbanjournalism.institute\/forecast-fr\/wp-json\/wp\/v2\/pages\/56\/revisions"}],"predecessor-version":[{"id":135,"href":"https:\/\/urbanjournalism.institute\/forecast-fr\/wp-json\/wp\/v2\/pages\/56\/revisions\/135"}],"up":[{"embeddable":true,"href":"https:\/\/urbanjournalism.institute\/forecast-fr\/wp-json\/wp\/v2\/pages\/55"}],"wp:attachment":[{"href":"https:\/\/urbanjournalism.institute\/forecast-fr\/wp-json\/wp\/v2\/media?parent=56"}],"curies":[{"name":"wp","href":"https:\/\/api.w.org\/{rel}","templated":true}]}}