{"id":58,"date":"2024-02-18T09:31:27","date_gmt":"2024-02-18T09:31:27","guid":{"rendered":"https:\/\/urbanjournalism.institute\/forecast-fr\/forecast-2024\/a-vote-for-democracy\/small-big-steps\/"},"modified":"2024-03-06T10:58:55","modified_gmt":"2024-03-06T10:58:55","slug":"small-big-steps","status":"publish","type":"page","link":"https:\/\/urbanjournalism.institute\/forecast-fr\/forecast-2024\/a-vote-for-democracy\/small-big-steps\/","title":{"rendered":"Petits grands pas"},"content":{"rendered":"\n<div class=\"wp-block-group\"><div class=\"wp-block-group__inner-container is-layout-constrained wp-block-group-is-layout-constrained\">\n<h1 class=\"wp-block-heading has-x-large-font-size\">Petits grands pas<\/h1>\n\n\n\n<p class=\"font-serif has-medium-font-size\"><strong>D\u00e9fier les pr\u00e9jug\u00e9s de genre<\/strong><br><strong>dans la langue \u00e9crite japonaise<\/strong><\/p>\n\n\n\n<div class=\"wp-block-columns mt-10 gap-5 is-layout-flex wp-container-core-columns-is-layout-9d6595d7 wp-block-columns-is-layout-flex\">\n<div class=\"wp-block-column is-layout-flow wp-block-column-is-layout-flow\">\n<figure class=\"wp-block-image size-large\"><img decoding=\"async\" src=\"\/wp-content\/themes\/uji\/img\/mf24\/small-big-steps.jpg\" alt=\"\" \/><figcaption class=\"wp-element-caption\"><em>\u00a9mosdesign<\/em><\/figcaption><\/figure>\n<\/div>\n\n\n\n<div class=\"wp-block-column is-layout-flow wp-block-column-is-layout-flow\">\n<p>Malgr\u00e9 les efforts mondiaux en faveur de l\u2019\u00e9galit\u00e9 des sexes, nous sommes tous conscients de la lente progression et de la n\u00e9cessit\u00e9 de petits et grands pas pour briser le plafond de verre.<\/p>\n\n\n\n<p>Selon le Rapport sur les in\u00e9galit\u00e9s femmes-hommes dans le monde 2023 du Forum \u00e9conomique mondial, le classement de la parit\u00e9 des sexes au Japon a l\u00e9g\u00e8rement baiss\u00e9 pour la deuxi\u00e8me ann\u00e9e cons\u00e9cutive, se situant d\u00e9sormais \u00e0 la 125\u00e8me place sur 146 pays. L\u2019enqu\u00eate de juillet 2022 de Teikoku Databank a en outre soulign\u00e9 que les femmes occupent seulement 9,4 % des postes de direction dans les entreprises japonaises. En r\u00e9ponse \u00e0 ces chiffres, le Premier ministre japonais Fumio Kishida s\u2019est fix\u00e9 un objectif ambitieux: les femmes devraient repr\u00e9senter 30 % des postes de direction dans les grandes entreprises d\u2019ici 2030.<\/p>\n\n\n\n<p>Dans une d\u00e9cision historique, Japan Airlines a r\u00e9cemment nomm\u00e9 sa premi\u00e8re femme pr\u00e9sidente. Mitsuko Tottori, ancienne h\u00f4tesse de l\u2019air depuis 1985, doit assumer ses fonctions \u00e0 partir du 1er avril 2024, succ\u00e9dant au pr\u00e9sident actuel, Yuji Akasaka. Cette d\u00e9cision r\u00e9volutionnaire cr\u00e9e un pr\u00e9c\u00e9dent pour d\u2019autres entreprises au Japon.<\/p>\n\n\n\n<p>Japan Airlines s\u2019aligne sur d\u2019autres entreprises japonaises, visant une repr\u00e9sentation f\u00e9minine de 30 % dans les postes de direction de l\u2019ensemble du groupe d\u2019ici la fin de l\u2019exercice en mars 2026. La soci\u00e9t\u00e9 s\u2019est engag\u00e9e \u00e0 \u00abrenforcer la valeur de l\u2019entreprise et \u00e0 contribuer \u00e0 la croissance et au d\u00e9veloppement de la soci\u00e9t\u00e9\u00bb.<\/p>\n<\/div>\n<\/div>\n<\/div><\/div>\n\n\n\n<figure class=\"wp-block-image size-large\"><img decoding=\"async\" src=\"\/wp-content\/themes\/uji\/img\/mf24\/small-big-steps-2.jpg\" alt=\"\" \/><figcaption class=\"wp-element-caption\"><em>\u00a9 Image via&nbsp;Adam&nbsp;Gothelf<\/em><\/figcaption><\/figure>\n\n\n\n<div class=\"wp-block-group\"><div class=\"wp-block-group__inner-container is-layout-constrained wp-block-group-is-layout-constrained\">\n<figure class=\"wp-block-image size-large mb-10\"><img decoding=\"async\" src=\"\/wp-content\/themes\/uji\/img\/mf24\/small-big-steps-3.jpg\" alt=\"\" \/><\/figure>\n\n\n\n<div class=\"wp-block-columns is-layout-flex wp-container-core-columns-is-layout-9d6595d7 wp-block-columns-is-layout-flex\">\n<div class=\"wp-block-column is-layout-flow wp-block-column-is-layout-flow\">\n<p>La langue refl\u00e8te le pouls de la soci\u00e9t\u00e9, \u00e9voluant aux c\u00f4t\u00e9s des changements sociaux. La signification d\u2019une langue inclusive r\u00e9side dans son pouvoir de lutter contre la discrimination et les st\u00e9r\u00e9otypes affectant les r\u00f4les et l\u2019identit\u00e9 de genre. Il ne s\u2019agit pas simplement d\u2019une question id\u00e9ologique ou politique, mais d\u2019une transformation indicative du progr\u00e8s vers une soci\u00e9t\u00e9 plus juste et plus repr\u00e9sentative.<\/p>\n\n\n\n<p>Dans le domaine de la langue et de l\u2019\u00e9galit\u00e9 des sexes, le syst\u00e8me d\u2019\u00e9criture kanji du Japon, \u00ab \u6f22\u5b57 \u00bb, rend les femmes presque invisibles, en l\u2019absence de kanji sp\u00e9cifiquement inclusifs de la communaut\u00e9 LGBTQ+. Des exemples tels que le pronom \u00abelle\u00bb, kanojo \u00ab \u5f7c\u5973 \u00bb, contenant implicitement le pronom \u00abil\u00bb, ou kare \u00ab \u5f7c \u00bb, soulignent comment les femmes restent linguistiquement subordonn\u00e9es \u00e0 la figure masculine, perp\u00e9tuant une in\u00e9galit\u00e9 enracin\u00e9e dans le pass\u00e9. Simultan\u00e9ment, le manque de repr\u00e9sentation pour toute une communaut\u00e9 porte atteinte \u00e0 la libert\u00e9 d\u2019expression et au droit d\u2019\u00eatre soi-m\u00eame. Les pr\u00e9jug\u00e9s int\u00e9gr\u00e9s au kanji rendent difficile la distinction entre des concepts tels que l\u2019homosexualit\u00e9 et l\u2019identit\u00e9 transgenre, perp\u00e9tuant l\u2019invisibilit\u00e9 et entravant les individus au sein de la communaut\u00e9.<\/p>\n\n\n\n<p>Pour d\u00e9fier ces pr\u00e9jug\u00e9s, l\u2019exposition \u00abLiving Kanji : Modernizing Script for a Changing Japan\u00bb \u00e9merge comme une approche enti\u00e8rement novatrice.<\/p>\n<\/div>\n\n\n\n<div class=\"wp-block-column is-layout-flow wp-block-column-is-layout-flow\">\n<p>\u00c0 travers des affiches graphiques, l\u2019exposition red\u00e9finit le r\u00e9cit des 1 600 ans de pr\u00e9jug\u00e9s li\u00e9s au genre associ\u00e9s \u00e0 la langue \u00e9crite japonaise. L\u2019exposition traite le kanji comme des \u00abentit\u00e9s vivantes pr\u00eates au changement\u00bb, int\u00e9grant les identit\u00e9s LGBTQ+ dans la culture japonaise et cr\u00e9ant le tout premier kanji LGBTQ+ sp\u00e9cifique. Elle reconstruit \u00e9galement le r\u00e9cit des femmes dans la langue, transformant le kanji vivant pour incorporer \u00ab \u529b \u00bb pour \u00abforce\u00bb, s\u2019\u00e9loignant ainsi de sa repr\u00e9sentation actuelle d\u2019une femme agenouill\u00e9e. Reconnaissant que la toxicit\u00e9 de la masculinit\u00e9 n\u2019est pas exclusive aux minorit\u00e9s, une partie du projet vise \u00e9galement \u00e0 adresser les probl\u00e8mes de masculinit\u00e9 toxique. Le kanji vivant pour \u00abhomme\u00bb, ou \u00ab \u7537 \u00bb, remplace \u00abchamp\u00bb par \u00ab \u53e3 \u00bb ou \u00abbouche\u00bb, invitant \u00e0 briser les barri\u00e8res et encourageant les discussions ouvertes sur les sentiments.<\/p>\n\n\n\n<p>L\u2019exposition collabore avec les cr\u00e9atifs Hami (Miharu Matsunaga) et Adam Gothelf, aux c\u00f4t\u00e9s de la graphiste Chiara Mendoli. Le projet n\u2019a pas pour but de remplacer le kanji traditionnel, mais il suscite une conversation sur un Japon plus inclusif et conscient. L\u2019exposition s\u2019est d\u00e9roul\u00e9e \u00e0 la galerie RELOAD dans le quartier de Shimokitazawa \u00e0 Tokyo du 11 au 14 janvier 2024.<\/p>\n\n\n\n<p>Pour plus d\u2019informations, consultez le compte Instagram Living Kanji :<br><a href=\"\/\/www.instagram.com\/living_kanji\/\" target=\"_blank\" rel=\"noreferrer noopener\"><strong>Living Kanji Instagram account<\/strong><\/a><\/p>\n<\/div>\n<\/div>\n<\/div><\/div>\n","protected":false},"excerpt":{"rendered":"<p>Petits grands pas D\u00e9fier les pr\u00e9jug\u00e9s de genredans la langue \u00e9crite japonaise Malgr\u00e9 les efforts mondiaux en faveur de l\u2019\u00e9galit\u00e9 des sexes, nous sommes tous conscients de la lente progression et de la n\u00e9cessit\u00e9 de petits et grands pas pour briser le plafond de verre. Selon le Rapport sur les in\u00e9galit\u00e9s femmes-hommes dans le monde [&hellip;]<\/p>\n","protected":false},"author":1,"featured_media":0,"parent":55,"menu_order":20,"comment_status":"closed","ping_status":"closed","template":"","meta":{"footnotes":""},"class_list":["post-58","page","type-page","status-publish","hentry"],"yoast_head":"<!-- This site is optimized with the Yoast SEO plugin v27.0 - https:\/\/yoast.com\/product\/yoast-seo-wordpress\/ -->\n<title>Petits grands pas - Municipal Forecast - Fran\u00e7ais<\/title>\n<meta name=\"robots\" content=\"index, follow, max-snippet:-1, max-image-preview:large, max-video-preview:-1\" \/>\n<link rel=\"canonical\" href=\"https:\/\/urbanjournalism.institute\/forecast-fr\/forecast-2024\/a-vote-for-democracy\/small-big-steps\/\" \/>\n<meta property=\"og:locale\" content=\"fr_FR\" \/>\n<meta property=\"og:type\" content=\"article\" \/>\n<meta property=\"og:title\" content=\"Petits grands pas - Municipal Forecast - Fran\u00e7ais\" \/>\n<meta property=\"og:description\" content=\"Petits grands pas D\u00e9fier les pr\u00e9jug\u00e9s de genredans la langue \u00e9crite japonaise Malgr\u00e9 les efforts mondiaux en faveur de l\u2019\u00e9galit\u00e9 des sexes, nous sommes tous conscients de la lente progression et de la n\u00e9cessit\u00e9 de petits et grands pas pour briser le plafond de verre. Selon le Rapport sur les in\u00e9galit\u00e9s femmes-hommes dans le monde [&hellip;]\" \/>\n<meta property=\"og:url\" content=\"https:\/\/urbanjournalism.institute\/forecast-fr\/forecast-2024\/a-vote-for-democracy\/small-big-steps\/\" \/>\n<meta property=\"og:site_name\" content=\"Municipal Forecast - Fran\u00e7ais\" \/>\n<meta property=\"article:modified_time\" content=\"2024-03-06T10:58:55+00:00\" \/>\n<meta name=\"twitter:card\" content=\"summary_large_image\" \/>\n<meta name=\"twitter:label1\" content=\"Dur\u00e9e de lecture estim\u00e9e\" \/>\n\t<meta name=\"twitter:data1\" content=\"4 minutes\" \/>\n<script type=\"application\/ld+json\" class=\"yoast-schema-graph\">{\"@context\":\"https:\/\/schema.org\",\"@graph\":[{\"@type\":\"WebPage\",\"@id\":\"https:\/\/urbanjournalism.institute\/forecast-fr\/forecast-2024\/a-vote-for-democracy\/small-big-steps\/\",\"url\":\"https:\/\/urbanjournalism.institute\/forecast-fr\/forecast-2024\/a-vote-for-democracy\/small-big-steps\/\",\"name\":\"Petits grands pas - Municipal Forecast - Fran\u00e7ais\",\"isPartOf\":{\"@id\":\"https:\/\/urbanjournalism.institute\/forecast-fr\/#website\"},\"datePublished\":\"2024-02-18T09:31:27+00:00\",\"dateModified\":\"2024-03-06T10:58:55+00:00\",\"breadcrumb\":{\"@id\":\"https:\/\/urbanjournalism.institute\/forecast-fr\/forecast-2024\/a-vote-for-democracy\/small-big-steps\/#breadcrumb\"},\"inLanguage\":\"fr-FR\",\"potentialAction\":[{\"@type\":\"ReadAction\",\"target\":[\"https:\/\/urbanjournalism.institute\/forecast-fr\/forecast-2024\/a-vote-for-democracy\/small-big-steps\/\"]}]},{\"@type\":\"BreadcrumbList\",\"@id\":\"https:\/\/urbanjournalism.institute\/forecast-fr\/forecast-2024\/a-vote-for-democracy\/small-big-steps\/#breadcrumb\",\"itemListElement\":[{\"@type\":\"ListItem\",\"position\":1,\"name\":\"Forecast 2024\",\"item\":\"https:\/\/urbanjournalism.institute\/forecast-fr\/\"},{\"@type\":\"ListItem\",\"position\":2,\"name\":\"Un vote pour la d\u00e9mocratie\",\"item\":\"https:\/\/urbanjournalism.institute\/forecast-fr\/forecast-2024\/a-vote-for-democracy\/\"},{\"@type\":\"ListItem\",\"position\":3,\"name\":\"Petits grands pas\"}]},{\"@type\":\"WebSite\",\"@id\":\"https:\/\/urbanjournalism.institute\/forecast-fr\/#website\",\"url\":\"https:\/\/urbanjournalism.institute\/forecast-fr\/\",\"name\":\"Municipal Forecast - Fran\u00e7ais\",\"description\":\"\",\"potentialAction\":[{\"@type\":\"SearchAction\",\"target\":{\"@type\":\"EntryPoint\",\"urlTemplate\":\"https:\/\/urbanjournalism.institute\/forecast-fr\/?s={search_term_string}\"},\"query-input\":{\"@type\":\"PropertyValueSpecification\",\"valueRequired\":true,\"valueName\":\"search_term_string\"}}],\"inLanguage\":\"fr-FR\"}]}<\/script>\n<!-- \/ Yoast SEO plugin. -->","yoast_head_json":{"title":"Petits grands pas - Municipal Forecast - Fran\u00e7ais","robots":{"index":"index","follow":"follow","max-snippet":"max-snippet:-1","max-image-preview":"max-image-preview:large","max-video-preview":"max-video-preview:-1"},"canonical":"https:\/\/urbanjournalism.institute\/forecast-fr\/forecast-2024\/a-vote-for-democracy\/small-big-steps\/","og_locale":"fr_FR","og_type":"article","og_title":"Petits grands pas - Municipal Forecast - Fran\u00e7ais","og_description":"Petits grands pas D\u00e9fier les pr\u00e9jug\u00e9s de genredans la langue \u00e9crite japonaise Malgr\u00e9 les efforts mondiaux en faveur de l\u2019\u00e9galit\u00e9 des sexes, nous sommes tous conscients de la lente progression et de la n\u00e9cessit\u00e9 de petits et grands pas pour briser le plafond de verre. Selon le Rapport sur les in\u00e9galit\u00e9s femmes-hommes dans le monde [&hellip;]","og_url":"https:\/\/urbanjournalism.institute\/forecast-fr\/forecast-2024\/a-vote-for-democracy\/small-big-steps\/","og_site_name":"Municipal Forecast - Fran\u00e7ais","article_modified_time":"2024-03-06T10:58:55+00:00","twitter_card":"summary_large_image","twitter_misc":{"Dur\u00e9e de lecture estim\u00e9e":"4 minutes"},"schema":{"@context":"https:\/\/schema.org","@graph":[{"@type":"WebPage","@id":"https:\/\/urbanjournalism.institute\/forecast-fr\/forecast-2024\/a-vote-for-democracy\/small-big-steps\/","url":"https:\/\/urbanjournalism.institute\/forecast-fr\/forecast-2024\/a-vote-for-democracy\/small-big-steps\/","name":"Petits grands pas - Municipal Forecast - Fran\u00e7ais","isPartOf":{"@id":"https:\/\/urbanjournalism.institute\/forecast-fr\/#website"},"datePublished":"2024-02-18T09:31:27+00:00","dateModified":"2024-03-06T10:58:55+00:00","breadcrumb":{"@id":"https:\/\/urbanjournalism.institute\/forecast-fr\/forecast-2024\/a-vote-for-democracy\/small-big-steps\/#breadcrumb"},"inLanguage":"fr-FR","potentialAction":[{"@type":"ReadAction","target":["https:\/\/urbanjournalism.institute\/forecast-fr\/forecast-2024\/a-vote-for-democracy\/small-big-steps\/"]}]},{"@type":"BreadcrumbList","@id":"https:\/\/urbanjournalism.institute\/forecast-fr\/forecast-2024\/a-vote-for-democracy\/small-big-steps\/#breadcrumb","itemListElement":[{"@type":"ListItem","position":1,"name":"Forecast 2024","item":"https:\/\/urbanjournalism.institute\/forecast-fr\/"},{"@type":"ListItem","position":2,"name":"Un vote pour la d\u00e9mocratie","item":"https:\/\/urbanjournalism.institute\/forecast-fr\/forecast-2024\/a-vote-for-democracy\/"},{"@type":"ListItem","position":3,"name":"Petits grands pas"}]},{"@type":"WebSite","@id":"https:\/\/urbanjournalism.institute\/forecast-fr\/#website","url":"https:\/\/urbanjournalism.institute\/forecast-fr\/","name":"Municipal Forecast - Fran\u00e7ais","description":"","potentialAction":[{"@type":"SearchAction","target":{"@type":"EntryPoint","urlTemplate":"https:\/\/urbanjournalism.institute\/forecast-fr\/?s={search_term_string}"},"query-input":{"@type":"PropertyValueSpecification","valueRequired":true,"valueName":"search_term_string"}}],"inLanguage":"fr-FR"}]}},"_links":{"self":[{"href":"https:\/\/urbanjournalism.institute\/forecast-fr\/wp-json\/wp\/v2\/pages\/58","targetHints":{"allow":["GET"]}}],"collection":[{"href":"https:\/\/urbanjournalism.institute\/forecast-fr\/wp-json\/wp\/v2\/pages"}],"about":[{"href":"https:\/\/urbanjournalism.institute\/forecast-fr\/wp-json\/wp\/v2\/types\/page"}],"author":[{"embeddable":true,"href":"https:\/\/urbanjournalism.institute\/forecast-fr\/wp-json\/wp\/v2\/users\/1"}],"replies":[{"embeddable":true,"href":"https:\/\/urbanjournalism.institute\/forecast-fr\/wp-json\/wp\/v2\/comments?post=58"}],"version-history":[{"count":4,"href":"https:\/\/urbanjournalism.institute\/forecast-fr\/wp-json\/wp\/v2\/pages\/58\/revisions"}],"predecessor-version":[{"id":177,"href":"https:\/\/urbanjournalism.institute\/forecast-fr\/wp-json\/wp\/v2\/pages\/58\/revisions\/177"}],"up":[{"embeddable":true,"href":"https:\/\/urbanjournalism.institute\/forecast-fr\/wp-json\/wp\/v2\/pages\/55"}],"wp:attachment":[{"href":"https:\/\/urbanjournalism.institute\/forecast-fr\/wp-json\/wp\/v2\/media?parent=58"}],"curies":[{"name":"wp","href":"https:\/\/api.w.org\/{rel}","templated":true}]}}