{"id":59,"date":"2024-02-18T09:31:27","date_gmt":"2024-02-18T09:31:27","guid":{"rendered":"https:\/\/urbanjournalism.institute\/forecast-fr\/forecast-2024\/climate-challenges-in-2024\/"},"modified":"2024-02-19T09:30:04","modified_gmt":"2024-02-19T09:30:04","slug":"climate-challenges-in-2024","status":"publish","type":"page","link":"https:\/\/urbanjournalism.institute\/forecast-fr\/forecast-2024\/climate-challenges-in-2024\/","title":{"rendered":"D\u00e9fis climatiques en 2024"},"content":{"rendered":"\n<figure class=\"wp-block-image size-large\"><img decoding=\"async\" src=\"\/wp-content\/themes\/uji\/img\/mf24\/climate-challenges.jpg\" alt=\"\" \/><figcaption class=\"wp-element-caption\"><em>\u00a9mikhail serdyukov<\/em><\/figcaption><\/figure>\n\n\n\n<div class=\"wp-block-group\"><div class=\"wp-block-group__inner-container is-layout-constrained wp-block-group-is-layout-constrained\">\n<h1 class=\"wp-block-heading has-x-large-font-size\" style=\"text-transform:uppercase\">D\u00c9FIS CLIMATIQUES EN 2024 :<br><em>UNE PRESSION GRANDISSANTE<\/em><\/h1>\n\n\n\n<div class=\"wp-block-columns mt-10 is-layout-flex wp-container-core-columns-is-layout-9d6595d7 wp-block-columns-is-layout-flex\">\n<div class=\"wp-block-column is-layout-flow wp-block-column-is-layout-flow\">\n<figure class=\"wp-block-image size-large\"><img decoding=\"async\" src=\"\/wp-content\/themes\/uji\/img\/mf24\/climate-challenges-2.jpg\" alt=\"\" \/><figcaption class=\"wp-element-caption\"><em>\u00a9Robert Bye. Hong Kong<\/em><\/figcaption><\/figure>\n<\/div>\n\n\n\n<div class=\"wp-block-column is-layout-flow wp-block-column-is-layout-flow\">\n<figure class=\"wp-block-image size-large\"><img decoding=\"async\" src=\"\/wp-content\/themes\/uji\/img\/mf24\/climate-challenges-3.jpg\" alt=\"\" \/><figcaption class=\"wp-element-caption\"><em>\u00a9Eugenia Clara. Singapoure&nbsp;<\/em><\/figcaption><\/figure>\n<\/div>\n\n\n\n<div class=\"wp-block-column is-layout-flow wp-block-column-is-layout-flow\">\n<figure class=\"wp-block-image size-large\"><img decoding=\"async\" src=\"\/wp-content\/themes\/uji\/img\/mf24\/climate-challenges-4.jpg\" alt=\"\" \/><figcaption class=\"wp-element-caption\"><em>\u00a9Markus Spiske. Schlossplatz, Erlangen<\/em><\/figcaption><\/figure>\n<\/div>\n<\/div>\n<\/div><\/div>\n\n\n\n<div class=\"wp-block-group\"><div class=\"wp-block-group__inner-container is-layout-constrained wp-block-group-is-layout-constrained\">\n<div class=\"wp-block-columns gap-5 is-layout-flex wp-container-core-columns-is-layout-9d6595d7 wp-block-columns-is-layout-flex\">\n<div class=\"wp-block-column is-layout-flow wp-block-column-is-layout-flow\">\n<p>\u00c0 premi\u00e8re vue, la COP28 \u00e0 Duba\u00ef en novembre 2023 a \u00e9t\u00e9 un succ\u00e8s : pour la premi\u00e8re fois en 30 ans de conf\u00e9rences sur le climat, l\u2019accord final inclut les termes \u00abtransition loin des \u00e9nergies fossiles\u00bb, les reconnaissant comme le principal moteur du changement climatique. Presque tous les pays du monde ont sign\u00e9 l\u2019accord final, et le fait qu\u2019une conf\u00e9rence dans un pays d\u00e9pendant du p\u00e9trole ait abouti \u00e0 ce r\u00e9sultat est surprenant.<\/p>\n\n\n\n<p>Cependant, sa nature non contraignante laisse des d\u00e9cisions cruciales entre les mains des dirigeants nationaux. Comme dans de nombreux autres cas, le langage audacieux d\u2019un document mondial ne se concr\u00e9tise souvent pas dans la phase de mise en \u0153uvre, car il d\u00e9pend fortement de la mani\u00e8re dont il se traduit par des politiques et un financement concrets. Malgr\u00e9 la port\u00e9e historique du langage utilis\u00e9 dans la d\u00e9claration finale de la COP28, l\u2019efficacit\u00e9 d\u2019une telle d\u00e9claration repose sur l\u2019engagement et les mesures proactives des nations individuelles. La communaut\u00e9 internationale, y compris les gouvernements locaux et r\u00e9gionaux, les parties prenantes et les citoyens, est soumise \u00e0 une pression accrue pour transformer les aspirations en actions tangibles afin d\u2019atteindre un avenir mondial durable et r\u00e9silient.<\/p>\n\n\n\n<p>L\u2019accord de Duba\u00ef a \u00e9chou\u00e9 sur de nombreux autres points et inclut toujours des failles permettant la poursuite de la production et de la consommation de charbon, de p\u00e9trole et de gaz. Un nouveau fonds pour le \u00abpr\u00e9judice et les dommages\u00bb caus\u00e9s par le changement climatique est prometteur, mais pas suffisant, car les engagements financiers accusent toujours un retard. Depuis son lancement, il n\u2019a r\u00e9colt\u00e9 que 429 millions de dollars, un chiffre pr\u00e8s de dix fois inf\u00e9rieur aux dommages annuels estim\u00e9s dans les pays en d\u00e9veloppement, soit un montant impressionnant de 400 milliards de dollars. Cette disparit\u00e9 souligne l\u2019inad\u00e9quation et le manque d\u2019engagements concrets de la part de la communaut\u00e9 internationale pour renforcer les fonds afin de r\u00e9pondre aux besoins urgents des plus touch\u00e9s. Le manque de financement reste l\u2019un des d\u00e9fis majeurs pour atteindre l\u2019objectif principal du fonds.<\/p>\n<\/div>\n\n\n\n<div class=\"wp-block-column is-layout-flow wp-block-column-is-layout-flow\">\n<p>La COP28 a \u00e9galement marqu\u00e9 la premi\u00e8re \u00e9valuation mondiale, montrant comment les pays doivent acc\u00e9l\u00e9rer leur action climatique pour atteindre les objectifs de l\u2019Accord de Paris. Les engagements internationaux pour tripler les \u00e9nergies renouvelables, agir sur la biodiversit\u00e9 et r\u00e9duire les \u00e9missions des entreprises se concr\u00e9tisent. Jusqu\u2019\u00e0 pr\u00e9sent, 100 pays sur 200 ont promis de tripler les \u00e9nergies renouvelables mondiales d\u2019ici 2030 et de doubler les taux d\u2019efficacit\u00e9 d\u2019ici la m\u00eame \u00e9ch\u00e9ance.<\/p>\n\n\n\n<p>Le moment est venu d\u2019agir. Avec le pic du cycle El Ni\u00f1o, nous nous pr\u00e9parons \u00e0 un autre \u00e9t\u00e9 record, qui pourrait \u00eatre un avant-go\u00fbt des ann\u00e9es 2030. Les \u00e9nergies renouvelables, le comportement des consommateurs, la d\u00e9carbonisation des cha\u00eenes d\u2019approvisionnement, les strat\u00e9gies de neutralit\u00e9 carbone et une \u00e9conomie climatique croissante sont les antidotes. Ils contribuent \u00e0 faire passer l\u2019adaptation au climat de la strat\u00e9gie \u00e0 l\u2019action. L\u2019exemple de l\u2019Allemagne, qui rend obligatoire par la loi la gestion des cons\u00e9quences du changement climatique, montre une autre voie de mise en \u0153uvre.<\/p>\n\n\n\n<p>L\u2019administration Biden a d\u00e9cid\u00e9 le 26 janvier 2024 de suspendre les nouvelles exportations de gaz naturel liqu\u00e9fi\u00e9 (GNL), franchissant une \u00e9tape essentielle pour limiter la production de combustibles fossiles et acc\u00e9l\u00e9rer la transition vers une \u00e9conomie de l\u2019\u00e9nergie propre. Biden a soulign\u00e9 que cette pause \u00abvoit la crise climatique pour ce qu\u2019elle est : la menace existentielle de notre \u00e9poque\u00bb.<\/p>\n\n\n\n<p>Avec les \u00e9lections \u00e0 venir dans l\u2019UE et dans de nombreux pays, dont les \u00c9tats-Unis, le Royaume- Uni et le Mexique, les \u00e9lecteurs peuvent porter leur espoir de changement climatique aux urnes.<\/p>\n\n\n\n<p>\u00c0 la COP29 en Azerba\u00efdjan, le monde se r\u00e9unira \u00e0 nouveau pour \u00e9valuer les progr\u00e8s et esp\u00e9rons-le, inspirer encore plus d\u2019actions climatiques &#8211; nous n\u2019avons plus le choix, et nous n\u2019avons plus le temps non plus.<\/p>\n<\/div>\n<\/div>\n<\/div><\/div>\n\n\n\n<div class=\"wp-block-group narrow-group has-vivid-cyan-blue-color has-light-green-cyan-background-color has-text-color has-background has-link-color wp-elements-36e9e6996b05e1ec493dea537376ac43\"><div class=\"wp-block-group__inner-container is-layout-constrained wp-block-group-is-layout-constrained\">\n<h2 class=\"wp-block-heading font-normal text-underline mb-10\">FOCUS SUR<\/h2>\n\n\n\n<div class=\"wp-block-columns gap-5 is-layout-flex wp-container-core-columns-is-layout-9d6595d7 wp-block-columns-is-layout-flex\">\n<div class=\"wp-block-column is-layout-flow wp-block-column-is-layout-flow\">\n<p><strong>Le rapport sur le changement climatique et les villes du GIEC sera pr\u00eat d\u2019ici 2027<\/strong><\/p>\n\n\n\n<p>Le Groupe d\u2019experts intergouvernemental sur l\u2019\u00e9volution du climat (GIEC) a convenu d\u2019un programme de travail le 20 janvier 2024, comprenant un Rapport sp\u00e9cial sur le changement climatique et les villes pr\u00eat \u00e0 \u00eatre publi\u00e9 en 2027. La premi\u00e8re r\u00e9union pour discuter du projet de plan du rapport est pr\u00e9vue pour avril 2024 \u00e0 Riga (Lettonie), avec la participation d\u2019experts nomm\u00e9s par les gouvernements membres et des organisations observatrices.<\/p>\n\n\n\n<p><strong>Conf\u00e9rence Innovative4Cities \u00e0 Montr\u00e9al<\/strong><\/p>\n\n\n\n<p>Pour informer le Cycle 7 du Rapport d\u2019\u00e9valuation du GIEC (AR7) et le Rapport sp\u00e9cial sur le changement climatique et les villes, la <a href=\"https:\/\/www.innovate4cities.org\/conference2024\/\" target=\"_blank\" rel=\"noreferrer noopener\">Conf\u00e9rence Innovative4Cities<\/a> (I4C2024) se tiendra \u00e0 Montr\u00e9al (Canada) du 10 au 12 septembre 2024. Convoqu\u00e9e par le Pacte mondial des maires pour le climat et l\u2019\u00e9nergie (GCoM) et ONU-Habitat, elle r\u00e9unira des dirigeants de villes, des universitaires, des repr\u00e9sentants de la soci\u00e9t\u00e9 civile et de l\u2019industrie.<\/p>\n\n\n\n<p>&nbsp;<\/p>\n<\/div>\n\n\n\n<div class=\"wp-block-column is-layout-flow wp-block-column-is-layout-flow\">\n<p><strong>Num\u00e9ro sp\u00e9cial sur la recherche et l\u2019innovation dirig\u00e9es par les villes pour l\u2019action climatique<\/strong><\/p>\n\n\n\n<p>Le Journal for City Climate Policy and Economy (JCCPE) a annonc\u00e9 un num\u00e9ro sp\u00e9cial intitul\u00e9 \u00abRecherche et innovation dirig\u00e9es par les villes pour l\u2019action climatique\u00bb en ao\u00fbt 2024. L\u2019appel \u00e0 contributions invite les responsables politiques, les d\u00e9cideurs, les repr\u00e9sentants \u00e9lus et non \u00e9lus des villes, ainsi que les r\u00e9seaux de villes, \u00e0 partager leurs id\u00e9es sur les d\u00e9fis rencontr\u00e9s, les strat\u00e9gies de recherche et d\u2019innovation actuelles, les besoins prioritaires pour l\u2019action climatique \u00e0 l\u2019\u00e9chelle de la ville et les opportunit\u00e9s pour \u00e9tendre les succ\u00e8s existants. Un deuxi\u00e8me num\u00e9ro sur le m\u00eame th\u00e8me, du point de vue des universitaires urbains, des scientifiques du climat ax\u00e9s sur la ville, des g\u00e9ographes et des universitaires en urbanisme, sera publi\u00e9 en ao\u00fbt 2025. Cette \u00e9dition vise \u00e0 relever les d\u00e9fis identifi\u00e9s par les villes et les r\u00e9seaux urbains.<\/p>\n<\/div>\n<\/div>\n<\/div><\/div>\n","protected":false},"excerpt":{"rendered":"<p>D\u00c9FIS CLIMATIQUES EN 2024 :UNE PRESSION GRANDISSANTE \u00c0 premi\u00e8re vue, la COP28 \u00e0 Duba\u00ef en novembre 2023 a \u00e9t\u00e9 un succ\u00e8s : pour la premi\u00e8re fois en 30 ans de conf\u00e9rences sur le climat, l\u2019accord final inclut les termes \u00abtransition loin des \u00e9nergies fossiles\u00bb, les reconnaissant comme le principal moteur du changement climatique. Presque tous [&hellip;]<\/p>\n","protected":false},"author":1,"featured_media":0,"parent":43,"menu_order":40,"comment_status":"closed","ping_status":"closed","template":"","meta":{"footnotes":""},"class_list":["post-59","page","type-page","status-publish","hentry"],"yoast_head":"<!-- This site is optimized with the Yoast SEO plugin v27.0 - https:\/\/yoast.com\/product\/yoast-seo-wordpress\/ -->\n<title>D\u00e9fis climatiques en 2024 - Municipal Forecast - Fran\u00e7ais<\/title>\n<meta name=\"robots\" content=\"index, follow, max-snippet:-1, max-image-preview:large, max-video-preview:-1\" \/>\n<link rel=\"canonical\" href=\"https:\/\/urbanjournalism.institute\/forecast-fr\/forecast-2024\/climate-challenges-in-2024\/\" \/>\n<meta property=\"og:locale\" content=\"fr_FR\" \/>\n<meta property=\"og:type\" content=\"article\" \/>\n<meta property=\"og:title\" content=\"D\u00e9fis climatiques en 2024 - Municipal Forecast - Fran\u00e7ais\" \/>\n<meta property=\"og:description\" content=\"D\u00c9FIS CLIMATIQUES EN 2024 :UNE PRESSION GRANDISSANTE \u00c0 premi\u00e8re vue, la COP28 \u00e0 Duba\u00ef en novembre 2023 a \u00e9t\u00e9 un succ\u00e8s : pour la premi\u00e8re fois en 30 ans de conf\u00e9rences sur le climat, l\u2019accord final inclut les termes \u00abtransition loin des \u00e9nergies fossiles\u00bb, les reconnaissant comme le principal moteur du changement climatique. Presque tous [&hellip;]\" \/>\n<meta property=\"og:url\" content=\"https:\/\/urbanjournalism.institute\/forecast-fr\/forecast-2024\/climate-challenges-in-2024\/\" \/>\n<meta property=\"og:site_name\" content=\"Municipal Forecast - Fran\u00e7ais\" \/>\n<meta property=\"article:modified_time\" content=\"2024-02-19T09:30:04+00:00\" \/>\n<meta name=\"twitter:card\" content=\"summary_large_image\" \/>\n<meta name=\"twitter:label1\" content=\"Dur\u00e9e de lecture estim\u00e9e\" \/>\n\t<meta name=\"twitter:data1\" content=\"6 minutes\" \/>\n<script type=\"application\/ld+json\" class=\"yoast-schema-graph\">{\"@context\":\"https:\/\/schema.org\",\"@graph\":[{\"@type\":\"WebPage\",\"@id\":\"https:\/\/urbanjournalism.institute\/forecast-fr\/forecast-2024\/climate-challenges-in-2024\/\",\"url\":\"https:\/\/urbanjournalism.institute\/forecast-fr\/forecast-2024\/climate-challenges-in-2024\/\",\"name\":\"D\u00e9fis climatiques en 2024 - Municipal Forecast - Fran\u00e7ais\",\"isPartOf\":{\"@id\":\"https:\/\/urbanjournalism.institute\/forecast-fr\/#website\"},\"datePublished\":\"2024-02-18T09:31:27+00:00\",\"dateModified\":\"2024-02-19T09:30:04+00:00\",\"breadcrumb\":{\"@id\":\"https:\/\/urbanjournalism.institute\/forecast-fr\/forecast-2024\/climate-challenges-in-2024\/#breadcrumb\"},\"inLanguage\":\"fr-FR\",\"potentialAction\":[{\"@type\":\"ReadAction\",\"target\":[\"https:\/\/urbanjournalism.institute\/forecast-fr\/forecast-2024\/climate-challenges-in-2024\/\"]}]},{\"@type\":\"BreadcrumbList\",\"@id\":\"https:\/\/urbanjournalism.institute\/forecast-fr\/forecast-2024\/climate-challenges-in-2024\/#breadcrumb\",\"itemListElement\":[{\"@type\":\"ListItem\",\"position\":1,\"name\":\"Forecast 2024\",\"item\":\"https:\/\/urbanjournalism.institute\/forecast-fr\/\"},{\"@type\":\"ListItem\",\"position\":2,\"name\":\"D\u00e9fis climatiques en 2024\"}]},{\"@type\":\"WebSite\",\"@id\":\"https:\/\/urbanjournalism.institute\/forecast-fr\/#website\",\"url\":\"https:\/\/urbanjournalism.institute\/forecast-fr\/\",\"name\":\"Municipal Forecast - Fran\u00e7ais\",\"description\":\"\",\"potentialAction\":[{\"@type\":\"SearchAction\",\"target\":{\"@type\":\"EntryPoint\",\"urlTemplate\":\"https:\/\/urbanjournalism.institute\/forecast-fr\/?s={search_term_string}\"},\"query-input\":{\"@type\":\"PropertyValueSpecification\",\"valueRequired\":true,\"valueName\":\"search_term_string\"}}],\"inLanguage\":\"fr-FR\"}]}<\/script>\n<!-- \/ Yoast SEO plugin. -->","yoast_head_json":{"title":"D\u00e9fis climatiques en 2024 - Municipal Forecast - Fran\u00e7ais","robots":{"index":"index","follow":"follow","max-snippet":"max-snippet:-1","max-image-preview":"max-image-preview:large","max-video-preview":"max-video-preview:-1"},"canonical":"https:\/\/urbanjournalism.institute\/forecast-fr\/forecast-2024\/climate-challenges-in-2024\/","og_locale":"fr_FR","og_type":"article","og_title":"D\u00e9fis climatiques en 2024 - Municipal Forecast - Fran\u00e7ais","og_description":"D\u00c9FIS CLIMATIQUES EN 2024 :UNE PRESSION GRANDISSANTE \u00c0 premi\u00e8re vue, la COP28 \u00e0 Duba\u00ef en novembre 2023 a \u00e9t\u00e9 un succ\u00e8s : pour la premi\u00e8re fois en 30 ans de conf\u00e9rences sur le climat, l\u2019accord final inclut les termes \u00abtransition loin des \u00e9nergies fossiles\u00bb, les reconnaissant comme le principal moteur du changement climatique. Presque tous [&hellip;]","og_url":"https:\/\/urbanjournalism.institute\/forecast-fr\/forecast-2024\/climate-challenges-in-2024\/","og_site_name":"Municipal Forecast - Fran\u00e7ais","article_modified_time":"2024-02-19T09:30:04+00:00","twitter_card":"summary_large_image","twitter_misc":{"Dur\u00e9e de lecture estim\u00e9e":"6 minutes"},"schema":{"@context":"https:\/\/schema.org","@graph":[{"@type":"WebPage","@id":"https:\/\/urbanjournalism.institute\/forecast-fr\/forecast-2024\/climate-challenges-in-2024\/","url":"https:\/\/urbanjournalism.institute\/forecast-fr\/forecast-2024\/climate-challenges-in-2024\/","name":"D\u00e9fis climatiques en 2024 - Municipal Forecast - Fran\u00e7ais","isPartOf":{"@id":"https:\/\/urbanjournalism.institute\/forecast-fr\/#website"},"datePublished":"2024-02-18T09:31:27+00:00","dateModified":"2024-02-19T09:30:04+00:00","breadcrumb":{"@id":"https:\/\/urbanjournalism.institute\/forecast-fr\/forecast-2024\/climate-challenges-in-2024\/#breadcrumb"},"inLanguage":"fr-FR","potentialAction":[{"@type":"ReadAction","target":["https:\/\/urbanjournalism.institute\/forecast-fr\/forecast-2024\/climate-challenges-in-2024\/"]}]},{"@type":"BreadcrumbList","@id":"https:\/\/urbanjournalism.institute\/forecast-fr\/forecast-2024\/climate-challenges-in-2024\/#breadcrumb","itemListElement":[{"@type":"ListItem","position":1,"name":"Forecast 2024","item":"https:\/\/urbanjournalism.institute\/forecast-fr\/"},{"@type":"ListItem","position":2,"name":"D\u00e9fis climatiques en 2024"}]},{"@type":"WebSite","@id":"https:\/\/urbanjournalism.institute\/forecast-fr\/#website","url":"https:\/\/urbanjournalism.institute\/forecast-fr\/","name":"Municipal Forecast - Fran\u00e7ais","description":"","potentialAction":[{"@type":"SearchAction","target":{"@type":"EntryPoint","urlTemplate":"https:\/\/urbanjournalism.institute\/forecast-fr\/?s={search_term_string}"},"query-input":{"@type":"PropertyValueSpecification","valueRequired":true,"valueName":"search_term_string"}}],"inLanguage":"fr-FR"}]}},"_links":{"self":[{"href":"https:\/\/urbanjournalism.institute\/forecast-fr\/wp-json\/wp\/v2\/pages\/59","targetHints":{"allow":["GET"]}}],"collection":[{"href":"https:\/\/urbanjournalism.institute\/forecast-fr\/wp-json\/wp\/v2\/pages"}],"about":[{"href":"https:\/\/urbanjournalism.institute\/forecast-fr\/wp-json\/wp\/v2\/types\/page"}],"author":[{"embeddable":true,"href":"https:\/\/urbanjournalism.institute\/forecast-fr\/wp-json\/wp\/v2\/users\/1"}],"replies":[{"embeddable":true,"href":"https:\/\/urbanjournalism.institute\/forecast-fr\/wp-json\/wp\/v2\/comments?post=59"}],"version-history":[{"count":3,"href":"https:\/\/urbanjournalism.institute\/forecast-fr\/wp-json\/wp\/v2\/pages\/59\/revisions"}],"predecessor-version":[{"id":163,"href":"https:\/\/urbanjournalism.institute\/forecast-fr\/wp-json\/wp\/v2\/pages\/59\/revisions\/163"}],"up":[{"embeddable":true,"href":"https:\/\/urbanjournalism.institute\/forecast-fr\/wp-json\/wp\/v2\/pages\/43"}],"wp:attachment":[{"href":"https:\/\/urbanjournalism.institute\/forecast-fr\/wp-json\/wp\/v2\/media?parent=59"}],"curies":[{"name":"wp","href":"https:\/\/api.w.org\/{rel}","templated":true}]}}