{"id":60,"date":"2024-02-18T09:31:27","date_gmt":"2024-02-18T09:31:27","guid":{"rendered":"https:\/\/urbanjournalism.institute\/forecast-fr\/forecast-2024\/climate-challenges-in-2024\/extreme-heat\/"},"modified":"2024-02-19T09:31:17","modified_gmt":"2024-02-19T09:31:17","slug":"extreme-heat","status":"publish","type":"page","link":"https:\/\/urbanjournalism.institute\/forecast-fr\/forecast-2024\/climate-challenges-in-2024\/extreme-heat\/","title":{"rendered":"La chaleur extr\u00eame"},"content":{"rendered":"\n<div class=\"wp-block-columns is-layout-flex wp-container-core-columns-is-layout-9d6595d7 wp-block-columns-is-layout-flex\">\n<div class=\"wp-block-column is-layout-flow wp-block-column-is-layout-flow\">\n<figure class=\"wp-block-image size-large\"><img decoding=\"async\" src=\"\/wp-content\/themes\/uji\/img\/mf24\/extreme-heat.jpg\" alt=\"\" \/><figcaption class=\"wp-element-caption\"><em>\u00a9Ramin Khatibi<\/em><\/figcaption><\/figure>\n<\/div>\n\n\n\n<div class=\"wp-block-column is-layout-flow wp-block-column-is-layout-flow\">\n<h1 class=\"wp-block-heading\">La chaleur<br>extr\u00eame<\/h1>\n\n\n\n<p class=\"has-large-font-size\">Le tueur silencieux<\/p>\n<\/div>\n<\/div>\n\n\n\n<div class=\"wp-block-group narrow-group\"><div class=\"wp-block-group__inner-container is-layout-constrained wp-block-group-is-layout-constrained\">\n<p>L\u2019ann\u00e9e 2023 s\u2019est inscrite comme la plus chaude jamais enregistr\u00e9e, une r\u00e9v\u00e9lation bas\u00e9e sur les donn\u00e9es du Service de changement climatique Copernicus de l\u2019Union europ\u00e9enne. La temp\u00e9rature mondiale a atteint pr\u00e8s de 1,5\u00baC (1,48\u00baC) au-dessus des niveaux pr\u00e9industriels, d\u00e9clenchant une vague d\u2019\u00e9v\u00e9nements extr\u00eames \u00e0 l\u2019\u00e9chelle mondiale, des vagues de chaleur et des inondations aux s\u00e9cheresses et aux incendies de for\u00eat. Les preuves corroborantes du GIEC sont alarmantes, car on anticipe que 2024 pourrait battre \u00e0 nouveau des records, en faisant l\u2019ann\u00e9e la plus chaude des 125 000 derni\u00e8res ann\u00e9es. Le principal coupable de cette chaleur sans pr\u00e9c\u00e9dent est sans aucun doute le changement climatique, aggrav\u00e9 en 2023 par les effets persistants de l\u2019\u00e9v\u00e9nement El Ni\u00f1o.<\/p>\n\n\n\n<p>Les vagues de chaleur de 2023 ont sem\u00e9 le chaos dans l\u2019ouest des \u00c9tats-Unis, le sud de l\u2019Europe et diverses nations asiatiques, dont le Bangladesh, la Chine, la Tha\u00eflande, la Malaisie, Singapour et le Vietnam. Les cons\u00e9quences ont \u00e9t\u00e9 catastrophiques, allant des incendies de for\u00eat en Alberta aux temp\u00e9ratures extr\u00eames causant des victimes au Canada, aux \u00c9tats-Unis et au-del\u00e0. Encore aux prises avec les cons\u00e9quences des vagues de chaleur pr\u00e9c\u00e9dentes, l\u2019Europe a enregistr\u00e9 plus de 61 000 d\u00e9c\u00e8s en 2022, mettant \u00e0 nu la vuln\u00e9rabilit\u00e9 des capacit\u00e9s adaptatives et des plans de pr\u00e9vention des nations. En Asie, les records de temp\u00e9rature r\u00e9gionaux ont \u00e9t\u00e9 pulv\u00e9ris\u00e9s, entra\u00eenant la fermeture des \u00e9coles, des coupures de courant et des p\u00e9nuries de carburant.<\/p>\n\n\n\n<p>Un rapport r\u00e9cemment publi\u00e9 par le Comit\u00e9 d\u2019audit environnemental de la Chambre des communes du Royaume-Uni, intitul\u00e9 \u00abR\u00e9silience \u00e0 la chaleur et refroidissement durable\u00bb (janvier 2024), appelle de toute urgence \u00e0 l\u2019action. Le rapport repose sur des preuves convaincantes selon lesquelles la chaleur a des impacts \u00e9tendus sur la sant\u00e9, le bien-\u00eatre et la productivit\u00e9 \u00e9conomique. Le Royaume-Uni, qui a enregistr\u00e9 plus de 4 500 d\u00e9c\u00e8s li\u00e9s \u00e0 la chaleur en 2022, fait face \u00e0 la perspective que ce nombre double chaque ann\u00e9e sans des efforts concert\u00e9s pour s\u2019adapter au climat de plus en plus chaud. L\u2019Agence de s\u00e9curit\u00e9 sanitaire du Royaume- Uni, en juillet 2022, a \u00e9mis son premier avertissement sanitaire de niveau 4 en cas de chaleur \u00e0 des temp\u00e9ratures d\u00e9passant pour la premi\u00e8re fois les 40 \u00baC.<\/p>\n<\/div><\/div>\n\n\n\n<div class=\"wp-block-group\"><div class=\"wp-block-group__inner-container is-layout-constrained wp-block-group-is-layout-constrained\">\n<div class=\"wp-block-columns gap-5 is-layout-flex wp-container-core-columns-is-layout-9d6595d7 wp-block-columns-is-layout-flex\">\n<div class=\"wp-block-column is-layout-flow wp-block-column-is-layout-flow\">\n<p>Les pertes au Royaume-Uni, mesur\u00e9es en milliers de vies et de milliards de livres sterling chaque ann\u00e9e, conduisent \u00e0 une conclusion sans \u00e9quivoque : \u00abL\u2019imp\u00e9ratif social et \u00e9conomique d\u2019acc\u00e9l\u00e9rer les mesures d\u2019adaptation \u00e0 la chaleur est clair\u00bb. Les recommandations sont concr\u00e8tes, reconnaissant les actions des gouvernements locaux et leur valeur en cas d\u2019urgence climatique. Elles pourraient servir de mod\u00e8les reproductibles pour d\u2019autres pays. Les recommandations comprennent la nomination d\u2019un ministre principal charg\u00e9 de la r\u00e9silience \u00e0 la chaleur, le lancement d\u2019une campagne d\u2019information publique dirig\u00e9e par le ministre sur la menace des vagues de chaleur et l\u2019expansion des espaces verts urbains, en particulier dans les zones d\u00e9favoris\u00e9es. Une autre recommandation cruciale est un programme national de r\u00e9novation ax\u00e9 sur l\u2019isolation et la ventilation du parc immobilier du Royaume-Uni, \u00e0 ex\u00e9cuter par les autorit\u00e9s locales avec un financement \u00e0 long terme ad\u00e9quat. La derni\u00e8re recommandation du rapport exhorte le gouvernement britannique \u00e0 \u00eatre parmi les premiers signataires de l\u2019Engagement mondial pour le refroidissement. Les experts consid\u00e8rent cela comme une avanc\u00e9e significative en mati\u00e8re de r\u00e9silience \u00e0 la chaleur et de refroidissement durable au niveau du leadership international.<\/p>\n\n\n\n<p>Entre-temps, les villes du monde entier ont pris des mesures proactives depuis des ann\u00e9es pour att\u00e9nuer l\u2019effet d\u2019\u00eelot de chaleur et am\u00e9liorer la qualit\u00e9 de vie des citoyens pendant les \u00e9v\u00e9nements m\u00e9t\u00e9orologiques extr\u00eames. Les strat\u00e9gies populaires comprennent la plantation d\u2019arbres, la cr\u00e9ation de parcs, l\u2019am\u00e9nagement de jardins sur les toits et l\u2019utilisation de technologies de refroidissement telles que les toits et les chauss\u00e9es r\u00e9fl\u00e9chissants. Les villes mettent \u00e9galement en \u0153uvre des syst\u00e8mes d\u2019alerte pr\u00e9coce, collaborent avec les communaut\u00e9s pour sensibiliser et informent les citoyens sur les mesures adaptatives.<\/p>\n\n\n\n<p>Le Centre Arsht-Rockefeller pour la r\u00e9silience (Arsht- Rock) continue de promouvoir le poste de directeur de la chaleur dans le monde entier. En 2023, Dhaka, au Bangladesh, a inaugur\u00e9 le premier poste de directeur de la chaleur (CHO), nommant Bushra Afreen pour lutter contre les d\u00e9fis des temp\u00e9ratures estivales extr\u00eames. Simultan\u00e9ment, Eleni Myrivili, l\u2019ancienne CHO d\u2019Ath\u00e8nes, est devenue la premi\u00e8re directrice mondiale de la chaleur gr\u00e2ce \u00e0 une nomination conjointe d\u2019ONU-Habitat et d\u2019Arsht-Rock.<\/p>\n\n\n\n<p>Les villes du monde entier touch\u00e9es par la hausse des temp\u00e9ratures explorent des solutions innovantes. S\u00e9ville sensibilise en donnant des noms aux vagues de chaleur locales comme d\u2019autres ph\u00e9nom\u00e8nes m\u00e9t\u00e9orologiques. New York et Los Angeles sont en t\u00eate avec des toits verts et des chauss\u00e9es fra\u00eeches, d\u00e9montrant le potentiel de r\u00e9duire les temp\u00e9ratures de surface jusqu\u2019\u00e0 11 \u00b0C. Singapour a refroidi certaines parties de la ville en plantant plus de 7 millions d\u2019arbres et en cr\u00e9ant plus de 300 parcs et jardins.<\/p>\n<\/div>\n\n\n\n<div class=\"wp-block-column is-layout-flow wp-block-column-is-layout-flow\">\n<p class=\"has-text-align-left\"><strong>L\u2019Engagement mondial pour le refroidissement, les gouvernements infranationaux en tant que principaux ex\u00e9cutants<\/strong><\/p>\n\n\n\n<p>En tant qu\u2019initiative conjointe des \u00c9mirats arabes unis, qui assurent la pr\u00e9sidence de la COP28, et de la \u00ab<a href=\"https:\/\/coolcoalition.org\" target=\"_blank\" rel=\"noreferrer noopener\">Cool Coalition<\/a>\u00bb dirig\u00e9e par le PNUE, plus de 60 pays ont approuv\u00e9 l\u2019Engagement mondial pour le refroidissement. Ces nations sont d\u00e9termin\u00e9es \u00e0 r\u00e9duire d\u2019ici 2050 les \u00e9missions li\u00e9es au refroidissement dans tous les secteurs d\u2019au moins 68 % \u00e0 l\u2019\u00e9chelle mondiale, par rapport aux niveaux de 2022. L\u2019engagement inclut la promesse des gouvernements infranationaux \u00e0 int\u00e9grer le refroidissement dans les strat\u00e9gies ou plans d\u2019action existants, ou \u00e0 \u00e9laborer un Plan d\u2019action contre la chaleur d\u2019ici 2026. Des engagements suppl\u00e9mentaires portent sur l\u2019expansion de la qualit\u00e9 des espaces verts et bleus dans les zones urbaines et la promesse de poursuivre l\u2019approvisionnement public en technologies de refroidissement \u00e0 faible potentiel de r\u00e9chauffement plan\u00e9taire et hautement efficaces dans les b\u00e2timents gouvernementaux d\u2019ici 2030.<\/p>\n\n\n\n<figure class=\"wp-block-image size-large\"><img decoding=\"async\" src=\"\/wp-content\/themes\/uji\/img\/mf24\/extreme-heat-2.jpg\" alt=\"\" \/><figcaption class=\"wp-element-caption\"><em>\u00a9Bernd Dittrich. Innra Hvannagil, Njardhvik, \u00cdsland<\/em><\/figcaption><\/figure>\n<\/div>\n<\/div>\n<\/div><\/div>\n","protected":false},"excerpt":{"rendered":"<p>La chaleurextr\u00eame Le tueur silencieux L\u2019ann\u00e9e 2023 s\u2019est inscrite comme la plus chaude jamais enregistr\u00e9e, une r\u00e9v\u00e9lation bas\u00e9e sur les donn\u00e9es du Service de changement climatique Copernicus de l\u2019Union europ\u00e9enne. La temp\u00e9rature mondiale a atteint pr\u00e8s de 1,5\u00baC (1,48\u00baC) au-dessus des niveaux pr\u00e9industriels, d\u00e9clenchant une vague d\u2019\u00e9v\u00e9nements extr\u00eames \u00e0 l\u2019\u00e9chelle mondiale, des vagues de chaleur [&hellip;]<\/p>\n","protected":false},"author":1,"featured_media":0,"parent":59,"menu_order":0,"comment_status":"closed","ping_status":"closed","template":"","meta":{"footnotes":""},"class_list":["post-60","page","type-page","status-publish","hentry"],"yoast_head":"<!-- This site is optimized with the Yoast SEO plugin v27.0 - https:\/\/yoast.com\/product\/yoast-seo-wordpress\/ -->\n<title>La chaleur extr\u00eame - Municipal Forecast - Fran\u00e7ais<\/title>\n<meta name=\"robots\" content=\"index, follow, max-snippet:-1, max-image-preview:large, max-video-preview:-1\" \/>\n<link rel=\"canonical\" href=\"https:\/\/urbanjournalism.institute\/forecast-fr\/forecast-2024\/climate-challenges-in-2024\/extreme-heat\/\" \/>\n<meta property=\"og:locale\" content=\"fr_FR\" \/>\n<meta property=\"og:type\" content=\"article\" \/>\n<meta property=\"og:title\" content=\"La chaleur extr\u00eame - Municipal Forecast - Fran\u00e7ais\" \/>\n<meta property=\"og:description\" content=\"La chaleurextr\u00eame Le tueur silencieux L\u2019ann\u00e9e 2023 s\u2019est inscrite comme la plus chaude jamais enregistr\u00e9e, une r\u00e9v\u00e9lation bas\u00e9e sur les donn\u00e9es du Service de changement climatique Copernicus de l\u2019Union europ\u00e9enne. La temp\u00e9rature mondiale a atteint pr\u00e8s de 1,5\u00baC (1,48\u00baC) au-dessus des niveaux pr\u00e9industriels, d\u00e9clenchant une vague d\u2019\u00e9v\u00e9nements extr\u00eames \u00e0 l\u2019\u00e9chelle mondiale, des vagues de chaleur [&hellip;]\" \/>\n<meta property=\"og:url\" content=\"https:\/\/urbanjournalism.institute\/forecast-fr\/forecast-2024\/climate-challenges-in-2024\/extreme-heat\/\" \/>\n<meta property=\"og:site_name\" content=\"Municipal Forecast - Fran\u00e7ais\" \/>\n<meta property=\"article:modified_time\" content=\"2024-02-19T09:31:17+00:00\" \/>\n<meta name=\"twitter:card\" content=\"summary_large_image\" \/>\n<meta name=\"twitter:label1\" content=\"Dur\u00e9e de lecture estim\u00e9e\" \/>\n\t<meta name=\"twitter:data1\" content=\"6 minutes\" \/>\n<script type=\"application\/ld+json\" class=\"yoast-schema-graph\">{\"@context\":\"https:\/\/schema.org\",\"@graph\":[{\"@type\":\"WebPage\",\"@id\":\"https:\/\/urbanjournalism.institute\/forecast-fr\/forecast-2024\/climate-challenges-in-2024\/extreme-heat\/\",\"url\":\"https:\/\/urbanjournalism.institute\/forecast-fr\/forecast-2024\/climate-challenges-in-2024\/extreme-heat\/\",\"name\":\"La chaleur extr\u00eame - Municipal Forecast - Fran\u00e7ais\",\"isPartOf\":{\"@id\":\"https:\/\/urbanjournalism.institute\/forecast-fr\/#website\"},\"datePublished\":\"2024-02-18T09:31:27+00:00\",\"dateModified\":\"2024-02-19T09:31:17+00:00\",\"breadcrumb\":{\"@id\":\"https:\/\/urbanjournalism.institute\/forecast-fr\/forecast-2024\/climate-challenges-in-2024\/extreme-heat\/#breadcrumb\"},\"inLanguage\":\"fr-FR\",\"potentialAction\":[{\"@type\":\"ReadAction\",\"target\":[\"https:\/\/urbanjournalism.institute\/forecast-fr\/forecast-2024\/climate-challenges-in-2024\/extreme-heat\/\"]}]},{\"@type\":\"BreadcrumbList\",\"@id\":\"https:\/\/urbanjournalism.institute\/forecast-fr\/forecast-2024\/climate-challenges-in-2024\/extreme-heat\/#breadcrumb\",\"itemListElement\":[{\"@type\":\"ListItem\",\"position\":1,\"name\":\"Forecast 2024\",\"item\":\"https:\/\/urbanjournalism.institute\/forecast-fr\/\"},{\"@type\":\"ListItem\",\"position\":2,\"name\":\"D\u00e9fis climatiques en 2024\",\"item\":\"https:\/\/urbanjournalism.institute\/forecast-fr\/forecast-2024\/climate-challenges-in-2024\/\"},{\"@type\":\"ListItem\",\"position\":3,\"name\":\"La chaleur extr\u00eame\"}]},{\"@type\":\"WebSite\",\"@id\":\"https:\/\/urbanjournalism.institute\/forecast-fr\/#website\",\"url\":\"https:\/\/urbanjournalism.institute\/forecast-fr\/\",\"name\":\"Municipal Forecast - Fran\u00e7ais\",\"description\":\"\",\"potentialAction\":[{\"@type\":\"SearchAction\",\"target\":{\"@type\":\"EntryPoint\",\"urlTemplate\":\"https:\/\/urbanjournalism.institute\/forecast-fr\/?s={search_term_string}\"},\"query-input\":{\"@type\":\"PropertyValueSpecification\",\"valueRequired\":true,\"valueName\":\"search_term_string\"}}],\"inLanguage\":\"fr-FR\"}]}<\/script>\n<!-- \/ Yoast SEO plugin. -->","yoast_head_json":{"title":"La chaleur extr\u00eame - Municipal Forecast - Fran\u00e7ais","robots":{"index":"index","follow":"follow","max-snippet":"max-snippet:-1","max-image-preview":"max-image-preview:large","max-video-preview":"max-video-preview:-1"},"canonical":"https:\/\/urbanjournalism.institute\/forecast-fr\/forecast-2024\/climate-challenges-in-2024\/extreme-heat\/","og_locale":"fr_FR","og_type":"article","og_title":"La chaleur extr\u00eame - Municipal Forecast - Fran\u00e7ais","og_description":"La chaleurextr\u00eame Le tueur silencieux L\u2019ann\u00e9e 2023 s\u2019est inscrite comme la plus chaude jamais enregistr\u00e9e, une r\u00e9v\u00e9lation bas\u00e9e sur les donn\u00e9es du Service de changement climatique Copernicus de l\u2019Union europ\u00e9enne. La temp\u00e9rature mondiale a atteint pr\u00e8s de 1,5\u00baC (1,48\u00baC) au-dessus des niveaux pr\u00e9industriels, d\u00e9clenchant une vague d\u2019\u00e9v\u00e9nements extr\u00eames \u00e0 l\u2019\u00e9chelle mondiale, des vagues de chaleur [&hellip;]","og_url":"https:\/\/urbanjournalism.institute\/forecast-fr\/forecast-2024\/climate-challenges-in-2024\/extreme-heat\/","og_site_name":"Municipal Forecast - Fran\u00e7ais","article_modified_time":"2024-02-19T09:31:17+00:00","twitter_card":"summary_large_image","twitter_misc":{"Dur\u00e9e de lecture estim\u00e9e":"6 minutes"},"schema":{"@context":"https:\/\/schema.org","@graph":[{"@type":"WebPage","@id":"https:\/\/urbanjournalism.institute\/forecast-fr\/forecast-2024\/climate-challenges-in-2024\/extreme-heat\/","url":"https:\/\/urbanjournalism.institute\/forecast-fr\/forecast-2024\/climate-challenges-in-2024\/extreme-heat\/","name":"La chaleur extr\u00eame - Municipal Forecast - Fran\u00e7ais","isPartOf":{"@id":"https:\/\/urbanjournalism.institute\/forecast-fr\/#website"},"datePublished":"2024-02-18T09:31:27+00:00","dateModified":"2024-02-19T09:31:17+00:00","breadcrumb":{"@id":"https:\/\/urbanjournalism.institute\/forecast-fr\/forecast-2024\/climate-challenges-in-2024\/extreme-heat\/#breadcrumb"},"inLanguage":"fr-FR","potentialAction":[{"@type":"ReadAction","target":["https:\/\/urbanjournalism.institute\/forecast-fr\/forecast-2024\/climate-challenges-in-2024\/extreme-heat\/"]}]},{"@type":"BreadcrumbList","@id":"https:\/\/urbanjournalism.institute\/forecast-fr\/forecast-2024\/climate-challenges-in-2024\/extreme-heat\/#breadcrumb","itemListElement":[{"@type":"ListItem","position":1,"name":"Forecast 2024","item":"https:\/\/urbanjournalism.institute\/forecast-fr\/"},{"@type":"ListItem","position":2,"name":"D\u00e9fis climatiques en 2024","item":"https:\/\/urbanjournalism.institute\/forecast-fr\/forecast-2024\/climate-challenges-in-2024\/"},{"@type":"ListItem","position":3,"name":"La chaleur extr\u00eame"}]},{"@type":"WebSite","@id":"https:\/\/urbanjournalism.institute\/forecast-fr\/#website","url":"https:\/\/urbanjournalism.institute\/forecast-fr\/","name":"Municipal Forecast - Fran\u00e7ais","description":"","potentialAction":[{"@type":"SearchAction","target":{"@type":"EntryPoint","urlTemplate":"https:\/\/urbanjournalism.institute\/forecast-fr\/?s={search_term_string}"},"query-input":{"@type":"PropertyValueSpecification","valueRequired":true,"valueName":"search_term_string"}}],"inLanguage":"fr-FR"}]}},"_links":{"self":[{"href":"https:\/\/urbanjournalism.institute\/forecast-fr\/wp-json\/wp\/v2\/pages\/60","targetHints":{"allow":["GET"]}}],"collection":[{"href":"https:\/\/urbanjournalism.institute\/forecast-fr\/wp-json\/wp\/v2\/pages"}],"about":[{"href":"https:\/\/urbanjournalism.institute\/forecast-fr\/wp-json\/wp\/v2\/types\/page"}],"author":[{"embeddable":true,"href":"https:\/\/urbanjournalism.institute\/forecast-fr\/wp-json\/wp\/v2\/users\/1"}],"replies":[{"embeddable":true,"href":"https:\/\/urbanjournalism.institute\/forecast-fr\/wp-json\/wp\/v2\/comments?post=60"}],"version-history":[{"count":3,"href":"https:\/\/urbanjournalism.institute\/forecast-fr\/wp-json\/wp\/v2\/pages\/60\/revisions"}],"predecessor-version":[{"id":164,"href":"https:\/\/urbanjournalism.institute\/forecast-fr\/wp-json\/wp\/v2\/pages\/60\/revisions\/164"}],"up":[{"embeddable":true,"href":"https:\/\/urbanjournalism.institute\/forecast-fr\/wp-json\/wp\/v2\/pages\/59"}],"wp:attachment":[{"href":"https:\/\/urbanjournalism.institute\/forecast-fr\/wp-json\/wp\/v2\/media?parent=60"}],"curies":[{"name":"wp","href":"https:\/\/api.w.org\/{rel}","templated":true}]}}