{"id":62,"date":"2024-02-18T09:31:27","date_gmt":"2024-02-18T09:31:27","guid":{"rendered":"https:\/\/urbanjournalism.institute\/forecast-fr\/forecast-2024\/climate-challenges-in-2024\/echoes-of-loss\/"},"modified":"2024-03-06T10:59:40","modified_gmt":"2024-03-06T10:59:40","slug":"echoes-of-loss","status":"publish","type":"page","link":"https:\/\/urbanjournalism.institute\/forecast-fr\/forecast-2024\/climate-challenges-in-2024\/echoes-of-loss\/","title":{"rendered":"\u00c9chos de la perte"},"content":{"rendered":"\n<div class=\"wp-block-group pt-5 narrow-group\"><div class=\"wp-block-group__inner-container is-layout-constrained wp-block-group-is-layout-constrained\">\n<h1 class=\"wp-block-heading mb-5\">\u00c9chos de la perte<\/h1>\n\n\n\n<figure class=\"wp-block-image size-large mb-10\"><img decoding=\"async\" src=\"\/wp-content\/themes\/uji\/img\/mf24\/echoes-of-loss.jpg\" alt=\"\" \/><figcaption class=\"wp-element-caption\"><em>\u00a9Zahra Malkani. Lac Manchar, Pakistan<\/em><\/figcaption><\/figure>\n\n\n\n<div class=\"wp-block-columns are-vertically-aligned-center gap-5 is-layout-flex wp-container-core-columns-is-layout-9d6595d7 wp-block-columns-is-layout-flex\">\n<div class=\"wp-block-column is-vertically-aligned-center is-layout-flow wp-block-column-is-layout-flow\">\n<p>Lors de l\u2019exploration du discours sur le changement climatique, le concept de \u00abPerte et Dommage\u00bb r\u00e9sonne profond\u00e9ment, mettant en lumi\u00e8re l\u2019impact profond des changements environnementaux et des catastrophes sur les communaut\u00e9s et les \u00e9cosyst\u00e8mes, en particulier les plus vuln\u00e9rables. \u00c0 mesure que le probl\u00e8me s\u2019aggrave, des artistes \u00e9mergent en tant que voix infl uentes capables de communiquer la gravit\u00e9 de ces pertes \u00e0 travers de nouvelles perspectives et de nouveaux m\u00e9dias.<\/p>\n\n\n\n<p>La Collaboration Perte &amp; Dommage est un groupe interdisciplinaire d\u2019artistes, d\u2019activistes et de chercheurs d\u00e9di\u00e9 \u00e0 aborder les co\u00fbts humains et \u00e9cologiques du changement climatique \u00e0 travers l\u2019expression artistique. Allant au-del\u00e0 des d\u00e9bats conventionnels sur l\u2019att\u00e9nuation et l\u2019adaptation, leur mission est d\u2019attirer l\u2019attention sur les pertes irr\u00e9versibles subies par les communaut\u00e9s du monde entier.<\/p>\n\n\n\n<p>\u00c0 travers le pouvoir transformateur de l\u2019art, leur programme Art et Culture sensibilise aux cons\u00e9quences du changement climatique. Ainsi, le programme Ways of Repair: Loss and Damage, une r\u00e9sidence artistique d\u2019un an soutenant trois artistes et commissaires, voit le jour. Chaque projet s\u00e9lectionn\u00e9 off re une opportunit\u00e9 d\u2019explorer des moyens de traiter les pertes et les dommages tout en \u00e9largissant la compr\u00e9hension des r\u00e9percussions intangibles dans des domaines tels que la culture, la sant\u00e9, le bien-\u00eatre mental, la coh\u00e9sion sociale, l\u2019identit\u00e9 et le sentiment d\u2019appartenance.<\/p>\n\n\n\n<p>L\u2019art contribue de mani\u00e8re signifi cative au dialogue mondial sur les questions environnementales en tant que moyen de diff usion et de sensibilisation. Ces projets servent de t\u00e9moignages visuels et auditifs des pertes subies par les communaut\u00e9s du monde entier, exhortant la soci\u00e9t\u00e9 \u00e0 faire face \u00e0 la n\u00e9cessit\u00e9 urgente d\u2019une action climatique conjointe. \u00c0 travers l\u2019art et la culture, les artistes jouent un r\u00f4le essentiel dans la sensibilisation et la compr\u00e9hension des cons\u00e9quences et des pertes caus\u00e9es par le changement climatique. Dans un monde en mutation rapide, nous devons voir, ressentir et agir.<\/p>\n<\/div>\n\n\n\n<div class=\"wp-block-column is-vertically-aligned-center is-layout-flow wp-block-column-is-layout-flow\">\n<figure class=\"wp-block-image size-large\"><img decoding=\"async\" src=\"\/wp-content\/themes\/uji\/img\/mf24\/echoes-of-loss-2.jpg\" alt=\"\" \/><figcaption class=\"wp-element-caption\"><em>\u00a9The Loss &amp; Damage Collaboration. Gabriela de Matos<\/em><\/figcaption><\/figure>\n\n\n\n<p class=\"has-text-align-left font-serif has-medium-font-size\"><strong>Gabriela de Matos. Candombl\u00e9 Terreiros : <em>Boucliers sacr\u00e9s contre la crise climatique \u00e0 Salvador<\/em><\/strong><\/p>\n\n\n\n<p>Avec le projet \u00abCandombl\u00e9 Terreiros\u00bb, Gabriela de Matos explore comment les terreiros, des espaces sacr\u00e9s de la religion afro-br\u00e9silienne Candombl\u00e9, peuvent faire face aux pertes et dommages caus\u00e9s par la crise climatique \u00e0 Salvador, au Br\u00e9sil. Enracin\u00e9s dans l\u2019h\u00e9ritage afro-br\u00e9silien, ces lieux sont cens\u00e9s fournir des avantages environnementaux, en particulier dans les communaut\u00e9s marginalis\u00e9es.<\/p>\n\n\n\n<p>L\u2019\u00e9tude \u00e9value l\u2019impact de la crise climatique sur les communaut\u00e9s vuln\u00e9rables \u00e0 Salvador, mettant l\u2019accent sur le r\u00f4le des terreiros dans la r\u00e9silience et l\u2019att\u00e9nuation. \u00c0 travers la documentation des techniques de construction et des agencements spatiaux, le projet cherche \u00e0 quantifier l\u2019influence microclimatique des terreiros, contribuant \u00e0 l\u2019am\u00e9lioration des conditions de vie dans les environnements urbains confront\u00e9s \u00e0 des ph\u00e9nom\u00e8nes climatiques intensifi\u00e9s. L\u2019\u00e9tude utilise le travail sur le terrain, les entretiens et l\u2019analyse architecturale pour documenter comment les connaissances ancestrales int\u00e9gr\u00e9es \u00e0 ces lieux peuvent informer la planification urbaine durable, agissant comme un outil transformateur pour faire face aux pertes et dommages.<\/p>\n\n\n\n<p>Gabriela de Matos est architecte, urbaniste, chercheuse, enseignante et commissaire d\u2019exposition. Son parcours se concentre sur la durabilit\u00e9 et la gestion de l\u2019environnement construit. Elle a copr\u00e9sid\u00e9 l\u2019Institut br\u00e9silien des architectes, fond\u00e9 le projet Arquitetas Negras, cartographiant la production des architectes br\u00e9siliens noirs, et \u00e9dit\u00e9 le livre prim\u00e9 Arquitetas Negras vol.1. Elle a \u00e9t\u00e9 co-commissaire du Pavillon br\u00e9silien \u00e0 la Biennale d\u2019architecture de Venise (2023) et a remport\u00e9 le Lion d\u2019Or du Meilleur Pavillon National.<\/p>\n<\/div>\n<\/div>\n<\/div><\/div>\n\n\n\n<div class=\"wp-block-group narrow-group\"><div class=\"wp-block-group__inner-container is-layout-constrained wp-block-group-is-layout-constrained\">\n<div class=\"wp-block-columns are-vertically-aligned-center gap-5 is-layout-flex wp-container-core-columns-is-layout-9d6595d7 wp-block-columns-is-layout-flex\">\n<div class=\"wp-block-column is-vertically-aligned-center is-layout-flow wp-block-column-is-layout-flow\" style=\"flex-basis:33%\">\n<figure class=\"wp-block-image size-large\"><img decoding=\"async\" src=\"\/wp-content\/themes\/uji\/img\/mf24\/echoes-of-loss-3.jpg\" alt=\"\" \/><figcaption class=\"wp-element-caption\"><em>\u00a9 The Loss &amp; Damage Collaboration. Nombuso Gumede<\/em><\/figcaption><\/figure>\n\n\n\n<figure class=\"wp-block-image size-large\"><img decoding=\"async\" src=\"\/wp-content\/themes\/uji\/img\/mf24\/echoes-of-loss-4.jpg\" alt=\"\" \/><figcaption class=\"wp-element-caption\"><em>\u00a9The Loss &amp; Damage Collaboration. Sibonelo Gumede<\/em><\/figcaption><\/figure>\n<\/div>\n\n\n\n<div class=\"wp-block-column is-vertically-aligned-center is-layout-flow wp-block-column-is-layout-flow\" style=\"flex-basis:70%\">\n<p class=\"has-text-align-left font-serif has-medium-font-size\"><strong>Nombuso et Sibonelo Gumede. Phoshoza sunduz\u2019ama bhun\u2019ahambe :<\/strong> <strong><em>Interpr\u00e9ter les futurs plan\u00e9taires (in) tangibles des instruments \u00e0 archet dans le KwaZulu-Natal<\/em><\/strong><\/p>\n\n\n\n<p>Explorant les archives de la princesse Constance Magogo Sibilile Mantithi Ngangezinye kaDinizulu, musicienne \u00e9minente et membre de la famille royale zoulou, le projet vise \u00e0 retracer les processus historiques et culturels de l\u2019instrument \u00e0 archet traditionnel, l\u2019ugubhu. Ax\u00e9 sur les pertes et dommages intangibles caus\u00e9s par la crise climatique dans des domaines culturels cruciaux, le projet \u00e9value ceux-ci \u00e0 travers la tradition de fabrication de l\u2019instrument \u00e0 archet uMakhweyane dans la province sud-africaine du KwaZulu-Natal.<\/p>\n\n\n\n<p>Pour les artistes Nombuso et Sibonelo, la crise climatique repr\u00e9sente une d\u00e9gradation continue de la relation entre les humains et la nature enracin\u00e9e dans le syst\u00e8me capitaliste. Dans ce contexte, ils r\u00e9fl\u00e9chissent sur la capacit\u00e9 des expressions culturelles \u00e0 nous enseigner la r\u00e9sistance et le renouveau, en se concentrant sur la production de cette tradition musicale indig\u00e8ne.<\/p>\n\n\n\n<p>Nombuso Mathibela excelle en tant que professionnelle de la culture, \u00e9ducatrice et s\u00e9lectrice de vinyles, explorant le son des r\u00e9cits de lib\u00e9ration anticoloniale et des comportements \u00e9cologiques et culturels en Afrique.<\/p>\n\n\n\n<p>Sibonelo Gumede est urbaniste et travailleur culturel qui explore les temporalit\u00e9s des cons\u00e9quences coloniales, cherchant \u00e0 \u00e9tablir des liens entre l\u2019espace et la relationalit\u00e9 pour construire une m\u00e9moire connective et promouvoir des pratiques restauratrices.<\/p>\n<\/div>\n<\/div>\n\n\n\n<p class=\"font-serif mt-10 has-medium-font-size\"><strong>Zahra Malkani. <\/strong><br><strong>Une humidit\u00e9 omnipr\u00e9sente<\/strong><\/p>\n\n\n\n<figure class=\"wp-block-image size-large mb-5\"><img decoding=\"async\" src=\"\/wp-content\/themes\/uji\/img\/mf24\/echoes-of-loss-5.jpg\" alt=\"\" \/><figcaption class=\"wp-element-caption\"><em>\u00a9The Loss &amp; Damage Collaboration. Zahra Malkani&nbsp;<\/em><\/figcaption><\/figure>\n\n\n\n<p>\u00abUne humidit\u00e9 omnipr\u00e9sente\u00bb explore l\u2019utilisation strat\u00e9gique des traditions musicales et des r\u00e9cits en tant que formes de souvenir et de r\u00e9sistance face \u00e0 la d\u00e9vastation environnementale. Centr\u00e9 autour de l\u2019Indus, le projet explore la v\u00e9n\u00e9ration ancestrale et l\u2019impact s\u00e9v\u00e8re sur le fleuve en raison des inondations provoqu\u00e9es par le changement climatique au Pakistan. Le projet de Zahra utilise le son et les r\u00e9cits oraux en tant qu\u2019\u00e9co-p\u00e9dagogie pour mettre en lumi\u00e8re les connaissances \u00e9cologiques et l\u2019esprit r\u00e9volutionnaire inh\u00e9rents \u00e0 ces sons.<\/p>\n\n\n\n<p>Zahra Malkani est une artiste multidisciplinaire ax\u00e9e sur la collaboration, la recherche et la p\u00e9dagogie, explorant le son, la dissidence et la d\u00e9votion comme r\u00e9ponses au militarisme et \u00e0 la violence infrastructurelle. Son travail couvre plusieurs m\u00e9diums, dont le texte, la vid\u00e9o et le son, examinant les politiques de d\u00e9veloppement du Pakistan, le d\u00e9placement et la d\u00e9possession. Zahra est la co-fondatrice, avec Shahana Rajani, de Karachi LaJamia, un espace d\u00e9di\u00e9 \u00e0 l\u2019\u00e9tude, \u00e0 la solidarit\u00e9 et \u00e0 la recherche.<\/p>\n\n\n\n<p>Le programme Ways of Repair: Loss and Damage se d\u00e9roulera en ligne entre janvier 2024 et janvier 2025, comprenant quatre moments cl\u00e9strois ateliers et un symposium en ligne. Le programme vise \u00e0 diversifier les publics et \u00e0 ajouter des nuances et de la profondeur aux d\u00e9bats publics, en se concentrant sur les politiques li\u00e9es aux pertes et dommages.<\/p>\n\n\n\n<p>Plus d&rsquo;informations sur le site :<br><a href=\"https:\/\/www.lossanddamagecollaboration.org\/\" target=\"_blank\" rel=\"noreferrer noopener\"><strong>https:\/\/www.lossanddamagecollaboration.org\/<\/strong><\/a><\/p>\n<\/div><\/div>\n","protected":false},"excerpt":{"rendered":"<p>\u00c9chos de la perte Lors de l\u2019exploration du discours sur le changement climatique, le concept de \u00abPerte et Dommage\u00bb r\u00e9sonne profond\u00e9ment, mettant en lumi\u00e8re l\u2019impact profond des changements environnementaux et des catastrophes sur les communaut\u00e9s et les \u00e9cosyst\u00e8mes, en particulier les plus vuln\u00e9rables. \u00c0 mesure que le probl\u00e8me s\u2019aggrave, des artistes \u00e9mergent en tant que [&hellip;]<\/p>\n","protected":false},"author":1,"featured_media":0,"parent":59,"menu_order":20,"comment_status":"closed","ping_status":"closed","template":"","meta":{"footnotes":""},"class_list":["post-62","page","type-page","status-publish","hentry"],"yoast_head":"<!-- This site is optimized with the Yoast SEO plugin v27.0 - https:\/\/yoast.com\/product\/yoast-seo-wordpress\/ -->\n<title>\u00c9chos de la perte - Municipal Forecast - Fran\u00e7ais<\/title>\n<meta name=\"robots\" content=\"index, follow, max-snippet:-1, max-image-preview:large, max-video-preview:-1\" \/>\n<link rel=\"canonical\" href=\"https:\/\/urbanjournalism.institute\/forecast-fr\/forecast-2024\/climate-challenges-in-2024\/echoes-of-loss\/\" \/>\n<meta property=\"og:locale\" content=\"fr_FR\" \/>\n<meta property=\"og:type\" content=\"article\" \/>\n<meta property=\"og:title\" content=\"\u00c9chos de la perte - Municipal Forecast - Fran\u00e7ais\" \/>\n<meta property=\"og:description\" content=\"\u00c9chos de la perte Lors de l\u2019exploration du discours sur le changement climatique, le concept de \u00abPerte et Dommage\u00bb r\u00e9sonne profond\u00e9ment, mettant en lumi\u00e8re l\u2019impact profond des changements environnementaux et des catastrophes sur les communaut\u00e9s et les \u00e9cosyst\u00e8mes, en particulier les plus vuln\u00e9rables. \u00c0 mesure que le probl\u00e8me s\u2019aggrave, des artistes \u00e9mergent en tant que [&hellip;]\" \/>\n<meta property=\"og:url\" content=\"https:\/\/urbanjournalism.institute\/forecast-fr\/forecast-2024\/climate-challenges-in-2024\/echoes-of-loss\/\" \/>\n<meta property=\"og:site_name\" content=\"Municipal Forecast - Fran\u00e7ais\" \/>\n<meta property=\"article:modified_time\" content=\"2024-03-06T10:59:40+00:00\" \/>\n<meta name=\"twitter:card\" content=\"summary_large_image\" \/>\n<meta name=\"twitter:label1\" content=\"Dur\u00e9e de lecture estim\u00e9e\" \/>\n\t<meta name=\"twitter:data1\" content=\"7 minutes\" \/>\n<script type=\"application\/ld+json\" class=\"yoast-schema-graph\">{\"@context\":\"https:\/\/schema.org\",\"@graph\":[{\"@type\":\"WebPage\",\"@id\":\"https:\/\/urbanjournalism.institute\/forecast-fr\/forecast-2024\/climate-challenges-in-2024\/echoes-of-loss\/\",\"url\":\"https:\/\/urbanjournalism.institute\/forecast-fr\/forecast-2024\/climate-challenges-in-2024\/echoes-of-loss\/\",\"name\":\"\u00c9chos de la perte - Municipal Forecast - Fran\u00e7ais\",\"isPartOf\":{\"@id\":\"https:\/\/urbanjournalism.institute\/forecast-fr\/#website\"},\"datePublished\":\"2024-02-18T09:31:27+00:00\",\"dateModified\":\"2024-03-06T10:59:40+00:00\",\"breadcrumb\":{\"@id\":\"https:\/\/urbanjournalism.institute\/forecast-fr\/forecast-2024\/climate-challenges-in-2024\/echoes-of-loss\/#breadcrumb\"},\"inLanguage\":\"fr-FR\",\"potentialAction\":[{\"@type\":\"ReadAction\",\"target\":[\"https:\/\/urbanjournalism.institute\/forecast-fr\/forecast-2024\/climate-challenges-in-2024\/echoes-of-loss\/\"]}]},{\"@type\":\"BreadcrumbList\",\"@id\":\"https:\/\/urbanjournalism.institute\/forecast-fr\/forecast-2024\/climate-challenges-in-2024\/echoes-of-loss\/#breadcrumb\",\"itemListElement\":[{\"@type\":\"ListItem\",\"position\":1,\"name\":\"Forecast 2024\",\"item\":\"https:\/\/urbanjournalism.institute\/forecast-fr\/\"},{\"@type\":\"ListItem\",\"position\":2,\"name\":\"D\u00e9fis climatiques en 2024\",\"item\":\"https:\/\/urbanjournalism.institute\/forecast-fr\/forecast-2024\/climate-challenges-in-2024\/\"},{\"@type\":\"ListItem\",\"position\":3,\"name\":\"\u00c9chos de la perte\"}]},{\"@type\":\"WebSite\",\"@id\":\"https:\/\/urbanjournalism.institute\/forecast-fr\/#website\",\"url\":\"https:\/\/urbanjournalism.institute\/forecast-fr\/\",\"name\":\"Municipal Forecast - Fran\u00e7ais\",\"description\":\"\",\"potentialAction\":[{\"@type\":\"SearchAction\",\"target\":{\"@type\":\"EntryPoint\",\"urlTemplate\":\"https:\/\/urbanjournalism.institute\/forecast-fr\/?s={search_term_string}\"},\"query-input\":{\"@type\":\"PropertyValueSpecification\",\"valueRequired\":true,\"valueName\":\"search_term_string\"}}],\"inLanguage\":\"fr-FR\"}]}<\/script>\n<!-- \/ Yoast SEO plugin. -->","yoast_head_json":{"title":"\u00c9chos de la perte - Municipal Forecast - Fran\u00e7ais","robots":{"index":"index","follow":"follow","max-snippet":"max-snippet:-1","max-image-preview":"max-image-preview:large","max-video-preview":"max-video-preview:-1"},"canonical":"https:\/\/urbanjournalism.institute\/forecast-fr\/forecast-2024\/climate-challenges-in-2024\/echoes-of-loss\/","og_locale":"fr_FR","og_type":"article","og_title":"\u00c9chos de la perte - Municipal Forecast - Fran\u00e7ais","og_description":"\u00c9chos de la perte Lors de l\u2019exploration du discours sur le changement climatique, le concept de \u00abPerte et Dommage\u00bb r\u00e9sonne profond\u00e9ment, mettant en lumi\u00e8re l\u2019impact profond des changements environnementaux et des catastrophes sur les communaut\u00e9s et les \u00e9cosyst\u00e8mes, en particulier les plus vuln\u00e9rables. \u00c0 mesure que le probl\u00e8me s\u2019aggrave, des artistes \u00e9mergent en tant que [&hellip;]","og_url":"https:\/\/urbanjournalism.institute\/forecast-fr\/forecast-2024\/climate-challenges-in-2024\/echoes-of-loss\/","og_site_name":"Municipal Forecast - Fran\u00e7ais","article_modified_time":"2024-03-06T10:59:40+00:00","twitter_card":"summary_large_image","twitter_misc":{"Dur\u00e9e de lecture estim\u00e9e":"7 minutes"},"schema":{"@context":"https:\/\/schema.org","@graph":[{"@type":"WebPage","@id":"https:\/\/urbanjournalism.institute\/forecast-fr\/forecast-2024\/climate-challenges-in-2024\/echoes-of-loss\/","url":"https:\/\/urbanjournalism.institute\/forecast-fr\/forecast-2024\/climate-challenges-in-2024\/echoes-of-loss\/","name":"\u00c9chos de la perte - Municipal Forecast - Fran\u00e7ais","isPartOf":{"@id":"https:\/\/urbanjournalism.institute\/forecast-fr\/#website"},"datePublished":"2024-02-18T09:31:27+00:00","dateModified":"2024-03-06T10:59:40+00:00","breadcrumb":{"@id":"https:\/\/urbanjournalism.institute\/forecast-fr\/forecast-2024\/climate-challenges-in-2024\/echoes-of-loss\/#breadcrumb"},"inLanguage":"fr-FR","potentialAction":[{"@type":"ReadAction","target":["https:\/\/urbanjournalism.institute\/forecast-fr\/forecast-2024\/climate-challenges-in-2024\/echoes-of-loss\/"]}]},{"@type":"BreadcrumbList","@id":"https:\/\/urbanjournalism.institute\/forecast-fr\/forecast-2024\/climate-challenges-in-2024\/echoes-of-loss\/#breadcrumb","itemListElement":[{"@type":"ListItem","position":1,"name":"Forecast 2024","item":"https:\/\/urbanjournalism.institute\/forecast-fr\/"},{"@type":"ListItem","position":2,"name":"D\u00e9fis climatiques en 2024","item":"https:\/\/urbanjournalism.institute\/forecast-fr\/forecast-2024\/climate-challenges-in-2024\/"},{"@type":"ListItem","position":3,"name":"\u00c9chos de la perte"}]},{"@type":"WebSite","@id":"https:\/\/urbanjournalism.institute\/forecast-fr\/#website","url":"https:\/\/urbanjournalism.institute\/forecast-fr\/","name":"Municipal Forecast - Fran\u00e7ais","description":"","potentialAction":[{"@type":"SearchAction","target":{"@type":"EntryPoint","urlTemplate":"https:\/\/urbanjournalism.institute\/forecast-fr\/?s={search_term_string}"},"query-input":{"@type":"PropertyValueSpecification","valueRequired":true,"valueName":"search_term_string"}}],"inLanguage":"fr-FR"}]}},"_links":{"self":[{"href":"https:\/\/urbanjournalism.institute\/forecast-fr\/wp-json\/wp\/v2\/pages\/62","targetHints":{"allow":["GET"]}}],"collection":[{"href":"https:\/\/urbanjournalism.institute\/forecast-fr\/wp-json\/wp\/v2\/pages"}],"about":[{"href":"https:\/\/urbanjournalism.institute\/forecast-fr\/wp-json\/wp\/v2\/types\/page"}],"author":[{"embeddable":true,"href":"https:\/\/urbanjournalism.institute\/forecast-fr\/wp-json\/wp\/v2\/users\/1"}],"replies":[{"embeddable":true,"href":"https:\/\/urbanjournalism.institute\/forecast-fr\/wp-json\/wp\/v2\/comments?post=62"}],"version-history":[{"count":3,"href":"https:\/\/urbanjournalism.institute\/forecast-fr\/wp-json\/wp\/v2\/pages\/62\/revisions"}],"predecessor-version":[{"id":178,"href":"https:\/\/urbanjournalism.institute\/forecast-fr\/wp-json\/wp\/v2\/pages\/62\/revisions\/178"}],"up":[{"embeddable":true,"href":"https:\/\/urbanjournalism.institute\/forecast-fr\/wp-json\/wp\/v2\/pages\/59"}],"wp:attachment":[{"href":"https:\/\/urbanjournalism.institute\/forecast-fr\/wp-json\/wp\/v2\/media?parent=62"}],"curies":[{"name":"wp","href":"https:\/\/api.w.org\/{rel}","templated":true}]}}