{"id":64,"date":"2024-02-18T09:31:27","date_gmt":"2024-02-18T09:31:27","guid":{"rendered":"https:\/\/urbanjournalism.institute\/forecast-fr\/forecast-2024\/urban-walks\/celebrating-jane-jacobs\/"},"modified":"2024-03-06T11:01:09","modified_gmt":"2024-03-06T11:01:09","slug":"celebrating-jane-jacobs","status":"publish","type":"page","link":"https:\/\/urbanjournalism.institute\/forecast-fr\/forecast-2024\/urban-walks\/celebrating-jane-jacobs\/","title":{"rendered":"C\u00e9l\u00e9brons Jane Jacobs"},"content":{"rendered":"\n<div class=\"wp-block-group pt-5\"><div class=\"wp-block-group__inner-container is-layout-constrained wp-block-group-is-layout-constrained\">\n<h1 class=\"wp-block-heading\">PROMENADES URBAINES<\/h1>\n\n\n\n<h4 class=\"wp-block-heading mb-5\"><em>C\u00e9l\u00e9brons Jane Jacobs<\/em><\/h4>\n\n\n\n<figure class=\"wp-block-image size-large mb-10\"><a href=\"\/wp-content\/themes\/uji\/img\/mf24\/celebrating-jane-jacobs.jpg\" target=\"_blank\" rel=\"noreferrer noopener\"><img decoding=\"async\" src=\"\/wp-content\/themes\/uji\/img\/mf24\/celebrating-jane-jacobs.jpg\" alt=\"\" \/><\/a><figcaption class=\"wp-element-caption\"><em>\u00a9Jane Jacobs Walk. Philippines: WE MOVE: Davao Chinatown Historic Food Crawl<\/em> <em>(tourn\u00e9e gastronomique historique du quartier chinois de Davao)<\/em><\/figcaption><\/figure>\n\n\n\n<div class=\"wp-block-columns is-layout-flex wp-container-core-columns-is-layout-9d6595d7 wp-block-columns-is-layout-flex\">\n<div class=\"wp-block-column is-layout-flow wp-block-column-is-layout-flow\">\n<p>Les villes sont des organismes vivants, complexes et constamment en \u00e9volution. Chaque rue, chaque b\u00e2timent et chaque coin raconte sa propre histoire. Jane Jacobs, la c\u00e9l\u00e8bre journaliste, urbaniste et militante sociale am\u00e9ricano-canadienne, a compris l\u2019importance d\u2019appr\u00e9cier et de comprendre la vie urbaine d\u2019un point de vue local. Son h\u00e9ritage perdure \u00e0 travers les \u00ab<a href=\"https:\/\/www.janejacobswalk.org\/\" target=\"_blank\" rel=\"noreferrer noopener\">Jane Jacobs Walks<\/a>\u00bb, des \u00e9v\u00e9nements communautaires qui invitent \u00e0 l\u2019exploration, au dialogue et \u00e0 l\u2019appr\u00e9ciation de la richesse souvent n\u00e9glig\u00e9e dans nos villes.<\/p>\n\n\n\n<p>Les Jane Jacobs Walk ne sont pas simplement des balades en ville, mais des manifestations de la connexion des gens avec leur environnement urbain. Organis\u00e9s dans le monde entier, \u00e0 partir du premier week-end de mai, co\u00efncidant avec l\u2019anniversaire de Jacobs, ces \u00e9v\u00e9nements visent \u00e0 raviver la vision de la militante pour des villes centr\u00e9es C\u00e9l\u00e9brons Jane Jacobs sur les personnes, o\u00f9 les communaut\u00e9s locales fa\u00e7onnent activement leur environnement. Dirig\u00e9es par des b\u00e9n\u00e9voles locaux, ces promenades partagent des anecdotes et des id\u00e9es sur les quartiers, favorisant la participation et la compr\u00e9hension des d\u00e9fis et des opportunit\u00e9s auxquels les villes sont confront\u00e9es<\/p>\n\n\n\n<p>L\u2019ann\u00e9e derni\u00e8re, l\u2019une des nombreuses promenades Jane Jacobs a eu lieu \u00e0 Davao, aux Philippines. Davao, avec environ 1,8 million d\u2019habitants, est la plus grande ville de Mindanao, la troisi\u00e8me ville la plus peupl\u00e9e des Philippines et la deuxi\u00e8me agglom\u00e9ration. Elle est connue pour sa diversit\u00e9 culturelle, son industrie agricole et son atmos- ph\u00e8re accueillante. Parmi ses diff\u00e9rents quartiers, la promenade qui a mis en lumi\u00e8re l\u2019essence des promenades Jane Jacobs \u00e9tait le tour du quartier de Chinatown, le seul \u00e0 Mindanao et le plus grand aux Philippines, s\u2019\u00e9tendant sur environ 44 hectares.<\/p>\n\n\n\n<p>En tant que creuset de cultures, Davao abrite un Chinatown anim\u00e9 refl\u00e9tant la richesse et la diversit\u00e9 historiques de la ville, un lieu pour explorer les traditions culturelles de la communaut\u00e9. C\u2019est le maire Rodrigo Duterte, plus tard le premier pr\u00e9sident des Philippines originaire de Mindanao, qui a \u00e9mis un d\u00e9cret d\u00e9clarant que des portions de r\u00e9sidences et d\u2019entreprises philippino-chinoises \u00e9taient concentr\u00e9es dans le Chinatown de la ville.<\/p>\n<\/div>\n\n\n\n<div class=\"wp-block-column is-layout-flow wp-block-column-is-layout-flow\">\n<p>Les participants \u00e0 la promenade Jane Jacobs \u00e0 Davao ont eu l\u2019opportunit\u00e9 de plonger dans l\u2019histoire des habitants, d\u00e9couvrant l\u2019influence chinoise sur la cuisine locale, l\u2019architecture des b\u00e2timents historiques et comment la communaut\u00e9 a \u00e9volu\u00e9.<\/p>\n\n\n\n<p>Commenc\u00e9e au restaurant Davao Famous et se terminant au Shaxian County Snacks, la promenade Jane Jacobs \u00e0 Davao soulignait l\u2019importance de reconna\u00eetre la diversit\u00e9 culturelle, entrela\u00e7ant la gastronomie et les \u00e9l\u00e9ments urbains en tant qu\u2019atouts inestimables pour le d\u00e9veloppement de la ville.<\/p>\n\n\n\n<p>Ces promenades offrent des opportunit\u00e9s de red\u00e9couvrir et d\u2019appr\u00e9cier la vie urbaine, et permetten aux communaut\u00e9s locales d\u2019\u00eatre des acteurs dans la formation de leur environnement. Gr\u00e2ce \u00e0 une interaction directe avec les gens, les participants comprennent mieux les dynamiques sociales et \u00e9conomiques, favorisant un dialogue enrichissant sur la pr\u00e9servation et le renforcement de l\u2019identit\u00e9 culturelle des villes face \u00e0 la croissance et \u00e0 la mondialisation.<\/p>\n\n\n\n<p>En participant \u00e0 une promenade Jane Jacobs, les villes peuvent favoriser les liens entre les r\u00e9sidents et cr\u00e9er un sentiment partag\u00e9 d\u2019appartenance. Ces promenades offrent une plateforme unique pour les leaders communautaires, les urbanistes et les citoyens afin de collaborer \u00e0 la cr\u00e9ation d\u2019espaces urbains plus durables, inclusifs et humains.<\/p>\n\n\n\n<p>Nous invitons les villes du monde entier \u00e0 rejoindre ce mouvement mondial en participant et en organisant leurs propres promenades Jane Jacobs en mai 2024 !<\/p>\n\n\n\n<p><a href=\"https:\/\/www.janejacobswalk.org\">Pour rejoindre ou vous inscrire \u00e0 une promenade Jane Jacobs dans votre ville, visitez le site officiel<strong>.<\/strong><\/a><\/p>\n<\/div>\n<\/div>\n<\/div><\/div>\n\n\n\n<figure class=\"wp-block-image size-large\"><img decoding=\"async\" src=\"\/wp-content\/themes\/uji\/img\/mf24\/celebrating-jane-jacobs-2.jpg\" alt=\"\" \/><figcaption class=\"wp-element-caption\"><em>\u00a9 Phyrrhus Cunanan<\/em><\/figcaption><\/figure>\n","protected":false},"excerpt":{"rendered":"<p>PROMENADES URBAINES C\u00e9l\u00e9brons Jane Jacobs Les villes sont des organismes vivants, complexes et constamment en \u00e9volution. Chaque rue, chaque b\u00e2timent et chaque coin raconte sa propre histoire. Jane Jacobs, la c\u00e9l\u00e8bre journaliste, urbaniste et militante sociale am\u00e9ricano-canadienne, a compris l\u2019importance d\u2019appr\u00e9cier et de comprendre la vie urbaine d\u2019un point de vue local. Son h\u00e9ritage perdure [&hellip;]<\/p>\n","protected":false},"author":1,"featured_media":0,"parent":63,"menu_order":0,"comment_status":"closed","ping_status":"closed","template":"","meta":{"footnotes":""},"class_list":["post-64","page","type-page","status-publish","hentry"],"yoast_head":"<!-- This site is optimized with the Yoast SEO plugin v27.0 - https:\/\/yoast.com\/product\/yoast-seo-wordpress\/ -->\n<title>C\u00e9l\u00e9brons Jane Jacobs - Municipal Forecast - Fran\u00e7ais<\/title>\n<meta name=\"robots\" content=\"index, follow, max-snippet:-1, max-image-preview:large, max-video-preview:-1\" \/>\n<link rel=\"canonical\" href=\"https:\/\/urbanjournalism.institute\/forecast-fr\/forecast-2024\/urban-walks\/celebrating-jane-jacobs\/\" \/>\n<meta property=\"og:locale\" content=\"fr_FR\" \/>\n<meta property=\"og:type\" content=\"article\" \/>\n<meta property=\"og:title\" content=\"C\u00e9l\u00e9brons Jane Jacobs - Municipal Forecast - Fran\u00e7ais\" \/>\n<meta property=\"og:description\" content=\"PROMENADES URBAINES C\u00e9l\u00e9brons Jane Jacobs Les villes sont des organismes vivants, complexes et constamment en \u00e9volution. Chaque rue, chaque b\u00e2timent et chaque coin raconte sa propre histoire. Jane Jacobs, la c\u00e9l\u00e8bre journaliste, urbaniste et militante sociale am\u00e9ricano-canadienne, a compris l\u2019importance d\u2019appr\u00e9cier et de comprendre la vie urbaine d\u2019un point de vue local. Son h\u00e9ritage perdure [&hellip;]\" \/>\n<meta property=\"og:url\" content=\"https:\/\/urbanjournalism.institute\/forecast-fr\/forecast-2024\/urban-walks\/celebrating-jane-jacobs\/\" \/>\n<meta property=\"og:site_name\" content=\"Municipal Forecast - Fran\u00e7ais\" \/>\n<meta property=\"article:modified_time\" content=\"2024-03-06T11:01:09+00:00\" \/>\n<meta name=\"twitter:card\" content=\"summary_large_image\" \/>\n<meta name=\"twitter:label1\" content=\"Dur\u00e9e de lecture estim\u00e9e\" \/>\n\t<meta name=\"twitter:data1\" content=\"4 minutes\" \/>\n<script type=\"application\/ld+json\" class=\"yoast-schema-graph\">{\"@context\":\"https:\/\/schema.org\",\"@graph\":[{\"@type\":\"WebPage\",\"@id\":\"https:\/\/urbanjournalism.institute\/forecast-fr\/forecast-2024\/urban-walks\/celebrating-jane-jacobs\/\",\"url\":\"https:\/\/urbanjournalism.institute\/forecast-fr\/forecast-2024\/urban-walks\/celebrating-jane-jacobs\/\",\"name\":\"C\u00e9l\u00e9brons Jane Jacobs - Municipal Forecast - Fran\u00e7ais\",\"isPartOf\":{\"@id\":\"https:\/\/urbanjournalism.institute\/forecast-fr\/#website\"},\"datePublished\":\"2024-02-18T09:31:27+00:00\",\"dateModified\":\"2024-03-06T11:01:09+00:00\",\"breadcrumb\":{\"@id\":\"https:\/\/urbanjournalism.institute\/forecast-fr\/forecast-2024\/urban-walks\/celebrating-jane-jacobs\/#breadcrumb\"},\"inLanguage\":\"fr-FR\",\"potentialAction\":[{\"@type\":\"ReadAction\",\"target\":[\"https:\/\/urbanjournalism.institute\/forecast-fr\/forecast-2024\/urban-walks\/celebrating-jane-jacobs\/\"]}]},{\"@type\":\"BreadcrumbList\",\"@id\":\"https:\/\/urbanjournalism.institute\/forecast-fr\/forecast-2024\/urban-walks\/celebrating-jane-jacobs\/#breadcrumb\",\"itemListElement\":[{\"@type\":\"ListItem\",\"position\":1,\"name\":\"Forecast 2024\",\"item\":\"https:\/\/urbanjournalism.institute\/forecast-fr\/\"},{\"@type\":\"ListItem\",\"position\":2,\"name\":\"Urban Walks\",\"item\":\"https:\/\/urbanjournalism.institute\/forecast-fr\/forecast-2024\/urban-walks\/\"},{\"@type\":\"ListItem\",\"position\":3,\"name\":\"C\u00e9l\u00e9brons Jane Jacobs\"}]},{\"@type\":\"WebSite\",\"@id\":\"https:\/\/urbanjournalism.institute\/forecast-fr\/#website\",\"url\":\"https:\/\/urbanjournalism.institute\/forecast-fr\/\",\"name\":\"Municipal Forecast - Fran\u00e7ais\",\"description\":\"\",\"potentialAction\":[{\"@type\":\"SearchAction\",\"target\":{\"@type\":\"EntryPoint\",\"urlTemplate\":\"https:\/\/urbanjournalism.institute\/forecast-fr\/?s={search_term_string}\"},\"query-input\":{\"@type\":\"PropertyValueSpecification\",\"valueRequired\":true,\"valueName\":\"search_term_string\"}}],\"inLanguage\":\"fr-FR\"}]}<\/script>\n<!-- \/ Yoast SEO plugin. -->","yoast_head_json":{"title":"C\u00e9l\u00e9brons Jane Jacobs - Municipal Forecast - Fran\u00e7ais","robots":{"index":"index","follow":"follow","max-snippet":"max-snippet:-1","max-image-preview":"max-image-preview:large","max-video-preview":"max-video-preview:-1"},"canonical":"https:\/\/urbanjournalism.institute\/forecast-fr\/forecast-2024\/urban-walks\/celebrating-jane-jacobs\/","og_locale":"fr_FR","og_type":"article","og_title":"C\u00e9l\u00e9brons Jane Jacobs - Municipal Forecast - Fran\u00e7ais","og_description":"PROMENADES URBAINES C\u00e9l\u00e9brons Jane Jacobs Les villes sont des organismes vivants, complexes et constamment en \u00e9volution. Chaque rue, chaque b\u00e2timent et chaque coin raconte sa propre histoire. Jane Jacobs, la c\u00e9l\u00e8bre journaliste, urbaniste et militante sociale am\u00e9ricano-canadienne, a compris l\u2019importance d\u2019appr\u00e9cier et de comprendre la vie urbaine d\u2019un point de vue local. Son h\u00e9ritage perdure [&hellip;]","og_url":"https:\/\/urbanjournalism.institute\/forecast-fr\/forecast-2024\/urban-walks\/celebrating-jane-jacobs\/","og_site_name":"Municipal Forecast - Fran\u00e7ais","article_modified_time":"2024-03-06T11:01:09+00:00","twitter_card":"summary_large_image","twitter_misc":{"Dur\u00e9e de lecture estim\u00e9e":"4 minutes"},"schema":{"@context":"https:\/\/schema.org","@graph":[{"@type":"WebPage","@id":"https:\/\/urbanjournalism.institute\/forecast-fr\/forecast-2024\/urban-walks\/celebrating-jane-jacobs\/","url":"https:\/\/urbanjournalism.institute\/forecast-fr\/forecast-2024\/urban-walks\/celebrating-jane-jacobs\/","name":"C\u00e9l\u00e9brons Jane Jacobs - Municipal Forecast - Fran\u00e7ais","isPartOf":{"@id":"https:\/\/urbanjournalism.institute\/forecast-fr\/#website"},"datePublished":"2024-02-18T09:31:27+00:00","dateModified":"2024-03-06T11:01:09+00:00","breadcrumb":{"@id":"https:\/\/urbanjournalism.institute\/forecast-fr\/forecast-2024\/urban-walks\/celebrating-jane-jacobs\/#breadcrumb"},"inLanguage":"fr-FR","potentialAction":[{"@type":"ReadAction","target":["https:\/\/urbanjournalism.institute\/forecast-fr\/forecast-2024\/urban-walks\/celebrating-jane-jacobs\/"]}]},{"@type":"BreadcrumbList","@id":"https:\/\/urbanjournalism.institute\/forecast-fr\/forecast-2024\/urban-walks\/celebrating-jane-jacobs\/#breadcrumb","itemListElement":[{"@type":"ListItem","position":1,"name":"Forecast 2024","item":"https:\/\/urbanjournalism.institute\/forecast-fr\/"},{"@type":"ListItem","position":2,"name":"Urban Walks","item":"https:\/\/urbanjournalism.institute\/forecast-fr\/forecast-2024\/urban-walks\/"},{"@type":"ListItem","position":3,"name":"C\u00e9l\u00e9brons Jane Jacobs"}]},{"@type":"WebSite","@id":"https:\/\/urbanjournalism.institute\/forecast-fr\/#website","url":"https:\/\/urbanjournalism.institute\/forecast-fr\/","name":"Municipal Forecast - Fran\u00e7ais","description":"","potentialAction":[{"@type":"SearchAction","target":{"@type":"EntryPoint","urlTemplate":"https:\/\/urbanjournalism.institute\/forecast-fr\/?s={search_term_string}"},"query-input":{"@type":"PropertyValueSpecification","valueRequired":true,"valueName":"search_term_string"}}],"inLanguage":"fr-FR"}]}},"_links":{"self":[{"href":"https:\/\/urbanjournalism.institute\/forecast-fr\/wp-json\/wp\/v2\/pages\/64","targetHints":{"allow":["GET"]}}],"collection":[{"href":"https:\/\/urbanjournalism.institute\/forecast-fr\/wp-json\/wp\/v2\/pages"}],"about":[{"href":"https:\/\/urbanjournalism.institute\/forecast-fr\/wp-json\/wp\/v2\/types\/page"}],"author":[{"embeddable":true,"href":"https:\/\/urbanjournalism.institute\/forecast-fr\/wp-json\/wp\/v2\/users\/1"}],"replies":[{"embeddable":true,"href":"https:\/\/urbanjournalism.institute\/forecast-fr\/wp-json\/wp\/v2\/comments?post=64"}],"version-history":[{"count":3,"href":"https:\/\/urbanjournalism.institute\/forecast-fr\/wp-json\/wp\/v2\/pages\/64\/revisions"}],"predecessor-version":[{"id":179,"href":"https:\/\/urbanjournalism.institute\/forecast-fr\/wp-json\/wp\/v2\/pages\/64\/revisions\/179"}],"up":[{"embeddable":true,"href":"https:\/\/urbanjournalism.institute\/forecast-fr\/wp-json\/wp\/v2\/pages\/63"}],"wp:attachment":[{"href":"https:\/\/urbanjournalism.institute\/forecast-fr\/wp-json\/wp\/v2\/media?parent=64"}],"curies":[{"name":"wp","href":"https:\/\/api.w.org\/{rel}","templated":true}]}}