{"id":66,"date":"2024-02-18T09:31:27","date_gmt":"2024-02-18T09:31:27","guid":{"rendered":"https:\/\/urbanjournalism.institute\/forecast-fr\/forecast-2024\/paris-2024\/olympic-city-diplomacy\/"},"modified":"2024-02-19T00:24:16","modified_gmt":"2024-02-19T00:24:16","slug":"olympic-city-diplomacy","status":"publish","type":"page","link":"https:\/\/urbanjournalism.institute\/forecast-fr\/forecast-2024\/paris-2024\/olympic-city-diplomacy\/","title":{"rendered":"Olympic City Diplomacy"},"content":{"rendered":"\n<div class=\"wp-block-group py-5\"><div class=\"wp-block-group__inner-container is-layout-constrained wp-block-group-is-layout-constrained\">\n<h1 class=\"wp-block-heading has-x-large-font-size\">Paris 2024<\/h1>\n\n\n\n<p class=\"has-large-font-size\">LA DIPLOMATIE <br>DES VILLES OLYMPIQUES<\/p>\n<\/div><\/div>\n\n\n\n<div class=\"wp-block-group\"><div class=\"wp-block-group__inner-container is-layout-constrained wp-block-group-is-layout-constrained\">\n<div class=\"wp-block-columns is-layout-flex wp-container-core-columns-is-layout-9d6595d7 wp-block-columns-is-layout-flex\">\n<div class=\"wp-block-column is-layout-flow wp-block-column-is-layout-flow\" style=\"flex-basis:33.33%\"><\/div>\n\n\n\n<div class=\"wp-block-column is-layout-flow wp-block-column-is-layout-flow\" style=\"flex-basis:66.66%\">\n<p>En cette ann\u00e9e olympique, Paris s\u2019appr\u00eate \u00e0 accueillir ses troisi\u00e8mes Jeux, apr\u00e8s ceux de 1900 et 1924. Seule Londres a \u00e9gal\u00e9 cet exploit en organisant trois Jeux en 1908, 1948 et 2012. \u00c0 l\u2019avenir, Los Angeles rejoindra ce club exclusif en 2028, apr\u00e8s avoir accueilli les Jeux de 1932 et de 1984.<\/p>\n\n\n\n<p>\u00c0 partir des Jeux de 2024 et jusqu\u2019en 2032, une p\u00e9riode unique nous attend, avec Brisbane qui accueillera les derniers Jeux. Cette p\u00e9riode mettra en lumi\u00e8re trois villes engag\u00e9es dans la durabilit\u00e9 et la diplomatie des villes, soulignant l\u2019importance cruciale des villes et des territoires locaux dans un contexte marqu\u00e9 par la g\u00e9opolitique nationale.<\/p>\n\n\n\n<p>Paris est un chef de file dans la mise en \u0153uvre de plusieurs programmes de d\u00e9veloppement durable, le plus important \u00e9tant son approche int\u00e9gr\u00e9e de la mani\u00e8re dont les villes doivent faire face au changement climatique. Elle a \u00e9galement jou\u00e9 un r\u00f4le cl\u00e9 dans la diplomatie des villes et les espaces multilat\u00e9raux, en plaidant pour que les gouvernements locaux s\u2019assoient \u00e0 la table des d\u00e9cisions, et pas seulement en tant qu\u2019invit\u00e9s<\/p>\n<\/div>\n<\/div>\n<\/div><\/div>\n\n\n\n<figure class=\"wp-block-image size-large\"><img decoding=\"async\" src=\"\/wp-content\/themes\/uji\/img\/mf24\/olympic-city-diplomacy.jpg\" alt=\"\" \/><figcaption class=\"wp-element-caption\"><em>\u00a9Florian Hulleu. Paris 2024<\/em><\/figcaption><\/figure>\n\n\n\n<div class=\"wp-block-group\"><div class=\"wp-block-group__inner-container is-layout-constrained wp-block-group-is-layout-constrained\">\n<div class=\"wp-block-columns is-layout-flex wp-container-core-columns-is-layout-9d6595d7 wp-block-columns-is-layout-flex\">\n<div class=\"wp-block-column is-layout-flow wp-block-column-is-layout-flow\">\n<p>Anne Hidalgo, l\u2019actuelle maire et r\u00e9cente laur\u00e9ate du 2023 ULI Award for Visionaries in Urban Development, dirige ces efforts depuis 2014, \u00e0 la suite de son pr\u00e9d\u00e9cesseur, Bertrand Delano\u00eb, qui a \u00e9t\u00e9 maire de 2001 \u00e0 2014. Mme Hidalgo a \u00e9t\u00e9 adjointe au maire de Delano\u00eb \u00e0 partir de 2001, ce qui signifie qu\u2019elle occupe un poste de direction dans la capitale fran\u00e7aise depuis 23 ans. Peu de gens pourraient comprendre, comme elle, ce que signifie l\u2019organisation de ces Jeux afin de garantir un h\u00e9ritage pour les citoyens parisiens et du monde entier.<\/p>\n\n\n\n<p><strong>La ville, au c\u0153ur du r\u00e9cit<\/strong><\/p>\n\n\n\n<p>S\u2019il y avait un doute sur le fait que Paris saisisse cette occasion unique de faire passer un message, il a \u00e9t\u00e9 dissip\u00e9 lorsque les plans de la c\u00e9r\u00e9monie d\u2019ouverture ont \u00e9t\u00e9 d\u00e9voil\u00e9s. Pour la premi\u00e8re fois, elle ne se d\u00e9roulera pas dans le stade olympique. Le 26 juillet 2024, les athl\u00e8tes d\u00e9fileront le long de la Seine sur des bateaux d\u00e9sign\u00e9s pour chaque d\u00e9l\u00e9gation nationale, \u00e9quip\u00e9s de cam\u00e9ras pour permettre aux t\u00e9l\u00e9spectateurs et aux internautes de voir les athl\u00e8tes de pr\u00e8s. Le parcours de six kilom\u00e8tres s\u2019ach\u00e8vera devant le Trocad\u00e9ro, un quartier proche de la tour Eiffel, o\u00f9 se d\u00e9rouleront les derniers \u00e9l\u00e9ments du protocole olympique et les spectacles finaux.<\/p>\n\n\n\n<p>Qu\u2019il s\u2019agisse de l\u2019image embl\u00e9matique du sauteur sur trampoline avec la Sagrada Familia en arri\u00e8re-plan de Barcelone 92, des merveilles architecturales des stades et des infrastructures sportives, ou des marathoniens traversant les rues des villes olympiques \u00e0 l\u2019image de la course de Philippid\u00e8s de Marathon \u00e0 Ath\u00e8nes pour annoncer la victoire des Grecs aux Ath\u00e9niens, les Jeux olympiques de Paris 2024 sont destin\u00e9s \u00e0 devenir l\u2019une de ces images historiques.<\/p>\n<\/div>\n\n\n\n<div class=\"wp-block-column is-layout-flow wp-block-column-is-layout-flow\">\n<p>Avec la Seine comme point central des Jeux, qui accueillera la c\u00e9r\u00e9monie d\u2019ouverture et certaines comp\u00e9titions, ainsi que d\u2019autres lieux embl\u00e9matiques de Paris comme le Champ de Mars ou le Trocad\u00e9ro, l\u2019\u00e9v\u00e9nement se rapproche des Parisiens. Ils peuvent en profiter de mani\u00e8re accessible, en plein c\u0153ur de la ville, avec d\u00e9sormais une signification qui d\u00e9veloppera de nouvelles formes de relations entre les citoyens et l\u2019espace public qu\u2019ils habitent. C\u2019est une fa\u00e7on de capitaliser sur les actions d\u2019assainissement et de r\u00e9g\u00e9n\u00e9ration pour am\u00e9liorer la ville, impliquer l\u2019espace et l\u2019impr\u00e9gner d\u2019un message qui perdurera pendant des d\u00e9cennies.<\/p>\n\n\n\n<p>Tout le monde s\u2019attend \u00e0 plus de surprises lors de la c\u00e9r\u00e9monie d\u2019ouverture, celles qui peuvent envoyer un message de paix, de solidarit\u00e9 et d\u2019espoir. Les valeurs li\u00e9es au Mouvement olympique sont toujours mises en avant dans les moments les plus forts des Jeux olympiques. Ce sera probablement encore plus \u00e9vident \u00e0 Paris, \u00e9tant donn\u00e9 le contexte mondial actuel et dans une ville qui n\u2019a pas renonc\u00e9 \u00e0 ses engagements et \u00e0 ses responsabilit\u00e9s au cours des derni\u00e8res d\u00e9cennies.<\/p>\n<\/div>\n<\/div>\n\n\n\n<hr class=\"wp-block-separator has-alpha-channel-opacity is-style-dots mt-10\" \/>\n\n\n\n<div class=\"wp-block-columns mt-10 is-layout-flex wp-container-core-columns-is-layout-9d6595d7 wp-block-columns-is-layout-flex\">\n<div class=\"wp-block-column is-layout-flow wp-block-column-is-layout-flow\">\n<p>Une valeur peu claire de l\u2019\u00e9galit\u00e9 des sexes dans les origines du Mouvement olympique a \u00e9galement \u00e9t\u00e9 l\u2019un des objectifs des organisateurs de Paris et du CIO. Nous en verrons sans doute plus \u00e0 ce sujet lors de la c\u00e9r\u00e9monie d\u2019ouverture. Afin de r\u00e9pondre aux normes requises pour une organisation internationale, le CIO a lanc\u00e9 en 2021 un plan visant \u00e0 consolider les Jeux olympiques comme l\u2019une des plateformes mondiales les plus influentes pour la promotion de l\u2019\u00e9galit\u00e9 des sexes. En 2022, la commission ex\u00e9cutive du CIO a atteint la parit\u00e9, 50 % des postes \u00e9tant occup\u00e9s par des femmes. Le CIO plaide \u00e9galement en faveur de porte-drapeaux mixtes hommes\/femmes. Cette demande a \u00e9galement \u00e9t\u00e9 formul\u00e9e lors des Jeux de Tokyo et 91 % des comit\u00e9s nationaux participants l\u2019ont accept\u00e9e.<\/p>\n\n\n\n<p>L\u2019\u00e9quipe olympique des r\u00e9fugi\u00e9s du CIO sera \u00e9galement une vedette lors de l\u2019ouverture, nous rappelant l\u2019exp\u00e9rience dramatique du d\u00e9placement de millions de personnes. Des athl\u00e8tes d\u2019Afghanistan, d\u2019\u00c9rythr\u00e9e, d\u2019\u00c9thiopie, d\u2019Iran, du Sud-Soudan et de Syrie concourront sous le drapeau du CIO.<\/p>\n\n\n\n<p>Le plaisir visuel du moment et l\u2019\u00e9tape importante dans l\u2019histoire de la radiodiffusion, avec la complexit\u00e9 de couvrir un espace ouvert et le fleuve comme centre, se concentreront sur le message puissant et significatif que Paris transmettra sans aucun doute.<\/p>\n\n\n\n<p>En tout \u00e9tat de cause, Hidalgo devra faire face \u00e0 la d\u00e9 &#8211; pression qui suivra les Jeux, lorsque la sc\u00e8ne mondiale sera pass\u00e9e \u00e0 autre chose. Il devient difficile pour les citoyens de comprendre les efforts consid\u00e9rables, repr\u00e9sent\u00e9s principalement par des chiffres rouges, investis dans une telle entreprise. Ce pourrait \u00eatre le moment opportun d\u2019\u00e9lucider combien les autorit\u00e9s locales d\u00e9pensent pour servir les citoyens au quotidien et combien peu elles re\u00e7oivent du gouvernement national. Ces Jeux olympiques devraient montrer ce que certaines villes font pour le bien de tous, illustrant l\u2019engagement \u00e0 long terme de Paris en faveur de l\u2019agenda environnemental et social.<\/p>\n<\/div>\n\n\n\n<div class=\"wp-block-column p-6 has-vivid-cyan-blue-color has-light-green-cyan-background-color has-text-color has-background has-link-color wp-elements-52bc0bd87b389afea3581ed78de24c95 is-layout-flow wp-block-column-is-layout-flow\">\n<h2 class=\"wp-block-heading text-underline font-normal has-large-font-size\">FOCUS SUR<\/h2>\n\n\n\n<p class=\"font-serif has-medium-font-size\"><strong>O\u00f9 regarder ?<\/strong><\/p>\n\n\n\n<p>Plusieurs initiatives remarquables sont en cours dans le cadre de ce qui promet d\u2019\u00eatre les Jeux olympiques les plus respectueux de l\u2019environnement. L\u2019une d\u2019entre elles est la construction du r\u00e9servoir d\u2019eau de pluie d\u2019Austerlitz, parfaitement int\u00e9gr\u00e9 \u00e0 un r\u00e9seau de r\u00e9servoirs et d\u2019\u00e9purateurs dans la capitale et ses environs. Ce syst\u00e8me garantit que tous les bateaux sur le fleuve et les structures flottantes sont parfaitement connect\u00e9s au r\u00e9seau de drainage et d\u2019assainissement, assurant ainsi la qualit\u00e9 de l\u2019eau pendant les Jeux olympiques et l\u2019utilisation ult\u00e9rieure de la Seine par ses citoyens.<\/p>\n\n\n\n<p>D\u2019autres initiatives, telles que le programme \u00abR\u00e9inventer Paris\u00bb qui promeut la construction durable et l\u2019agriculture urbaine, la cr\u00e9ation d\u2019une piste cyclable reliant les sites olympiques et la mise en \u0153uvre du concept de \u00abville en 15 minutes\u00bb par le biais d\u2019une nouvelle ligne de transport rapide d\u2019est en ouest, visent \u00e0 cr\u00e9er un h\u00e9ritage durable pour Paris. En cons\u00e9quence, les organisateurs de l\u2019\u00e9v\u00e9nement se sont engag\u00e9s \u00e0 r\u00e9duire les \u00e9missions de carbone de 50 %. Une approche innovante consiste \u00e0 utiliser le plastique recycl\u00e9 des conteneurs de Seine-Saint-Denis pour fabriquer des si\u00e8ges pour les spectateurs de l\u2019\u00e9v\u00e9nement.<\/p>\n\n\n\n<p>Alors que Paris se pr\u00e9pare pour les Jeux olympiques de 2024, une strat\u00e9gie distinctive \u00e9merge, mettant l\u2019accent sur l\u2019utilisation des structures existantes et des sites temporaires afin de minimiser la n\u00e9cessit\u00e9 de nouveaux projets architecturaux. L\u2019accent est mis sur la ville, notamment sur la \u00abreconqu\u00eate\u00bb de la Seine, tr\u00e8s attendue, avec des plans visant \u00e0 nettoyer le fleuve et \u00e0 cr\u00e9er de nouveaux espaces r\u00e9cr\u00e9atifs.<\/p>\n<\/div>\n<\/div>\n<\/div><\/div>\n","protected":false},"excerpt":{"rendered":"<p>Paris 2024 LA DIPLOMATIE DES VILLES OLYMPIQUES En cette ann\u00e9e olympique, Paris s\u2019appr\u00eate \u00e0 accueillir ses troisi\u00e8mes Jeux, apr\u00e8s ceux de 1900 et 1924. Seule Londres a \u00e9gal\u00e9 cet exploit en organisant trois Jeux en 1908, 1948 et 2012. \u00c0 l\u2019avenir, Los Angeles rejoindra ce club exclusif en 2028, apr\u00e8s avoir accueilli les Jeux de [&hellip;]<\/p>\n","protected":false},"author":1,"featured_media":0,"parent":65,"menu_order":0,"comment_status":"closed","ping_status":"closed","template":"","meta":{"footnotes":""},"class_list":["post-66","page","type-page","status-publish","hentry"],"yoast_head":"<!-- This site is optimized with the Yoast SEO plugin v27.0 - https:\/\/yoast.com\/product\/yoast-seo-wordpress\/ -->\n<title>Olympic City Diplomacy - Municipal Forecast - Fran\u00e7ais<\/title>\n<meta name=\"robots\" content=\"index, follow, max-snippet:-1, max-image-preview:large, max-video-preview:-1\" \/>\n<link rel=\"canonical\" href=\"https:\/\/urbanjournalism.institute\/forecast-fr\/forecast-2024\/paris-2024\/olympic-city-diplomacy\/\" \/>\n<meta property=\"og:locale\" content=\"fr_FR\" \/>\n<meta property=\"og:type\" content=\"article\" \/>\n<meta property=\"og:title\" content=\"Olympic City Diplomacy - Municipal Forecast - Fran\u00e7ais\" \/>\n<meta property=\"og:description\" content=\"Paris 2024 LA DIPLOMATIE DES VILLES OLYMPIQUES En cette ann\u00e9e olympique, Paris s\u2019appr\u00eate \u00e0 accueillir ses troisi\u00e8mes Jeux, apr\u00e8s ceux de 1900 et 1924. Seule Londres a \u00e9gal\u00e9 cet exploit en organisant trois Jeux en 1908, 1948 et 2012. \u00c0 l\u2019avenir, Los Angeles rejoindra ce club exclusif en 2028, apr\u00e8s avoir accueilli les Jeux de [&hellip;]\" \/>\n<meta property=\"og:url\" content=\"https:\/\/urbanjournalism.institute\/forecast-fr\/forecast-2024\/paris-2024\/olympic-city-diplomacy\/\" \/>\n<meta property=\"og:site_name\" content=\"Municipal Forecast - Fran\u00e7ais\" \/>\n<meta property=\"article:modified_time\" content=\"2024-02-19T00:24:16+00:00\" \/>\n<meta name=\"twitter:card\" content=\"summary_large_image\" \/>\n<meta name=\"twitter:label1\" content=\"Dur\u00e9e de lecture estim\u00e9e\" \/>\n\t<meta name=\"twitter:data1\" content=\"7 minutes\" \/>\n<script type=\"application\/ld+json\" class=\"yoast-schema-graph\">{\"@context\":\"https:\/\/schema.org\",\"@graph\":[{\"@type\":\"WebPage\",\"@id\":\"https:\/\/urbanjournalism.institute\/forecast-fr\/forecast-2024\/paris-2024\/olympic-city-diplomacy\/\",\"url\":\"https:\/\/urbanjournalism.institute\/forecast-fr\/forecast-2024\/paris-2024\/olympic-city-diplomacy\/\",\"name\":\"Olympic City Diplomacy - Municipal Forecast - Fran\u00e7ais\",\"isPartOf\":{\"@id\":\"https:\/\/urbanjournalism.institute\/forecast-fr\/#website\"},\"datePublished\":\"2024-02-18T09:31:27+00:00\",\"dateModified\":\"2024-02-19T00:24:16+00:00\",\"breadcrumb\":{\"@id\":\"https:\/\/urbanjournalism.institute\/forecast-fr\/forecast-2024\/paris-2024\/olympic-city-diplomacy\/#breadcrumb\"},\"inLanguage\":\"fr-FR\",\"potentialAction\":[{\"@type\":\"ReadAction\",\"target\":[\"https:\/\/urbanjournalism.institute\/forecast-fr\/forecast-2024\/paris-2024\/olympic-city-diplomacy\/\"]}]},{\"@type\":\"BreadcrumbList\",\"@id\":\"https:\/\/urbanjournalism.institute\/forecast-fr\/forecast-2024\/paris-2024\/olympic-city-diplomacy\/#breadcrumb\",\"itemListElement\":[{\"@type\":\"ListItem\",\"position\":1,\"name\":\"Forecast 2024\",\"item\":\"https:\/\/urbanjournalism.institute\/forecast-fr\/\"},{\"@type\":\"ListItem\",\"position\":2,\"name\":\"Paris 2024\",\"item\":\"https:\/\/urbanjournalism.institute\/forecast-fr\/forecast-2024\/paris-2024\/\"},{\"@type\":\"ListItem\",\"position\":3,\"name\":\"Olympic City Diplomacy\"}]},{\"@type\":\"WebSite\",\"@id\":\"https:\/\/urbanjournalism.institute\/forecast-fr\/#website\",\"url\":\"https:\/\/urbanjournalism.institute\/forecast-fr\/\",\"name\":\"Municipal Forecast - Fran\u00e7ais\",\"description\":\"\",\"potentialAction\":[{\"@type\":\"SearchAction\",\"target\":{\"@type\":\"EntryPoint\",\"urlTemplate\":\"https:\/\/urbanjournalism.institute\/forecast-fr\/?s={search_term_string}\"},\"query-input\":{\"@type\":\"PropertyValueSpecification\",\"valueRequired\":true,\"valueName\":\"search_term_string\"}}],\"inLanguage\":\"fr-FR\"}]}<\/script>\n<!-- \/ Yoast SEO plugin. -->","yoast_head_json":{"title":"Olympic City Diplomacy - Municipal Forecast - Fran\u00e7ais","robots":{"index":"index","follow":"follow","max-snippet":"max-snippet:-1","max-image-preview":"max-image-preview:large","max-video-preview":"max-video-preview:-1"},"canonical":"https:\/\/urbanjournalism.institute\/forecast-fr\/forecast-2024\/paris-2024\/olympic-city-diplomacy\/","og_locale":"fr_FR","og_type":"article","og_title":"Olympic City Diplomacy - Municipal Forecast - Fran\u00e7ais","og_description":"Paris 2024 LA DIPLOMATIE DES VILLES OLYMPIQUES En cette ann\u00e9e olympique, Paris s\u2019appr\u00eate \u00e0 accueillir ses troisi\u00e8mes Jeux, apr\u00e8s ceux de 1900 et 1924. Seule Londres a \u00e9gal\u00e9 cet exploit en organisant trois Jeux en 1908, 1948 et 2012. \u00c0 l\u2019avenir, Los Angeles rejoindra ce club exclusif en 2028, apr\u00e8s avoir accueilli les Jeux de [&hellip;]","og_url":"https:\/\/urbanjournalism.institute\/forecast-fr\/forecast-2024\/paris-2024\/olympic-city-diplomacy\/","og_site_name":"Municipal Forecast - Fran\u00e7ais","article_modified_time":"2024-02-19T00:24:16+00:00","twitter_card":"summary_large_image","twitter_misc":{"Dur\u00e9e de lecture estim\u00e9e":"7 minutes"},"schema":{"@context":"https:\/\/schema.org","@graph":[{"@type":"WebPage","@id":"https:\/\/urbanjournalism.institute\/forecast-fr\/forecast-2024\/paris-2024\/olympic-city-diplomacy\/","url":"https:\/\/urbanjournalism.institute\/forecast-fr\/forecast-2024\/paris-2024\/olympic-city-diplomacy\/","name":"Olympic City Diplomacy - Municipal Forecast - Fran\u00e7ais","isPartOf":{"@id":"https:\/\/urbanjournalism.institute\/forecast-fr\/#website"},"datePublished":"2024-02-18T09:31:27+00:00","dateModified":"2024-02-19T00:24:16+00:00","breadcrumb":{"@id":"https:\/\/urbanjournalism.institute\/forecast-fr\/forecast-2024\/paris-2024\/olympic-city-diplomacy\/#breadcrumb"},"inLanguage":"fr-FR","potentialAction":[{"@type":"ReadAction","target":["https:\/\/urbanjournalism.institute\/forecast-fr\/forecast-2024\/paris-2024\/olympic-city-diplomacy\/"]}]},{"@type":"BreadcrumbList","@id":"https:\/\/urbanjournalism.institute\/forecast-fr\/forecast-2024\/paris-2024\/olympic-city-diplomacy\/#breadcrumb","itemListElement":[{"@type":"ListItem","position":1,"name":"Forecast 2024","item":"https:\/\/urbanjournalism.institute\/forecast-fr\/"},{"@type":"ListItem","position":2,"name":"Paris 2024","item":"https:\/\/urbanjournalism.institute\/forecast-fr\/forecast-2024\/paris-2024\/"},{"@type":"ListItem","position":3,"name":"Olympic City Diplomacy"}]},{"@type":"WebSite","@id":"https:\/\/urbanjournalism.institute\/forecast-fr\/#website","url":"https:\/\/urbanjournalism.institute\/forecast-fr\/","name":"Municipal Forecast - Fran\u00e7ais","description":"","potentialAction":[{"@type":"SearchAction","target":{"@type":"EntryPoint","urlTemplate":"https:\/\/urbanjournalism.institute\/forecast-fr\/?s={search_term_string}"},"query-input":{"@type":"PropertyValueSpecification","valueRequired":true,"valueName":"search_term_string"}}],"inLanguage":"fr-FR"}]}},"_links":{"self":[{"href":"https:\/\/urbanjournalism.institute\/forecast-fr\/wp-json\/wp\/v2\/pages\/66","targetHints":{"allow":["GET"]}}],"collection":[{"href":"https:\/\/urbanjournalism.institute\/forecast-fr\/wp-json\/wp\/v2\/pages"}],"about":[{"href":"https:\/\/urbanjournalism.institute\/forecast-fr\/wp-json\/wp\/v2\/types\/page"}],"author":[{"embeddable":true,"href":"https:\/\/urbanjournalism.institute\/forecast-fr\/wp-json\/wp\/v2\/users\/1"}],"replies":[{"embeddable":true,"href":"https:\/\/urbanjournalism.institute\/forecast-fr\/wp-json\/wp\/v2\/comments?post=66"}],"version-history":[{"count":1,"href":"https:\/\/urbanjournalism.institute\/forecast-fr\/wp-json\/wp\/v2\/pages\/66\/revisions"}],"predecessor-version":[{"id":124,"href":"https:\/\/urbanjournalism.institute\/forecast-fr\/wp-json\/wp\/v2\/pages\/66\/revisions\/124"}],"up":[{"embeddable":true,"href":"https:\/\/urbanjournalism.institute\/forecast-fr\/wp-json\/wp\/v2\/pages\/65"}],"wp:attachment":[{"href":"https:\/\/urbanjournalism.institute\/forecast-fr\/wp-json\/wp\/v2\/media?parent=66"}],"curies":[{"name":"wp","href":"https:\/\/api.w.org\/{rel}","templated":true}]}}