{"id":67,"date":"2024-02-18T09:31:27","date_gmt":"2024-02-18T09:31:27","guid":{"rendered":"https:\/\/urbanjournalism.institute\/forecast-fr\/forecast-2024\/sdgs-rescue\/"},"modified":"2024-08-26T12:18:12","modified_gmt":"2024-08-26T12:18:12","slug":"sdgs-rescue","status":"publish","type":"page","link":"https:\/\/urbanjournalism.institute\/forecast-fr\/forecast-2024\/sdgs-rescue\/","title":{"rendered":"Le sauvetage des ODD"},"content":{"rendered":"\n<figure class=\"wp-block-image size-large\"><img decoding=\"async\" src=\"\/wp-content\/themes\/uji\/img\/mf24\/sdgs-rescue.jpg\" alt=\"\" \/><figcaption class=\"wp-element-caption\"><em>\u00a9UCLG&nbsp;<\/em><\/figcaption><\/figure>\n\n\n\n<div class=\"wp-block-group\"><div class=\"wp-block-group__inner-container is-layout-constrained wp-block-group-is-layout-constrained\">\n<h1 class=\"wp-block-heading mb-10\">Le sauvetage<br>des ODDRescue<\/h1>\n\n\n\n<div class=\"wp-block-columns is-layout-flex wp-container-core-columns-is-layout-9d6595d7 wp-block-columns-is-layout-flex\">\n<div class=\"wp-block-column is-layout-flow wp-block-column-is-layout-flow\" style=\"flex-basis:25%\"><\/div>\n\n\n\n<div class=\"wp-block-column is-layout-flow wp-block-column-is-layout-flow\" style=\"flex-basis:70%\">\n<p class=\"has-text-align-left font-serif\">Le Sommet sur les Objectifs de D\u00e9veloppement Durable (ODD) 2023 s\u2019est ouvert sur un message clair et fort du Secr\u00e9taire g\u00e9n\u00e9ral des Nations Unies, Ant\u00f3nio Guterres : \u201cseuls 15 % des objectifs sont en bonne voie, et beaucoup reculent. Au lieu de ne laisser personne de c\u00f4t\u00e9, nous risquons de laisser les ODD derri\u00e8re nous.\u201d Il a propos\u00e9 aux \u00c9tats membres un plan mondial de sauvetage des ODD, notamment en am\u00e9liorant l\u2019acc\u00e8s des pays en d\u00e9veloppement au financement.<\/p>\n\n\n\n<p class=\"has-text-align-left font-serif\">Lors du Sommet, la CGLU a pr\u00e9sent\u00e9 un D\u00e9calogue des Coalitions \u00e0 Haut Impact destin\u00e9 \u00e0 \u00e9largir l\u2019action locale ayant un impact global.<\/p>\n<\/div>\n\n\n\n<div class=\"wp-block-column is-layout-flow wp-block-column-is-layout-flow\" style=\"flex-basis:25%\"><\/div>\n<\/div>\n<\/div><\/div>\n\n\n\n<div class=\"wp-block-group narrow-group mt-10\"><div class=\"wp-block-group__inner-container is-layout-constrained wp-block-group-is-layout-constrained\">\n<p>Le <strong><em>Rapport mondial sur le D\u00e9veloppement Durable 2023<\/em><\/strong>, la derni\u00e8re mise \u00e0 jour sur les progr\u00e8s r\u00e9alis\u00e9s en mati\u00e8re d\u2019ODD, produit tous les quatre ans, est le premier \u00e0 pr\u00e9senter l\u2019\u00e9volution des ODD apr\u00e8s l\u2019impact de la pand\u00e9mie, r\u00e9affirme les preuves selon lesquelles le monde est \u00abtr\u00e8s loin de la trajectoire\u00bb pour atteindre les ODD. D\u2019un point de vue positif, il consid\u00e8re que \u00ables perspectives se sont am\u00e9lior\u00e9es\u00bb, notamment en termes de connaissances et de preuves li\u00e9es aux objectifs, et appelle \u00e0 une \u00abambition accrue et \u00e0 des interventions transformantes\u00bb pour acc\u00e9l\u00e9rer les progr\u00e8s.<\/p>\n\n\n\n<p>Les six \u00e9l\u00e9ments pour acc\u00e9l\u00e9rer sont les plans d\u2019action nationaux pour contrer les tendances n\u00e9gatives dans la mise en \u0153uvre des objectifs de d\u00e9veloppement durable, ainsi que pour lutter contre la stagnation ; la planification locale et sp\u00e9cifique \u00e0 l\u2019industrie pour alimenter les plans nationaux ; les initiatives \u00e0 travers l\u2019Agenda d\u2019Action d\u2019Addis-Abeba ou autrement pour augmenter l\u2019espace budg\u00e9taire, y compris les r\u00e9formes fiscales, la restructuration et le soulagement de la dette, et un engagement renforc\u00e9 des institutions financi\u00e8res internationales dans la mise en \u0153uvre des objectifs de d\u00e9veloppement durable ; l\u2019investissement dans les donn\u00e9es li\u00e9es aux objectifs, les outils bas\u00e9s sur la science, et dans l\u2019apprentissage des politiques ; les partenariats pour renforcer l\u2019interface science-politique-soci\u00e9t\u00e9 ; et des mesures pour am\u00e9liorer la responsabilit\u00e9 des gouvernements et d\u2019autres parties prenantes.<\/p>\n\n\n\n<p>Plus t\u00f4t dans l\u2019ann\u00e9e, avant la r\u00e9union des ministres des Finances et des gouverneurs des banques centrales du G20 en f\u00e9vrier 2023, Guterres a lanc\u00e9 le <strong>Stimulus pour les ODD<\/strong>, identifiant trois domaines d\u2019action imm\u00e9diate : s\u2019attaquer au co\u00fbt \u00e9lev\u00e9 de la dette et aux risques croissants de d\u00e9tresse financi\u00e8re, notamment en convertissant les emprunts \u00e0 court terme \u00e0 taux d\u2019int\u00e9r\u00eat \u00e9lev\u00e9 en dettes \u00e0 long terme \u00e0 des taux d\u2019int\u00e9r\u00eat plus bas ; augmenter massivement le financement \u00e0 long terme abordable pour le d\u00e9veloppement, notamment par le biais des banques publiques de d\u00e9veloppement, y compris les banques de d\u00e9veloppement multilat\u00e9rales, et en alignant tous les flux de financement sur les ODD ; et \u00e9largir le financement de contingence aux pays ayant besoin d\u2019aide. Il a \u00e9galement appel\u00e9 <strong>\u00e0 ce qu\u2019au moins 500 milliards de dollars soient mis \u00e0 la disposition des pays en d\u00e9veloppement chaque ann\u00e9e<\/strong>, mettant en garde contre la \u00abgrande fracture financi\u00e8re\u00bb, qui rend le Sud global plus vuln\u00e9rable aux chocs.<\/p>\n\n\n\n<p>Au cours de la session 2023 du forum du Conseil \u00e9conomique et social sur le suivi du financement du d\u00e9veloppement, les pays se sont \u00e9galement engag\u00e9s \u00e0 \u00e9largir la protection sociale et \u00e0 am\u00e9liorer l\u2019acc\u00e8s au financement concessionnel et \u00e0 l\u2019all\u00e9gement de la dette pour les pays vuln\u00e9rables. En m\u00eame temps, le DESA des Nations Unies, le PNUD, l\u2019OCDE, l\u2019Union europ\u00e9enne, l\u2019Italie et la Su\u00e8de ont lanc\u00e9 le <a href=\"https:\/\/inff.org\/fr\/about\/inff-facility\" target=\"_blank\" rel=\"noreferrer noopener\">Fonds Int\u00e9gr\u00e9 de Cadre National de Financement<\/a> pour soutenir les pays dans l\u2019\u00e9laboration de nouvelles strat\u00e9gies nationales de financement pour atteindre les ODD.<\/p>\n\n\n\n<p><strong>L\u2019 Alliance mondiale des investisseurs pour le d\u00e9veloppement durable<\/strong>, un groupe de dirigeants des principales institutions financi\u00e8res et entreprises du monde entier, a \u00e9tendu son mandat jusqu\u2019en 2025. L\u2019Alliance vise \u00e0 proposer des solutions pour augmenter le financement priv\u00e9 \u00e0 long terme pour les infrastructures durables et propose des recommandations politiques pour mobiliser davantage de fonds pour le d\u00e9veloppement durable. Fin novembre 2023, l\u2019Alliance a lanc\u00e9 un appel \u00e0 l\u2019action aux chefs d\u2019\u00c9tat, aux d\u00e9cideurs politiques et aux responsables des banques de d\u00e9veloppement multilat\u00e9rales pour intensifier la mobilisation des capitaux priv\u00e9s et \u00abd\u00e9bloquer un flux sans pr\u00e9c\u00e9dent et urgent de capitaux priv\u00e9s pour aider \u00e0 acc\u00e9l\u00e9rer le d\u00e9veloppement et la d\u00e9carbonisation\u00bb des march\u00e9s \u00e9mergents et des pays en d\u00e9veloppement (MEPD) et du monde entier.<\/p>\n\n\n\n<p>De plus, le <strong>Forum sur l\u2019investissement des Objectifs de D\u00e9veloppement Durable<\/strong> a mis en relation des financiers priv\u00e9s avec des projets pr\u00eats \u00e0 l\u2019investissement dans les march\u00e9s \u00e9mergents. Depuis 2018, le Forum sur l\u2019Investissement a pr\u00e9sent\u00e9 plus de 11 milliards de dollars de projets provenant de 22 pays.<\/p>\n\n\n\n<p>D\u2019autres m\u00e9canismes incluent le <strong><a href=\"https:\/\/jointsdgfund.org\/\" target=\"_blank\" rel=\"noreferrer noopener\">Fonds Conjoint pour les Objectifs de D\u00e9veloppement Durable<\/a><\/strong>, qui a canalis\u00e9 plus de 260 millions de dollars vers 31 organisations des Nations Unies pour aider 119 \u00c9tats Membres \u00e0 r\u00e9pondre \u00e0 la crise du co\u00fbt de la vie, \u00e0 \u00e9tendre les prestations sociales \u00e0 plus de 175 millions de personnes et \u00e0 mobiliser plus de 2,3 milliards de dollars de financement suppl\u00e9mentaire. Le Fonds a \u00e9galement ouvert une nouvelle fen\u00eatre \u00abd\u2019urgence de d\u00e9veloppementt\u00bb pour aider \u00e0 faire face aux crises alimentaire, \u00e9nerg\u00e9tique et financi\u00e8re.<\/p>\n\n\n\n<p>Le <strong>Groupe des Directeurs de l\u2019ONU de la Coalition Local2030<\/strong> a \u00e9galement adopt\u00e9 un <a href=\"https:\/\/jointsdgfund.org\/sites\/default\/files\/2024-02\/JSDGF Localization Marker - FINAL%5B51%5D.pdf\" target=\"_blank\" rel=\"noreferrer noopener\">Marqueur de Localisation des ODD<\/a> au d\u00e9but de f\u00e9vrier 2024. Cette initiative reconna\u00eet la localisation des ODD comme une force motrice fondamentale et pivotale pour atteindre tous les ODD. Elle engage le Fonds \u00e0 promouvoir des initiatives cibl\u00e9es qui propulsent l\u2019avancement de la localisation des ODD. Elle vise \u00e0 soutenir les \u00e9quipes de pays des Nations Unies dans l\u2019application du Marqueur de Localisation \u00e0 la conception, \u00e0 la mise en \u0153uvre et \u00e0 la responsabilisation des programmes conjoints soutenus par le Fonds Conjoint pour les ODD.<\/p>\n\n\n\n<p>Conform\u00e9ment \u00e0 ces initiatives et \u00e0 l\u2019appel urgent \u00e0 la mobilisation des ressources, le <strong>Groupe de Travail sur le Financement du Climat du U20<\/strong> a publi\u00e9 une d\u00e9claration appelant \u00ables dirigeants nationaux, les institutions de financement du d\u00e9veloppement et le secteur priv\u00e9 \u00e0 travailler avec les villes pour acc\u00e9l\u00e9rer la disponibilit\u00e9 et l\u2019acc\u00e8s au financement du climat urbain.\u00bb La d\u00e9claration a \u00e9galement reconnu les efforts de la <strong>Commission Globale SDSN pour le Financement des ODD Urbains<\/strong>, cr\u00e9\u00e9e en juin 2023 par l\u2019Institut Penn pour la Recherche Urbaine (Penn IUR) en partenariat avec le R\u00e9seau des Solutions Durables des Nations Unies (SDSN). La Commission comprend six groupes de travail travaillant sur l\u2019analyse des obstacles au financement des ODD urbains, et un rapport final devrait \u00eatre publi\u00e9 au printemps 2024.<\/p>\n\n\n\n<p>En 2014, la <strong>CNUCED estimait qu\u2019entre 3,3 et 4,5 billions de dollars par an seraient n\u00e9cessaires pour atteindre les objectifs ambitieux \u00e9nonc\u00e9s dans l\u2019Agenda 2030<\/strong>. En avan\u00e7ant rapidement vers 2024, les projections indiquent un besoin d\u2019investissement encore plus important : un suppl\u00e9ment de 150 billions de dollars d\u2019ici 2050 pour faire progresser les technologies de transition \u00e9nerg\u00e9tique et les infrastructures.<\/p>\n\n\n\n<p>Pour mieux comprendre, un investissement annuel de 5,3 billions de dollars est jug\u00e9 n\u00e9cessaire uniquement pour transformer le secteur de l\u2019\u00e9nergie \u00e0 l\u2019\u00e9chelle mondiale. Cependant, malgr\u00e9 ces demandes pressantes, la promesse faite par les nations d\u00e9velopp\u00e9es de fournir 100 milliards de dollars de financement climatique chaque ann\u00e9e d\u2019ici 2020 n\u2019a pas \u00e9t\u00e9 respect\u00e9e, les financements atteignant seulement 89,6 milliards de dollars en 2021.<\/p>\n\n\n\n<p>Alors que nous sommes confront\u00e9s aux d\u00e9fis du changement climatique, la cr\u00e9ation du <strong>Fonds pour les Pertes et Dommages<\/strong>, convenu lors de la COP28 avec un engagement initial de 792 millions de dollars, devient de plus en plus cruciales en 2024.<\/p>\n\n\n\n<p><strong>Le Troisi\u00e8me Sommet du Sud<\/strong>, qui a eu lieu \u00e0 Kampala en janvier 2024 avec la participation des 135 membres du Groupe des 77 et de la Chine, a reconnu les efforts d\u00e9ploy\u00e9s lors de la COP28. Cependant, il a soulign\u00e9 la n\u00e9cessit\u00e9 de r\u00e9formes substantielles au sein de l\u2019architecture financi\u00e8re internationale. Ces r\u00e9formes, comme l\u2019a soulign\u00e9 le sommet, devraient se concentrer sur un meilleur alignement sur les besoins et les priorit\u00e9s des pays en d\u00e9veloppement, tout en traitant \u00e9galement la crise persistante de la dette. De plus, le sommet a appel\u00e9 \u00e0 cr\u00e9er l\u2019espace fiscal n\u00e9cessaire pour permettre la reprise \u00e9conomique et faciliter la r\u00e9alisation des Objectifs de D\u00e9veloppement Durable (ODD). Une action urgente est \u00e9galement demand\u00e9e pour augmenter les \u00e9changes de dette, en particulier ceux ax\u00e9s sur le climat et la pr\u00e9servation de l\u2019environnement. De plus, les pays d\u00e9velopp\u00e9s et les institutions financi\u00e8res internationales ont \u00e9t\u00e9 exhort\u00e9s \u00e0 prendre des mesures d\u00e9cisives pour mettre en \u0153uvre le Stimulus des ODD afin de soutenir davantage ces objectifs.<\/p>\n\n\n\n<p>En regardant vers l\u2019avenir, <strong>la Quatri\u00e8me Conf\u00e9rence Internationale sur le Financement du D\u00e9veloppement pr\u00e9vue pour 2025 rev\u00eat une immense importance<\/strong>. Survenant une d\u00e9cennie apr\u00e8s le Programme d\u2019action d\u2019Addis-Abeba et son cadre pour le financement du d\u00e9veloppement durable, cette conf\u00e9rence constitue une \u00e9tape cruciale. Elle repr\u00e9sente peut-\u00eatre la derni\u00e8re opportunit\u00e9 de catalyser une action v\u00e9ritable et acc\u00e9l\u00e9r\u00e9e en vue de r\u00e9aliser les objectifs ambitieux \u00e9nonc\u00e9s dans l\u2019Agenda 2030.<\/p>\n<\/div><\/div>\n\n\n\n<blockquote class=\"wp-block-quote w-100 has-light-green-cyan-color has-vivid-cyan-blue-background-color has-text-color has-background is-layout-flow wp-block-quote-is-layout-flow\">\n<p class=\"has-text-align-center mt-0\"><strong><em>Villes <\/em><\/strong><br><strong><em>Personnes <\/em><\/strong><br><strong><em>Multilat\u00e9ral<\/em><\/strong><br><strong><em>Syst\u00e8me Paix <\/em><\/strong><br><strong><em>Gouvernements <\/em><\/strong><br><strong><em>Agenda 2030 <\/em><\/strong><br><strong><em>Soins Plan\u00e8te <\/em><\/strong><br><strong><em>Solidarit\u00e9 <\/em><\/strong><br><em><strong>Droits Sociaux<\/strong><br><\/em><strong><em>\u00c9galit\u00e9 Nouveaux <\/em><\/strong><br><strong><em>Territoires <\/em><\/strong><br><strong><em>Durabilit\u00e9 <\/em><\/strong><br><strong><em>Municipal<\/em><\/strong><br><strong><em>Mouvement<\/em><\/strong><\/p>\n<\/blockquote>\n","protected":false},"excerpt":{"rendered":"<p>Le sauvetagedes ODDRescue Le Sommet sur les Objectifs de D\u00e9veloppement Durable (ODD) 2023 s\u2019est ouvert sur un message clair et fort du Secr\u00e9taire g\u00e9n\u00e9ral des Nations Unies, Ant\u00f3nio Guterres : \u201cseuls 15 % des objectifs sont en bonne voie, et beaucoup reculent. Au lieu de ne laisser personne de c\u00f4t\u00e9, nous risquons de laisser les [&hellip;]<\/p>\n","protected":false},"author":1,"featured_media":0,"parent":43,"menu_order":70,"comment_status":"closed","ping_status":"closed","template":"","meta":{"footnotes":""},"class_list":["post-67","page","type-page","status-publish","hentry"],"yoast_head":"<!-- This site is optimized with the Yoast SEO plugin v27.0 - https:\/\/yoast.com\/product\/yoast-seo-wordpress\/ -->\n<title>Le sauvetage des ODD - Municipal Forecast - Fran\u00e7ais<\/title>\n<meta name=\"robots\" content=\"index, follow, max-snippet:-1, max-image-preview:large, max-video-preview:-1\" \/>\n<link rel=\"canonical\" href=\"https:\/\/urbanjournalism.institute\/forecast-fr\/forecast-2024\/sdgs-rescue\/\" \/>\n<meta property=\"og:locale\" content=\"fr_FR\" \/>\n<meta property=\"og:type\" content=\"article\" \/>\n<meta property=\"og:title\" content=\"Le sauvetage des ODD - Municipal Forecast - Fran\u00e7ais\" \/>\n<meta property=\"og:description\" content=\"Le sauvetagedes ODDRescue Le Sommet sur les Objectifs de D\u00e9veloppement Durable (ODD) 2023 s\u2019est ouvert sur un message clair et fort du Secr\u00e9taire g\u00e9n\u00e9ral des Nations Unies, Ant\u00f3nio Guterres : \u201cseuls 15 % des objectifs sont en bonne voie, et beaucoup reculent. Au lieu de ne laisser personne de c\u00f4t\u00e9, nous risquons de laisser les [&hellip;]\" \/>\n<meta property=\"og:url\" content=\"https:\/\/urbanjournalism.institute\/forecast-fr\/forecast-2024\/sdgs-rescue\/\" \/>\n<meta property=\"og:site_name\" content=\"Municipal Forecast - Fran\u00e7ais\" \/>\n<meta property=\"article:modified_time\" content=\"2024-08-26T12:18:12+00:00\" \/>\n<meta name=\"twitter:card\" content=\"summary_large_image\" \/>\n<meta name=\"twitter:label1\" content=\"Dur\u00e9e de lecture estim\u00e9e\" \/>\n\t<meta name=\"twitter:data1\" content=\"8 minutes\" \/>\n<script type=\"application\/ld+json\" class=\"yoast-schema-graph\">{\"@context\":\"https:\/\/schema.org\",\"@graph\":[{\"@type\":\"WebPage\",\"@id\":\"https:\/\/urbanjournalism.institute\/forecast-fr\/forecast-2024\/sdgs-rescue\/\",\"url\":\"https:\/\/urbanjournalism.institute\/forecast-fr\/forecast-2024\/sdgs-rescue\/\",\"name\":\"Le sauvetage des ODD - Municipal Forecast - Fran\u00e7ais\",\"isPartOf\":{\"@id\":\"https:\/\/urbanjournalism.institute\/forecast-fr\/#website\"},\"datePublished\":\"2024-02-18T09:31:27+00:00\",\"dateModified\":\"2024-08-26T12:18:12+00:00\",\"breadcrumb\":{\"@id\":\"https:\/\/urbanjournalism.institute\/forecast-fr\/forecast-2024\/sdgs-rescue\/#breadcrumb\"},\"inLanguage\":\"fr-FR\",\"potentialAction\":[{\"@type\":\"ReadAction\",\"target\":[\"https:\/\/urbanjournalism.institute\/forecast-fr\/forecast-2024\/sdgs-rescue\/\"]}]},{\"@type\":\"BreadcrumbList\",\"@id\":\"https:\/\/urbanjournalism.institute\/forecast-fr\/forecast-2024\/sdgs-rescue\/#breadcrumb\",\"itemListElement\":[{\"@type\":\"ListItem\",\"position\":1,\"name\":\"Forecast 2024\",\"item\":\"https:\/\/urbanjournalism.institute\/forecast-fr\/\"},{\"@type\":\"ListItem\",\"position\":2,\"name\":\"Le sauvetage des ODD\"}]},{\"@type\":\"WebSite\",\"@id\":\"https:\/\/urbanjournalism.institute\/forecast-fr\/#website\",\"url\":\"https:\/\/urbanjournalism.institute\/forecast-fr\/\",\"name\":\"Municipal Forecast - Fran\u00e7ais\",\"description\":\"\",\"potentialAction\":[{\"@type\":\"SearchAction\",\"target\":{\"@type\":\"EntryPoint\",\"urlTemplate\":\"https:\/\/urbanjournalism.institute\/forecast-fr\/?s={search_term_string}\"},\"query-input\":{\"@type\":\"PropertyValueSpecification\",\"valueRequired\":true,\"valueName\":\"search_term_string\"}}],\"inLanguage\":\"fr-FR\"}]}<\/script>\n<!-- \/ Yoast SEO plugin. -->","yoast_head_json":{"title":"Le sauvetage des ODD - Municipal Forecast - Fran\u00e7ais","robots":{"index":"index","follow":"follow","max-snippet":"max-snippet:-1","max-image-preview":"max-image-preview:large","max-video-preview":"max-video-preview:-1"},"canonical":"https:\/\/urbanjournalism.institute\/forecast-fr\/forecast-2024\/sdgs-rescue\/","og_locale":"fr_FR","og_type":"article","og_title":"Le sauvetage des ODD - Municipal Forecast - Fran\u00e7ais","og_description":"Le sauvetagedes ODDRescue Le Sommet sur les Objectifs de D\u00e9veloppement Durable (ODD) 2023 s\u2019est ouvert sur un message clair et fort du Secr\u00e9taire g\u00e9n\u00e9ral des Nations Unies, Ant\u00f3nio Guterres : \u201cseuls 15 % des objectifs sont en bonne voie, et beaucoup reculent. Au lieu de ne laisser personne de c\u00f4t\u00e9, nous risquons de laisser les [&hellip;]","og_url":"https:\/\/urbanjournalism.institute\/forecast-fr\/forecast-2024\/sdgs-rescue\/","og_site_name":"Municipal Forecast - Fran\u00e7ais","article_modified_time":"2024-08-26T12:18:12+00:00","twitter_card":"summary_large_image","twitter_misc":{"Dur\u00e9e de lecture estim\u00e9e":"8 minutes"},"schema":{"@context":"https:\/\/schema.org","@graph":[{"@type":"WebPage","@id":"https:\/\/urbanjournalism.institute\/forecast-fr\/forecast-2024\/sdgs-rescue\/","url":"https:\/\/urbanjournalism.institute\/forecast-fr\/forecast-2024\/sdgs-rescue\/","name":"Le sauvetage des ODD - Municipal Forecast - Fran\u00e7ais","isPartOf":{"@id":"https:\/\/urbanjournalism.institute\/forecast-fr\/#website"},"datePublished":"2024-02-18T09:31:27+00:00","dateModified":"2024-08-26T12:18:12+00:00","breadcrumb":{"@id":"https:\/\/urbanjournalism.institute\/forecast-fr\/forecast-2024\/sdgs-rescue\/#breadcrumb"},"inLanguage":"fr-FR","potentialAction":[{"@type":"ReadAction","target":["https:\/\/urbanjournalism.institute\/forecast-fr\/forecast-2024\/sdgs-rescue\/"]}]},{"@type":"BreadcrumbList","@id":"https:\/\/urbanjournalism.institute\/forecast-fr\/forecast-2024\/sdgs-rescue\/#breadcrumb","itemListElement":[{"@type":"ListItem","position":1,"name":"Forecast 2024","item":"https:\/\/urbanjournalism.institute\/forecast-fr\/"},{"@type":"ListItem","position":2,"name":"Le sauvetage des ODD"}]},{"@type":"WebSite","@id":"https:\/\/urbanjournalism.institute\/forecast-fr\/#website","url":"https:\/\/urbanjournalism.institute\/forecast-fr\/","name":"Municipal Forecast - Fran\u00e7ais","description":"","potentialAction":[{"@type":"SearchAction","target":{"@type":"EntryPoint","urlTemplate":"https:\/\/urbanjournalism.institute\/forecast-fr\/?s={search_term_string}"},"query-input":{"@type":"PropertyValueSpecification","valueRequired":true,"valueName":"search_term_string"}}],"inLanguage":"fr-FR"}]}},"_links":{"self":[{"href":"https:\/\/urbanjournalism.institute\/forecast-fr\/wp-json\/wp\/v2\/pages\/67","targetHints":{"allow":["GET"]}}],"collection":[{"href":"https:\/\/urbanjournalism.institute\/forecast-fr\/wp-json\/wp\/v2\/pages"}],"about":[{"href":"https:\/\/urbanjournalism.institute\/forecast-fr\/wp-json\/wp\/v2\/types\/page"}],"author":[{"embeddable":true,"href":"https:\/\/urbanjournalism.institute\/forecast-fr\/wp-json\/wp\/v2\/users\/1"}],"replies":[{"embeddable":true,"href":"https:\/\/urbanjournalism.institute\/forecast-fr\/wp-json\/wp\/v2\/comments?post=67"}],"version-history":[{"count":6,"href":"https:\/\/urbanjournalism.institute\/forecast-fr\/wp-json\/wp\/v2\/pages\/67\/revisions"}],"predecessor-version":[{"id":190,"href":"https:\/\/urbanjournalism.institute\/forecast-fr\/wp-json\/wp\/v2\/pages\/67\/revisions\/190"}],"up":[{"embeddable":true,"href":"https:\/\/urbanjournalism.institute\/forecast-fr\/wp-json\/wp\/v2\/pages\/43"}],"wp:attachment":[{"href":"https:\/\/urbanjournalism.institute\/forecast-fr\/wp-json\/wp\/v2\/media?parent=67"}],"curies":[{"name":"wp","href":"https:\/\/api.w.org\/{rel}","templated":true}]}}